{"id":4284,"date":"2023-03-15T11:42:39","date_gmt":"2023-03-15T14:42:39","guid":{"rendered":"https:\/\/graficacroquis.com.ar\/?post_type=product&#038;p=4284"},"modified":"2025-01-07T17:50:37","modified_gmt":"2025-01-07T20:50:37","slug":"plotter-de-impresion","status":"publish","type":"product","link":"https:\/\/graficacroquis.com.ar\/en\/productos\/plotter-de-impresion\/","title":{"rendered":"Plotter de Impresi\u00f3n"},"content":{"rendered":"<div class=\"wpb-content-wrapper\"><div class=\"vc_row wpb_row vc_row-fluid\"><div class=\"wpb_column vc_column_container vc_col-sm-12 sc_layouts_column_icons_position_left\"><div class=\"vc_column-inner\"><div class=\"wpb_wrapper\"><div class=\"vc_empty_space  height_tiny\"   style=\"height: 50px\"><span class=\"vc_empty_space_inner\"><\/span><\/div><\/div><\/div><\/div><\/div><div class=\"vc_row wpb_row vc_row-fluid vc_row-o-content-middle vc_row-flex\"><div class=\"wpb_column vc_column_container vc_col-sm-4 sc_layouts_column_icons_position_left\"><div class=\"vc_column-inner\"><div class=\"wpb_wrapper\">\n\t<div  class=\"wpb_single_image wpb_content_element vc_align_center wpb_content_element\">\n\t\t\n\t\t<figure class=\"wpb_wrapper vc_figure\">\n\t\t\t<div class=\"vc_single_image-wrapper   vc_box_border_grey\"><img loading=\"lazy\" decoding=\"async\" width=\"1024\" height=\"1024\" src=\"https:\/\/graficacroquis.com.ar\/wp-content\/uploads\/2021\/04\/CROQUIS-PUBLICIDAD-BANNERS-02-1024x1024.jpg\" class=\"vc_single_image-img attachment-large\" alt=\"\" title=\"CROQUIS PUBLICIDAD BANNERS-02\" srcset=\"https:\/\/graficacroquis.com.ar\/wp-content\/uploads\/2021\/04\/CROQUIS-PUBLICIDAD-BANNERS-02-1024x1024.jpg 1024w, https:\/\/graficacroquis.com.ar\/wp-content\/uploads\/2021\/04\/CROQUIS-PUBLICIDAD-BANNERS-02-300x300.jpg 300w, https:\/\/graficacroquis.com.ar\/wp-content\/uploads\/2021\/04\/CROQUIS-PUBLICIDAD-BANNERS-02-150x150.jpg 150w, https:\/\/graficacroquis.com.ar\/wp-content\/uploads\/2021\/04\/CROQUIS-PUBLICIDAD-BANNERS-02-768x768.jpg 768w, https:\/\/graficacroquis.com.ar\/wp-content\/uploads\/2021\/04\/CROQUIS-PUBLICIDAD-BANNERS-02-1536x1536.jpg 1536w, https:\/\/graficacroquis.com.ar\/wp-content\/uploads\/2021\/04\/CROQUIS-PUBLICIDAD-BANNERS-02-12x12.jpg 12w, https:\/\/graficacroquis.com.ar\/wp-content\/uploads\/2021\/04\/CROQUIS-PUBLICIDAD-BANNERS-02-370x370.jpg 370w, https:\/\/graficacroquis.com.ar\/wp-content\/uploads\/2021\/04\/CROQUIS-PUBLICIDAD-BANNERS-02-90x90.jpg 90w, https:\/\/graficacroquis.com.ar\/wp-content\/uploads\/2021\/04\/CROQUIS-PUBLICIDAD-BANNERS-02-180x180.jpg 180w, https:\/\/graficacroquis.com.ar\/wp-content\/uploads\/2021\/04\/CROQUIS-PUBLICIDAD-BANNERS-02-760x760.jpg 760w, https:\/\/graficacroquis.com.ar\/wp-content\/uploads\/2021\/04\/CROQUIS-PUBLICIDAD-BANNERS-02-1520x1519.jpg 1520w, https:\/\/graficacroquis.com.ar\/wp-content\/uploads\/2021\/04\/CROQUIS-PUBLICIDAD-BANNERS-02-740x740.jpg 740w, https:\/\/graficacroquis.com.ar\/wp-content\/uploads\/2021\/04\/CROQUIS-PUBLICIDAD-BANNERS-02-600x600.jpg 600w, https:\/\/graficacroquis.com.ar\/wp-content\/uploads\/2021\/04\/CROQUIS-PUBLICIDAD-BANNERS-02-100x100.jpg 100w, https:\/\/graficacroquis.com.ar\/wp-content\/uploads\/2021\/04\/CROQUIS-PUBLICIDAD-BANNERS-02.jpg 1950w\" sizes=\"auto, (max-width: 1024px) 100vw, 1024px\" \/><\/div>\n\t\t<\/figure>\n\t<\/div>\n<\/div><\/div><\/div><div class=\"wpb_column vc_column_container vc_col-sm-4 sc_layouts_column_icons_position_left\"><div class=\"vc_column-inner\"><div class=\"wpb_wrapper\">\n\t<div  class=\"wpb_single_image wpb_content_element vc_align_center wpb_content_element\">\n\t\t\n\t\t<figure class=\"wpb_wrapper vc_figure\">\n\t\t\t<div class=\"vc_single_image-wrapper   vc_box_border_grey\"><img loading=\"lazy\" decoding=\"async\" width=\"1280\" height=\"1280\" src=\"https:\/\/graficacroquis.com.ar\/wp-content\/uploads\/2021\/04\/servicio-plotter-de-impresion-poster-fotografico-grafica-croquis.jpeg\" class=\"vc_single_image-img attachment-full\" alt=\"\" title=\"servicio-plotter-de-impresion-poster-fotografico-grafica-croquis\" srcset=\"https:\/\/graficacroquis.com.ar\/wp-content\/uploads\/2021\/04\/servicio-plotter-de-impresion-poster-fotografico-grafica-croquis.jpeg 1280w, https:\/\/graficacroquis.com.ar\/wp-content\/uploads\/2021\/04\/servicio-plotter-de-impresion-poster-fotografico-grafica-croquis-370x370.jpeg 370w, https:\/\/graficacroquis.com.ar\/wp-content\/uploads\/2021\/04\/servicio-plotter-de-impresion-poster-fotografico-grafica-croquis-100x100.jpeg 100w, https:\/\/graficacroquis.com.ar\/wp-content\/uploads\/2021\/04\/servicio-plotter-de-impresion-poster-fotografico-grafica-croquis-600x600.jpeg 600w, https:\/\/graficacroquis.com.ar\/wp-content\/uploads\/2021\/04\/servicio-plotter-de-impresion-poster-fotografico-grafica-croquis-300x300.jpeg 300w, https:\/\/graficacroquis.com.ar\/wp-content\/uploads\/2021\/04\/servicio-plotter-de-impresion-poster-fotografico-grafica-croquis-1024x1024.jpeg 1024w, https:\/\/graficacroquis.com.ar\/wp-content\/uploads\/2021\/04\/servicio-plotter-de-impresion-poster-fotografico-grafica-croquis-150x150.jpeg 150w, https:\/\/graficacroquis.com.ar\/wp-content\/uploads\/2021\/04\/servicio-plotter-de-impresion-poster-fotografico-grafica-croquis-768x768.jpeg 768w, https:\/\/graficacroquis.com.ar\/wp-content\/uploads\/2021\/04\/servicio-plotter-de-impresion-poster-fotografico-grafica-croquis-12x12.jpeg 12w, https:\/\/graficacroquis.com.ar\/wp-content\/uploads\/2021\/04\/servicio-plotter-de-impresion-poster-fotografico-grafica-croquis-90x90.jpeg 90w, https:\/\/graficacroquis.com.ar\/wp-content\/uploads\/2021\/04\/servicio-plotter-de-impresion-poster-fotografico-grafica-croquis-180x180.jpeg 180w, https:\/\/graficacroquis.com.ar\/wp-content\/uploads\/2021\/04\/servicio-plotter-de-impresion-poster-fotografico-grafica-croquis-760x760.jpeg 760w, https:\/\/graficacroquis.com.ar\/wp-content\/uploads\/2021\/04\/servicio-plotter-de-impresion-poster-fotografico-grafica-croquis-740x740.jpeg 740w\" sizes=\"auto, (max-width: 1280px) 100vw, 1280px\" \/><\/div>\n\t\t<\/figure>\n\t<\/div>\n<\/div><\/div><\/div><div class=\"wpb_column vc_column_container vc_col-sm-4 sc_layouts_column_icons_position_left\"><div class=\"vc_column-inner\"><div class=\"wpb_wrapper\">\n\t<div  class=\"wpb_single_image wpb_content_element vc_align_center wpb_content_element\">\n\t\t\n\t\t<figure class=\"wpb_wrapper vc_figure\">\n\t\t\t<div class=\"vc_single_image-wrapper   vc_box_border_grey\"><img loading=\"lazy\" decoding=\"async\" width=\"1280\" height=\"1280\" src=\"https:\/\/graficacroquis.com.ar\/wp-content\/uploads\/2021\/04\/servicio-plotter-de-impresion-banner-roll-up-grafica-croquis.jpeg\" class=\"vc_single_image-img attachment-full\" alt=\"\" title=\"servicio-plotter-de-impresion-banner-roll-up-grafica-croquis\" srcset=\"https:\/\/graficacroquis.com.ar\/wp-content\/uploads\/2021\/04\/servicio-plotter-de-impresion-banner-roll-up-grafica-croquis.jpeg 1280w, https:\/\/graficacroquis.com.ar\/wp-content\/uploads\/2021\/04\/servicio-plotter-de-impresion-banner-roll-up-grafica-croquis-370x370.jpeg 370w, https:\/\/graficacroquis.com.ar\/wp-content\/uploads\/2021\/04\/servicio-plotter-de-impresion-banner-roll-up-grafica-croquis-100x100.jpeg 100w, https:\/\/graficacroquis.com.ar\/wp-content\/uploads\/2021\/04\/servicio-plotter-de-impresion-banner-roll-up-grafica-croquis-600x600.jpeg 600w, https:\/\/graficacroquis.com.ar\/wp-content\/uploads\/2021\/04\/servicio-plotter-de-impresion-banner-roll-up-grafica-croquis-300x300.jpeg 300w, https:\/\/graficacroquis.com.ar\/wp-content\/uploads\/2021\/04\/servicio-plotter-de-impresion-banner-roll-up-grafica-croquis-1024x1024.jpeg 1024w, https:\/\/graficacroquis.com.ar\/wp-content\/uploads\/2021\/04\/servicio-plotter-de-impresion-banner-roll-up-grafica-croquis-150x150.jpeg 150w, https:\/\/graficacroquis.com.ar\/wp-content\/uploads\/2021\/04\/servicio-plotter-de-impresion-banner-roll-up-grafica-croquis-768x768.jpeg 768w, https:\/\/graficacroquis.com.ar\/wp-content\/uploads\/2021\/04\/servicio-plotter-de-impresion-banner-roll-up-grafica-croquis-12x12.jpeg 12w, https:\/\/graficacroquis.com.ar\/wp-content\/uploads\/2021\/04\/servicio-plotter-de-impresion-banner-roll-up-grafica-croquis-90x90.jpeg 90w, https:\/\/graficacroquis.com.ar\/wp-content\/uploads\/2021\/04\/servicio-plotter-de-impresion-banner-roll-up-grafica-croquis-180x180.jpeg 180w, https:\/\/graficacroquis.com.ar\/wp-content\/uploads\/2021\/04\/servicio-plotter-de-impresion-banner-roll-up-grafica-croquis-760x760.jpeg 760w, https:\/\/graficacroquis.com.ar\/wp-content\/uploads\/2021\/04\/servicio-plotter-de-impresion-banner-roll-up-grafica-croquis-740x740.jpeg 740w\" sizes=\"auto, (max-width: 1280px) 100vw, 1280px\" \/><\/div>\n\t\t<\/figure>\n\t<\/div>\n<\/div><\/div><\/div><\/div><div class=\"vc_row wpb_row vc_row-fluid\"><\/div><div class=\"wpb_column vc_column_container vc_col-sm-12 sc_layouts_column_icons_position_left\"><div class=\"vc_column-inner\"><div class=\"wpb_wrapper\"><\/div><\/div><\/div><div class=\"vc_empty_space  height_medium\"   style=\"height: 100px\"><span class=\"vc_empty_space_inner\"><\/span><\/div>\n\t<div class=\"wpb_text_column wpb_content_element\" >\n\t\t<div class=\"wpb_wrapper\">\n\t\t\t<div class=\"wpb_text_column wpb_content_element\">\n<div class=\"wpb_wrapper\">\n<h5>Trabajamos con plotter de impresi\u00f3n HP con tinta latex de excelente duraci\u00f3n al exterior y calidad de imagen superior.<\/h5>\n<\/div>\n<\/div>\n\n\t\t<\/div>\n\t<\/div>\n<div class=\"vc_empty_space  height_tiny\"   style=\"height: 50px\"><span class=\"vc_empty_space_inner\"><\/span><\/div><div class=\"vc_row wpb_row vc_inner vc_row-fluid\"><div class=\"wpb_column vc_column_container vc_col-sm-4 sc_layouts_column_icons_position_left\"><div class=\"vc_column-inner\"><div class=\"wpb_wrapper\"><div id=\"widget_video_631267647\" class=\"widget_area sc_widget_video vc_widget_video wpb_content_element\"><aside id=\"widget_video_631267647_widget\" class=\"widget widget_video\"><div id=\"sc_video_778367812\" class=\"trx_addons_video_player without_cover\"><div class=\"video_embed video_frame\"><div style=\"width: 640px;\" class=\"wp-video\"><video class=\"wp-video-shortcode\" id=\"video-4284-1\" width=\"640\" height=\"360\" preload=\"metadata\" controls=\"controls\"><source type=\"video\/mp4\" src=\"https:\/\/graficacroquis.com.ar\/wp-content\/uploads\/2023\/03\/video-plotter-1.mp4?_=1\" \/><a href=\"https:\/\/graficacroquis.com.ar\/wp-content\/uploads\/2023\/03\/video-plotter-1.mp4\">https:\/\/graficacroquis.com.ar\/wp-content\/uploads\/2023\/03\/video-plotter-1.mp4<\/a><\/video><\/div><\/div><\/div><\/aside><\/div><\/div><\/div><\/div><div class=\"wpb_column vc_column_container vc_col-sm-8 sc_layouts_column_icons_position_left\"><div class=\"vc_column-inner\"><div class=\"wpb_wrapper\"><div id=\"widget_video_540506066\" class=\"widget_area sc_widget_video vc_widget_video wpb_content_element\"><aside id=\"widget_video_540506066_widget\" class=\"widget widget_video\"><div id=\"sc_video_1731300694\" class=\"trx_addons_video_player without_cover\"><div class=\"video_embed video_frame\"><div style=\"width: 640px;\" class=\"wp-video\"><video class=\"wp-video-shortcode\" id=\"video-4284-2\" width=\"640\" height=\"360\" preload=\"metadata\" controls=\"controls\"><source type=\"video\/mp4\" src=\"https:\/\/graficacroquis.com.ar\/wp-content\/uploads\/2023\/03\/VIDEO-PLOTER-2.mp4?_=2\" \/><a href=\"https:\/\/graficacroquis.com.ar\/wp-content\/uploads\/2023\/03\/VIDEO-PLOTER-2.mp4\">https:\/\/graficacroquis.com.ar\/wp-content\/uploads\/2023\/03\/VIDEO-PLOTER-2.mp4<\/a><\/video><\/div><\/div><\/div><\/aside><\/div><\/div><\/div><\/div><\/div><div class=\"vc_empty_space  height_medium\"   style=\"height: 100px\"><span class=\"vc_empty_space_inner\"><\/span><\/div>\n<\/div>","protected":false},"excerpt":{"rendered":"<div id=\"sc_title_2033637703\" class=\"sc_title color_style_default sc_title_default\">\n<div class=\"sc_item_descr sc_title_descr sc_align_left\">\n<p>Impresi\u00f3n de lonas, banner roll up, papel fotogr\u00e1fico. Ideal para posters, afiches.<\/p>\n<\/div>\n<\/div>\n<div class=\"wpb_text_column wpb_content_element\">\n<div class=\"wpb_wrapper\">\n<p><strong>Cotiz\u00e1 tu servicio y te responderemos a la brevedad.<\/strong><\/p>\n<\/div>\n<\/div>","protected":false},"featured_media":4244,"comment_status":"closed","ping_status":"closed","template":"","meta":{"_joinchat":[]},"product_brand":[],"product_cat":[408],"product_tag":[412,227,411,422,420,423,413,409,410,421,208],"class_list":{"0":"post-4284","1":"product","2":"type-product","3":"status-publish","4":"has-post-thumbnail","6":"product_cat-plotter-de-impresion","7":"product_tag-banner-roll-up","8":"product_tag-beccar","9":"product_tag-impresion-de-lonas","10":"product_tag-impresion-gran-formato","11":"product_tag-impresion-plotter-precio","12":"product_tag-lonas","13":"product_tag-papel-fotografico","14":"product_tag-plotter","15":"product_tag-plotter-de-impresion","16":"product_tag-plotter-hp-latex","17":"product_tag-vinilos","19":"first","20":"instock","21":"shipping-taxable","22":"purchasable","23":"product-type-simple"},"yoast_head":"<!-- This site is optimized with the Yoast SEO plugin v27.1.1 - https:\/\/yoast.com\/product\/yoast-seo-wordpress\/ -->\n<title>Plotter de Impresi\u00f3n - Gr\u00e1fica Croquis<\/title>\n<meta name=\"description\" content=\"Plotter HP Latex para lonas, vinilos y m\u00e1s. \u00a1Consult\u00e1 por trabajos personalizados!\" \/>\n<meta name=\"robots\" content=\"index, follow, max-snippet:-1, max-image-preview:large, max-video-preview:-1\" \/>\n<link rel=\"canonical\" href=\"https:\/\/graficacroquis.com.ar\/en\/productos\/plotter-de-impresion\/\" \/>\n<meta property=\"og:locale\" content=\"en_US\" \/>\n<meta property=\"og:type\" content=\"article\" \/>\n<meta property=\"og:title\" content=\"Plotter de Impresi\u00f3n - Gr\u00e1fica Croquis\" \/>\n<meta property=\"og:description\" content=\"Plotter HP Latex para lonas, vinilos y m\u00e1s. \u00a1Consult\u00e1 por trabajos personalizados!\" \/>\n<meta property=\"og:url\" content=\"https:\/\/graficacroquis.com.ar\/en\/productos\/plotter-de-impresion\/\" \/>\n<meta property=\"og:site_name\" content=\"Gr\u00e1fica Croquis\" \/>\n<meta property=\"article:publisher\" content=\"https:\/\/www.facebook.com\/pages\/category\/Printing-Service\/Grfica-Croquis-651710454881013\/\" \/>\n<meta property=\"article:modified_time\" content=\"2025-01-07T20:50:37+00:00\" \/>\n<meta property=\"og:image\" content=\"https:\/\/graficacroquis.com.ar\/wp-content\/uploads\/2021\/04\/grandformat.jpg\" \/>\n\t<meta property=\"og:image:width\" content=\"2001\" \/>\n\t<meta property=\"og:image:height\" content=\"2001\" \/>\n\t<meta property=\"og:image:type\" content=\"image\/jpeg\" \/>\n<meta name=\"twitter:card\" content=\"summary_large_image\" \/>\n<meta name=\"twitter:site\" content=\"@GCroquis\" \/>\n<meta name=\"twitter:label1\" content=\"Est. reading time\" \/>\n\t<meta name=\"twitter:data1\" content=\"1 minute\" \/>\n<script type=\"application\/ld+json\" class=\"yoast-schema-graph\">{\"@context\":\"https:\/\/schema.org\",\"@graph\":[{\"@type\":\"WebPage\",\"@id\":\"https:\/\/graficacroquis.com.ar\/productos\/plotter-de-impresion\/\",\"url\":\"https:\/\/graficacroquis.com.ar\/productos\/plotter-de-impresion\/\",\"name\":\"Plotter de Impresi\u00f3n - Gr\u00e1fica Croquis\",\"isPartOf\":{\"@id\":\"https:\/\/graficacroquis.com.ar\/#website\"},\"primaryImageOfPage\":{\"@id\":\"https:\/\/graficacroquis.com.ar\/productos\/plotter-de-impresion\/#primaryimage\"},\"image\":{\"@id\":\"https:\/\/graficacroquis.com.ar\/productos\/plotter-de-impresion\/#primaryimage\"},\"thumbnailUrl\":\"https:\/\/graficacroquis.com.ar\/wp-content\/uploads\/2021\/04\/grandformat.jpg\",\"datePublished\":\"2023-03-15T14:42:39+00:00\",\"dateModified\":\"2025-01-07T20:50:37+00:00\",\"description\":\"Plotter HP Latex para lonas, vinilos y m\u00e1s. \u00a1Consult\u00e1 por trabajos personalizados!\",\"breadcrumb\":{\"@id\":\"https:\/\/graficacroquis.com.ar\/productos\/plotter-de-impresion\/#breadcrumb\"},\"inLanguage\":\"en-US\",\"potentialAction\":[{\"@type\":\"ReadAction\",\"target\":[\"https:\/\/graficacroquis.com.ar\/productos\/plotter-de-impresion\/\"]}]},{\"@type\":\"ImageObject\",\"inLanguage\":\"en-US\",\"@id\":\"https:\/\/graficacroquis.com.ar\/productos\/plotter-de-impresion\/#primaryimage\",\"url\":\"https:\/\/graficacroquis.com.ar\/wp-content\/uploads\/2021\/04\/grandformat.jpg\",\"contentUrl\":\"https:\/\/graficacroquis.com.ar\/wp-content\/uploads\/2021\/04\/grandformat.jpg\",\"width\":2001,\"height\":2001},{\"@type\":\"BreadcrumbList\",\"@id\":\"https:\/\/graficacroquis.com.ar\/productos\/plotter-de-impresion\/#breadcrumb\",\"itemListElement\":[{\"@type\":\"ListItem\",\"position\":1,\"name\":\"Home\",\"item\":\"https:\/\/graficacroquis.com.ar\/\"},{\"@type\":\"ListItem\",\"position\":2,\"name\":\"Tienda\",\"item\":\"https:\/\/graficacroquis.com.ar\/tienda\/\"},{\"@type\":\"ListItem\",\"position\":3,\"name\":\"Plotter de Impresi\u00f3n\"}]},{\"@type\":\"WebSite\",\"@id\":\"https:\/\/graficacroquis.com.ar\/#website\",\"url\":\"https:\/\/graficacroquis.com.ar\/\",\"name\":\"Gr\u00e1fica Croquis\",\"description\":\"Imprenta offset, fotocopias, facturas, talonarios, anillados, encuadernacion, full color. Beccar, Buenos Aires.\",\"publisher\":{\"@id\":\"https:\/\/graficacroquis.com.ar\/#organization\"},\"potentialAction\":[{\"@type\":\"SearchAction\",\"target\":{\"@type\":\"EntryPoint\",\"urlTemplate\":\"https:\/\/graficacroquis.com.ar\/?s={search_term_string}\"},\"query-input\":{\"@type\":\"PropertyValueSpecification\",\"valueRequired\":true,\"valueName\":\"search_term_string\"}}],\"inLanguage\":\"en-US\"},{\"@type\":\"Organization\",\"@id\":\"https:\/\/graficacroquis.com.ar\/#organization\",\"name\":\"Gr\u00e1fica Croquis\",\"url\":\"https:\/\/graficacroquis.com.ar\/\",\"logo\":{\"@type\":\"ImageObject\",\"inLanguage\":\"en-US\",\"@id\":\"https:\/\/graficacroquis.com.ar\/#\/schema\/logo\/image\/\",\"url\":\"https:\/\/graficacroquis.com.ar\/wp-content\/uploads\/2020\/01\/cropped-grafica-croquis-logo-inicio.png\",\"contentUrl\":\"https:\/\/graficacroquis.com.ar\/wp-content\/uploads\/2020\/01\/cropped-grafica-croquis-logo-inicio.png\",\"width\":330,\"height\":156,\"caption\":\"Gr\u00e1fica Croquis\"},\"image\":{\"@id\":\"https:\/\/graficacroquis.com.ar\/#\/schema\/logo\/image\/\"},\"sameAs\":[\"https:\/\/www.facebook.com\/pages\/category\/Printing-Service\/Grfica-Croquis-651710454881013\/\",\"https:\/\/x.com\/GCroquis\",\"https:\/\/instagram.com\/graficacroquis?igshid=1mr4bte5w5mxi\"]}]}<\/script>\n<!-- \/ Yoast SEO plugin. -->","yoast_head_json":{"title":"Plotter de Impresi\u00f3n - Gr\u00e1fica Croquis","description":"Plotter HP Latex para lonas, vinilos y m\u00e1s. \u00a1Consult\u00e1 por trabajos personalizados!","robots":{"index":"index","follow":"follow","max-snippet":"max-snippet:-1","max-image-preview":"max-image-preview:large","max-video-preview":"max-video-preview:-1"},"canonical":"https:\/\/graficacroquis.com.ar\/en\/productos\/plotter-de-impresion\/","og_locale":"en_US","og_type":"article","og_title":"Plotter de Impresi\u00f3n - Gr\u00e1fica Croquis","og_description":"Plotter HP Latex para lonas, vinilos y m\u00e1s. \u00a1Consult\u00e1 por trabajos personalizados!","og_url":"https:\/\/graficacroquis.com.ar\/en\/productos\/plotter-de-impresion\/","og_site_name":"Gr\u00e1fica Croquis","article_publisher":"https:\/\/www.facebook.com\/pages\/category\/Printing-Service\/Grfica-Croquis-651710454881013\/","article_modified_time":"2025-01-07T20:50:37+00:00","og_image":[{"width":2001,"height":2001,"url":"https:\/\/graficacroquis.com.ar\/wp-content\/uploads\/2021\/04\/grandformat.jpg","type":"image\/jpeg"}],"twitter_card":"summary_large_image","twitter_site":"@GCroquis","twitter_misc":{"Est. reading time":"1 minute"},"schema":{"@context":"https:\/\/schema.org","@graph":[{"@type":"WebPage","@id":"https:\/\/graficacroquis.com.ar\/productos\/plotter-de-impresion\/","url":"https:\/\/graficacroquis.com.ar\/productos\/plotter-de-impresion\/","name":"Plotter de Impresi\u00f3n - Gr\u00e1fica Croquis","isPartOf":{"@id":"https:\/\/graficacroquis.com.ar\/#website"},"primaryImageOfPage":{"@id":"https:\/\/graficacroquis.com.ar\/productos\/plotter-de-impresion\/#primaryimage"},"image":{"@id":"https:\/\/graficacroquis.com.ar\/productos\/plotter-de-impresion\/#primaryimage"},"thumbnailUrl":"https:\/\/graficacroquis.com.ar\/wp-content\/uploads\/2021\/04\/grandformat.jpg","datePublished":"2023-03-15T14:42:39+00:00","dateModified":"2025-01-07T20:50:37+00:00","description":"Plotter HP Latex para lonas, vinilos y m\u00e1s. \u00a1Consult\u00e1 por trabajos personalizados!","breadcrumb":{"@id":"https:\/\/graficacroquis.com.ar\/productos\/plotter-de-impresion\/#breadcrumb"},"inLanguage":"en-US","potentialAction":[{"@type":"ReadAction","target":["https:\/\/graficacroquis.com.ar\/productos\/plotter-de-impresion\/"]}]},{"@type":"ImageObject","inLanguage":"en-US","@id":"https:\/\/graficacroquis.com.ar\/productos\/plotter-de-impresion\/#primaryimage","url":"https:\/\/graficacroquis.com.ar\/wp-content\/uploads\/2021\/04\/grandformat.jpg","contentUrl":"https:\/\/graficacroquis.com.ar\/wp-content\/uploads\/2021\/04\/grandformat.jpg","width":2001,"height":2001},{"@type":"BreadcrumbList","@id":"https:\/\/graficacroquis.com.ar\/productos\/plotter-de-impresion\/#breadcrumb","itemListElement":[{"@type":"ListItem","position":1,"name":"Home","item":"https:\/\/graficacroquis.com.ar\/"},{"@type":"ListItem","position":2,"name":"Tienda","item":"https:\/\/graficacroquis.com.ar\/tienda\/"},{"@type":"ListItem","position":3,"name":"Plotter de Impresi\u00f3n"}]},{"@type":"WebSite","@id":"https:\/\/graficacroquis.com.ar\/#website","url":"https:\/\/graficacroquis.com.ar\/","name":"Gr\u00e1fica Croquis","description":"Imprenta offset, fotocopias, facturas, talonarios, anillados, encuadernacion, full color. Beccar, Buenos Aires.","publisher":{"@id":"https:\/\/graficacroquis.com.ar\/#organization"},"potentialAction":[{"@type":"SearchAction","target":{"@type":"EntryPoint","urlTemplate":"https:\/\/graficacroquis.com.ar\/?s={search_term_string}"},"query-input":{"@type":"PropertyValueSpecification","valueRequired":true,"valueName":"search_term_string"}}],"inLanguage":"en-US"},{"@type":"Organization","@id":"https:\/\/graficacroquis.com.ar\/#organization","name":"Gr\u00e1fica Croquis","url":"https:\/\/graficacroquis.com.ar\/","logo":{"@type":"ImageObject","inLanguage":"en-US","@id":"https:\/\/graficacroquis.com.ar\/#\/schema\/logo\/image\/","url":"https:\/\/graficacroquis.com.ar\/wp-content\/uploads\/2020\/01\/cropped-grafica-croquis-logo-inicio.png","contentUrl":"https:\/\/graficacroquis.com.ar\/wp-content\/uploads\/2020\/01\/cropped-grafica-croquis-logo-inicio.png","width":330,"height":156,"caption":"Gr\u00e1fica Croquis"},"image":{"@id":"https:\/\/graficacroquis.com.ar\/#\/schema\/logo\/image\/"},"sameAs":["https:\/\/www.facebook.com\/pages\/category\/Printing-Service\/Grfica-Croquis-651710454881013\/","https:\/\/x.com\/GCroquis","https:\/\/instagram.com\/graficacroquis?igshid=1mr4bte5w5mxi"]}]}},"_links":{"self":[{"href":"https:\/\/graficacroquis.com.ar\/en\/wp-json\/wp\/v2\/product\/4284","targetHints":{"allow":["GET"]}}],"collection":[{"href":"https:\/\/graficacroquis.com.ar\/en\/wp-json\/wp\/v2\/product"}],"about":[{"href":"https:\/\/graficacroquis.com.ar\/en\/wp-json\/wp\/v2\/types\/product"}],"replies":[{"embeddable":true,"href":"https:\/\/graficacroquis.com.ar\/en\/wp-json\/wp\/v2\/comments?post=4284"}],"wp:featuredmedia":[{"embeddable":true,"href":"https:\/\/graficacroquis.com.ar\/en\/wp-json\/wp\/v2\/media\/4244"}],"wp:attachment":[{"href":"https:\/\/graficacroquis.com.ar\/en\/wp-json\/wp\/v2\/media?parent=4284"}],"wp:term":[{"taxonomy":"product_brand","embeddable":true,"href":"https:\/\/graficacroquis.com.ar\/en\/wp-json\/wp\/v2\/product_brand?post=4284"},{"taxonomy":"product_cat","embeddable":true,"href":"https:\/\/graficacroquis.com.ar\/en\/wp-json\/wp\/v2\/product_cat?post=4284"},{"taxonomy":"product_tag","embeddable":true,"href":"https:\/\/graficacroquis.com.ar\/en\/wp-json\/wp\/v2\/product_tag?post=4284"}],"curies":[{"name":"wp","href":"https:\/\/api.w.org\/{rel}","templated":true}]}}