{"id":3587,"date":"2020-04-12T18:12:21","date_gmt":"2020-04-12T21:12:21","guid":{"rendered":"https:\/\/graficacroquis.com.ar\/?post_type=product&#038;p=3587"},"modified":"2025-12-02T23:58:56","modified_gmt":"2025-12-03T02:58:56","slug":"estampitas-bautismo-o-comunion","status":"publish","type":"product","link":"https:\/\/graficacroquis.com.ar\/en\/productos\/estampitas-bautismo-o-comunion\/","title":{"rendered":"Estampitas"},"content":{"rendered":"<h4>ESTAMPITAS BAUTISMO O COMUNI\u00d3N<\/h4>\n<h4><strong>TARJETAS PARA BAUTISMO O COMUNI\u00d3N<\/strong><\/h4>\n<p>Impresi\u00f3n de tarjetas \/ estampitas, se realizan en tama\u00f1o 7 x 10, 7 x 13 y 10 x 15 .<\/p>\n<p>Son de papel Ilustraci\u00f3n brillante o mate 300 grs.<\/p>\n<p>Impresi\u00f3n full color, simple faz.<\/p>\n<p>Podes elegir a) Opci\u00f3n sin dise\u00f1o: entre nuestros 15 modelos (<a href=\"https:\/\/graficacroquis.com.ar\/en\/portfolio\/\">ver link<\/a>) sin costo adicional o b)\u00a0 Opci\u00f3n con dise\u00f1o y realizamos un dise\u00f1o a medida.<\/p>\n<p>Consultar por otras cantidades y dise\u00f1os.<\/p>\n<p>&nbsp;<\/p>\n<p>Dise\u00f1amos tarjetas de bautismo con acabados personalizados para celebrar momentos especiales. Ofrecemos calidad y rapidez en cada trabajo. \u00a1Solicit\u00e1 tu cotizaci\u00f3n!<\/p>","protected":false},"excerpt":{"rendered":"<p>Tarjetas 7 x 10, 7 x 13 y 10 x 15. Papel Ilustraci\u00f3n brillante o mate 300 grs. Impresi\u00f3n full color, simple faz. Podes elegir a) Opci\u00f3n sin dise\u00f1o: entre nuestros 15 modelos (<a href=\"https:\/\/graficacroquis.com.ar\/en\/portfolio\/\">ver link<\/a>) sin costo adicional o b)\u00a0 Opci\u00f3n con dise\u00f1o y realizamos un dise\u00f1o a medida.<\/p>\n<p>Seleccion\u00e1 debajo la terminaci\u00f3n de tu producto, dale agregar al carrito y \u00a1listo!<\/p>\n<p><img loading=\"lazy\" decoding=\"async\" title=\"Mercado Pago - Medios de pago\" src=\"https:\/\/imgmp.mlstatic.com\/org-img\/banners\/ar\/medios\/online\/468X60.jpg\" alt=\"Mercado Pago - Medios de pago\" width=\"468\" height=\"60\" \/><\/p>\n<p><img decoding=\"async\" title=\"Moto - Medios de envio\" src=\"https:\/\/graficacroquis.com.ar\/wp-content\/uploads\/2020\/04\/envio-a-domicilio.png\" alt=\"Mensajeria Express - Medios de envio\" width=\"56.25\" height=\"43.875\" \/>\u00a0 \u00a0 <img decoding=\"async\" title=\"Linea - separador\" src=\"https:\/\/graficacroquis.com.ar\/wp-content\/uploads\/2020\/04\/barra-vertical.png\" alt=\"Linea - separador\" width=\"20\" height=\"37.6\" \/> <img decoding=\"async\" title=\"Retiro Local - Medios de envio\" src=\"https:\/\/graficacroquis.com.ar\/wp-content\/uploads\/2020\/04\/recogida-local.png\" alt=\"Retiro Local - Medios de envio\" width=\"75\" height=\"58.5\" \/> Juan B. Justo 46, B1643 B\u00e9ccar, Buenos Aires<\/p>","protected":false},"featured_media":4547,"comment_status":"open","ping_status":"closed","template":"","meta":{"_joinchat":{"message_text":"\u00bfNecesitas un dise\u00f1o personalizado en tus estampitas? \u00a1Consultanos!"}},"product_brand":[],"product_cat":[365,149],"product_tag":[376,377,381,384,383,382,378,87,193,358,374,375,385,386,429,355,428,379,380,354,194],"class_list":{"0":"post-3587","1":"product","2":"type-product","3":"status-publish","4":"has-post-thumbnail","6":"product_cat-tarjetas-de-bautismo","7":"product_cat-tarjetas-de-comunion","8":"product_tag-bautismo","9":"product_tag-comunion","10":"product_tag-estampitas","11":"product_tag-estampitas-bautismo","12":"product_tag-estampitas-comunion","13":"product_tag-estampitas-papel-ilustracion","14":"product_tag-iglesia","15":"product_tag-promo","16":"product_tag-tarjetas","17":"product_tag-tarjetas-10-x-15","18":"product_tag-tarjetas-7-x-10","19":"product_tag-tarjetas-7-x-13","20":"product_tag-tarjetas-bautismo-10-x-15","21":"product_tag-tarjetas-comunion-10-x-15","22":"product_tag-tarjetas-comunion-precio","23":"product_tag-tarjetas-de-15","24":"product_tag-tarjetas-de-bautismo-precio","25":"product_tag-tarjetas-para-bautismo","26":"product_tag-tarjetas-para-comunion","27":"product_tag-tarjetas-para-festejo","28":"product_tag-tarjetas-personales","30":"first","31":"instock","32":"sold-individually","33":"shipping-taxable","34":"purchasable","35":"product-type-variable","36":"has-default-attributes"},"yoast_head":"<!-- This site is optimized with the Yoast SEO plugin v27.1.1 - https:\/\/yoast.com\/product\/yoast-seo-wordpress\/ -->\n<title>Estampitas - Gr\u00e1fica Croquis<\/title>\n<meta name=\"description\" content=\"Tarjetas de bautismo \u00fanicas. \u00a1Consult\u00e1 por dise\u00f1os especiales!\" \/>\n<meta name=\"robots\" content=\"index, follow, max-snippet:-1, max-image-preview:large, max-video-preview:-1\" \/>\n<link rel=\"canonical\" href=\"https:\/\/graficacroquis.com.ar\/en\/productos\/estampitas-bautismo-o-comunion\/\" \/>\n<meta property=\"og:locale\" content=\"en_US\" \/>\n<meta property=\"og:type\" content=\"article\" \/>\n<meta property=\"og:title\" content=\"Estampitas - Gr\u00e1fica Croquis\" \/>\n<meta property=\"og:description\" content=\"Tarjetas de bautismo \u00fanicas. \u00a1Consult\u00e1 por dise\u00f1os especiales!\" \/>\n<meta property=\"og:url\" content=\"https:\/\/graficacroquis.com.ar\/en\/productos\/estampitas-bautismo-o-comunion\/\" \/>\n<meta property=\"og:site_name\" content=\"Gr\u00e1fica Croquis\" \/>\n<meta property=\"article:publisher\" content=\"https:\/\/www.facebook.com\/pages\/category\/Printing-Service\/Grfica-Croquis-651710454881013\/\" \/>\n<meta property=\"article:modified_time\" content=\"2025-12-03T02:58:56+00:00\" \/>\n<meta property=\"og:image\" content=\"https:\/\/graficacroquis.com.ar\/wp-content\/uploads\/2020\/04\/estampitas-bautismo-grafica-croquis-2.webp\" \/>\n\t<meta property=\"og:image:width\" content=\"2000\" \/>\n\t<meta property=\"og:image:height\" content=\"2000\" \/>\n\t<meta property=\"og:image:type\" content=\"image\/webp\" \/>\n<meta name=\"twitter:card\" content=\"summary_large_image\" \/>\n<meta name=\"twitter:site\" content=\"@GCroquis\" \/>\n<meta name=\"twitter:label1\" content=\"Est. reading time\" \/>\n\t<meta name=\"twitter:data1\" content=\"1 minute\" \/>\n<script type=\"application\/ld+json\" class=\"yoast-schema-graph\">{\"@context\":\"https:\/\/schema.org\",\"@graph\":[{\"@type\":\"WebPage\",\"@id\":\"https:\/\/graficacroquis.com.ar\/productos\/estampitas-bautismo-o-comunion\/\",\"url\":\"https:\/\/graficacroquis.com.ar\/productos\/estampitas-bautismo-o-comunion\/\",\"name\":\"Estampitas - Gr\u00e1fica Croquis\",\"isPartOf\":{\"@id\":\"https:\/\/graficacroquis.com.ar\/#website\"},\"primaryImageOfPage\":{\"@id\":\"https:\/\/graficacroquis.com.ar\/productos\/estampitas-bautismo-o-comunion\/#primaryimage\"},\"image\":{\"@id\":\"https:\/\/graficacroquis.com.ar\/productos\/estampitas-bautismo-o-comunion\/#primaryimage\"},\"thumbnailUrl\":\"https:\/\/graficacroquis.com.ar\/wp-content\/uploads\/2020\/04\/estampitas-bautismo-grafica-croquis-2.webp\",\"datePublished\":\"2020-04-12T21:12:21+00:00\",\"dateModified\":\"2025-12-03T02:58:56+00:00\",\"description\":\"Tarjetas de bautismo \u00fanicas. \u00a1Consult\u00e1 por dise\u00f1os especiales!\",\"breadcrumb\":{\"@id\":\"https:\/\/graficacroquis.com.ar\/productos\/estampitas-bautismo-o-comunion\/#breadcrumb\"},\"inLanguage\":\"en-US\",\"potentialAction\":[{\"@type\":\"ReadAction\",\"target\":[\"https:\/\/graficacroquis.com.ar\/productos\/estampitas-bautismo-o-comunion\/\"]}]},{\"@type\":\"ImageObject\",\"inLanguage\":\"en-US\",\"@id\":\"https:\/\/graficacroquis.com.ar\/productos\/estampitas-bautismo-o-comunion\/#primaryimage\",\"url\":\"https:\/\/graficacroquis.com.ar\/wp-content\/uploads\/2020\/04\/estampitas-bautismo-grafica-croquis-2.webp\",\"contentUrl\":\"https:\/\/graficacroquis.com.ar\/wp-content\/uploads\/2020\/04\/estampitas-bautismo-grafica-croquis-2.webp\",\"width\":2000,\"height\":2000},{\"@type\":\"BreadcrumbList\",\"@id\":\"https:\/\/graficacroquis.com.ar\/productos\/estampitas-bautismo-o-comunion\/#breadcrumb\",\"itemListElement\":[{\"@type\":\"ListItem\",\"position\":1,\"name\":\"Home\",\"item\":\"https:\/\/graficacroquis.com.ar\/\"},{\"@type\":\"ListItem\",\"position\":2,\"name\":\"Tienda\",\"item\":\"https:\/\/graficacroquis.com.ar\/tienda\/\"},{\"@type\":\"ListItem\",\"position\":3,\"name\":\"Estampitas\"}]},{\"@type\":\"WebSite\",\"@id\":\"https:\/\/graficacroquis.com.ar\/#website\",\"url\":\"https:\/\/graficacroquis.com.ar\/\",\"name\":\"Gr\u00e1fica Croquis\",\"description\":\"Imprenta offset, fotocopias, facturas, talonarios, anillados, encuadernacion, full color. Beccar, Buenos Aires.\",\"publisher\":{\"@id\":\"https:\/\/graficacroquis.com.ar\/#organization\"},\"potentialAction\":[{\"@type\":\"SearchAction\",\"target\":{\"@type\":\"EntryPoint\",\"urlTemplate\":\"https:\/\/graficacroquis.com.ar\/?s={search_term_string}\"},\"query-input\":{\"@type\":\"PropertyValueSpecification\",\"valueRequired\":true,\"valueName\":\"search_term_string\"}}],\"inLanguage\":\"en-US\"},{\"@type\":\"Organization\",\"@id\":\"https:\/\/graficacroquis.com.ar\/#organization\",\"name\":\"Gr\u00e1fica Croquis\",\"url\":\"https:\/\/graficacroquis.com.ar\/\",\"logo\":{\"@type\":\"ImageObject\",\"inLanguage\":\"en-US\",\"@id\":\"https:\/\/graficacroquis.com.ar\/#\/schema\/logo\/image\/\",\"url\":\"https:\/\/graficacroquis.com.ar\/wp-content\/uploads\/2020\/01\/cropped-grafica-croquis-logo-inicio.png\",\"contentUrl\":\"https:\/\/graficacroquis.com.ar\/wp-content\/uploads\/2020\/01\/cropped-grafica-croquis-logo-inicio.png\",\"width\":330,\"height\":156,\"caption\":\"Gr\u00e1fica Croquis\"},\"image\":{\"@id\":\"https:\/\/graficacroquis.com.ar\/#\/schema\/logo\/image\/\"},\"sameAs\":[\"https:\/\/www.facebook.com\/pages\/category\/Printing-Service\/Grfica-Croquis-651710454881013\/\",\"https:\/\/x.com\/GCroquis\",\"https:\/\/instagram.com\/graficacroquis?igshid=1mr4bte5w5mxi\"]}]}<\/script>\n<!-- \/ Yoast SEO plugin. -->","yoast_head_json":{"title":"Estampitas - Gr\u00e1fica Croquis","description":"Tarjetas de bautismo \u00fanicas. \u00a1Consult\u00e1 por dise\u00f1os especiales!","robots":{"index":"index","follow":"follow","max-snippet":"max-snippet:-1","max-image-preview":"max-image-preview:large","max-video-preview":"max-video-preview:-1"},"canonical":"https:\/\/graficacroquis.com.ar\/en\/productos\/estampitas-bautismo-o-comunion\/","og_locale":"en_US","og_type":"article","og_title":"Estampitas - Gr\u00e1fica Croquis","og_description":"Tarjetas de bautismo \u00fanicas. \u00a1Consult\u00e1 por dise\u00f1os especiales!","og_url":"https:\/\/graficacroquis.com.ar\/en\/productos\/estampitas-bautismo-o-comunion\/","og_site_name":"Gr\u00e1fica Croquis","article_publisher":"https:\/\/www.facebook.com\/pages\/category\/Printing-Service\/Grfica-Croquis-651710454881013\/","article_modified_time":"2025-12-03T02:58:56+00:00","og_image":[{"width":2000,"height":2000,"url":"https:\/\/graficacroquis.com.ar\/wp-content\/uploads\/2020\/04\/estampitas-bautismo-grafica-croquis-2.webp","type":"image\/webp"}],"twitter_card":"summary_large_image","twitter_site":"@GCroquis","twitter_misc":{"Est. reading time":"1 minute"},"schema":{"@context":"https:\/\/schema.org","@graph":[{"@type":"WebPage","@id":"https:\/\/graficacroquis.com.ar\/productos\/estampitas-bautismo-o-comunion\/","url":"https:\/\/graficacroquis.com.ar\/productos\/estampitas-bautismo-o-comunion\/","name":"Estampitas - Gr\u00e1fica Croquis","isPartOf":{"@id":"https:\/\/graficacroquis.com.ar\/#website"},"primaryImageOfPage":{"@id":"https:\/\/graficacroquis.com.ar\/productos\/estampitas-bautismo-o-comunion\/#primaryimage"},"image":{"@id":"https:\/\/graficacroquis.com.ar\/productos\/estampitas-bautismo-o-comunion\/#primaryimage"},"thumbnailUrl":"https:\/\/graficacroquis.com.ar\/wp-content\/uploads\/2020\/04\/estampitas-bautismo-grafica-croquis-2.webp","datePublished":"2020-04-12T21:12:21+00:00","dateModified":"2025-12-03T02:58:56+00:00","description":"Tarjetas de bautismo \u00fanicas. \u00a1Consult\u00e1 por dise\u00f1os especiales!","breadcrumb":{"@id":"https:\/\/graficacroquis.com.ar\/productos\/estampitas-bautismo-o-comunion\/#breadcrumb"},"inLanguage":"en-US","potentialAction":[{"@type":"ReadAction","target":["https:\/\/graficacroquis.com.ar\/productos\/estampitas-bautismo-o-comunion\/"]}]},{"@type":"ImageObject","inLanguage":"en-US","@id":"https:\/\/graficacroquis.com.ar\/productos\/estampitas-bautismo-o-comunion\/#primaryimage","url":"https:\/\/graficacroquis.com.ar\/wp-content\/uploads\/2020\/04\/estampitas-bautismo-grafica-croquis-2.webp","contentUrl":"https:\/\/graficacroquis.com.ar\/wp-content\/uploads\/2020\/04\/estampitas-bautismo-grafica-croquis-2.webp","width":2000,"height":2000},{"@type":"BreadcrumbList","@id":"https:\/\/graficacroquis.com.ar\/productos\/estampitas-bautismo-o-comunion\/#breadcrumb","itemListElement":[{"@type":"ListItem","position":1,"name":"Home","item":"https:\/\/graficacroquis.com.ar\/"},{"@type":"ListItem","position":2,"name":"Tienda","item":"https:\/\/graficacroquis.com.ar\/tienda\/"},{"@type":"ListItem","position":3,"name":"Estampitas"}]},{"@type":"WebSite","@id":"https:\/\/graficacroquis.com.ar\/#website","url":"https:\/\/graficacroquis.com.ar\/","name":"Gr\u00e1fica Croquis","description":"Imprenta offset, fotocopias, facturas, talonarios, anillados, encuadernacion, full color. Beccar, Buenos Aires.","publisher":{"@id":"https:\/\/graficacroquis.com.ar\/#organization"},"potentialAction":[{"@type":"SearchAction","target":{"@type":"EntryPoint","urlTemplate":"https:\/\/graficacroquis.com.ar\/?s={search_term_string}"},"query-input":{"@type":"PropertyValueSpecification","valueRequired":true,"valueName":"search_term_string"}}],"inLanguage":"en-US"},{"@type":"Organization","@id":"https:\/\/graficacroquis.com.ar\/#organization","name":"Gr\u00e1fica Croquis","url":"https:\/\/graficacroquis.com.ar\/","logo":{"@type":"ImageObject","inLanguage":"en-US","@id":"https:\/\/graficacroquis.com.ar\/#\/schema\/logo\/image\/","url":"https:\/\/graficacroquis.com.ar\/wp-content\/uploads\/2020\/01\/cropped-grafica-croquis-logo-inicio.png","contentUrl":"https:\/\/graficacroquis.com.ar\/wp-content\/uploads\/2020\/01\/cropped-grafica-croquis-logo-inicio.png","width":330,"height":156,"caption":"Gr\u00e1fica Croquis"},"image":{"@id":"https:\/\/graficacroquis.com.ar\/#\/schema\/logo\/image\/"},"sameAs":["https:\/\/www.facebook.com\/pages\/category\/Printing-Service\/Grfica-Croquis-651710454881013\/","https:\/\/x.com\/GCroquis","https:\/\/instagram.com\/graficacroquis?igshid=1mr4bte5w5mxi"]}]}},"_links":{"self":[{"href":"https:\/\/graficacroquis.com.ar\/en\/wp-json\/wp\/v2\/product\/3587","targetHints":{"allow":["GET"]}}],"collection":[{"href":"https:\/\/graficacroquis.com.ar\/en\/wp-json\/wp\/v2\/product"}],"about":[{"href":"https:\/\/graficacroquis.com.ar\/en\/wp-json\/wp\/v2\/types\/product"}],"replies":[{"embeddable":true,"href":"https:\/\/graficacroquis.com.ar\/en\/wp-json\/wp\/v2\/comments?post=3587"}],"wp:featuredmedia":[{"embeddable":true,"href":"https:\/\/graficacroquis.com.ar\/en\/wp-json\/wp\/v2\/media\/4547"}],"wp:attachment":[{"href":"https:\/\/graficacroquis.com.ar\/en\/wp-json\/wp\/v2\/media?parent=3587"}],"wp:term":[{"taxonomy":"product_brand","embeddable":true,"href":"https:\/\/graficacroquis.com.ar\/en\/wp-json\/wp\/v2\/product_brand?post=3587"},{"taxonomy":"product_cat","embeddable":true,"href":"https:\/\/graficacroquis.com.ar\/en\/wp-json\/wp\/v2\/product_cat?post=3587"},{"taxonomy":"product_tag","embeddable":true,"href":"https:\/\/graficacroquis.com.ar\/en\/wp-json\/wp\/v2\/product_tag?post=3587"}],"curies":[{"name":"wp","href":"https:\/\/api.w.org\/{rel}","templated":true}]}}