{"id":3133,"date":"2020-03-26T22:22:00","date_gmt":"2020-03-27T01:22:00","guid":{"rendered":"https:\/\/graficacroquis.com.ar\/?post_type=product&#038;p=3133"},"modified":"2025-12-02T23:58:19","modified_gmt":"2025-12-03T02:58:19","slug":"autoadhesivos-stickers","status":"publish","type":"product","link":"https:\/\/graficacroquis.com.ar\/en\/productos\/autoadhesivos-stickers\/","title":{"rendered":"Autoadhesivos"},"content":{"rendered":"<h4 class=\"h2\">AUTOADHESIVOS STICKERS<\/h4>\n<p>Los stickers autoadhesivos se entregan con corte recto y\/o circular.<\/p>\n<p>Son de papel autoadhesivo ilustraci\u00f3n, full color.<\/p>\n<p>Impresi\u00f3n simple faz, tama\u00f1os 6&#215;6 | 5X9,5 | 10&#215;10.<\/p>\n<p>Consultar por otras medidas, formas y tama\u00f1os o un dise\u00f1o personalizado.<\/p>\n<p>&nbsp;<\/p>\n<p>En Artes Gr\u00e1ficas Croquis creamos autoadhesivos personalizados ideales para cualquier necesidad. Somos especialistas en stickers con dise\u00f1os \u00fanicos. \u00a1Contactanos para m\u00e1s informaci\u00f3n!<\/p>","protected":false},"excerpt":{"rendered":"<p>Autoadhesivos stickers tama\u00f1os, full color, simple faz en papel autoadhesivo ilustraci\u00f3n. Los stickers autoadhesivos se entregan con corte recto (6&#215;6 | 5X9,5 | 10&#215;10 ) y\/o circular (de 3 a 8 cm).<\/p>\n<p><strong><span style=\"color: #ff0000;\">Consultar por otras medidas, dise\u00f1os y formas.<\/span><\/strong><\/p>\n<p>Seleccion\u00e1 debajo la terminaci\u00f3n de tu producto, dale agregar al carrito y \u00a1listo!<\/p>\n<p><img loading=\"lazy\" decoding=\"async\" title=\"Mercado Pago - Medios de pago\" src=\"https:\/\/imgmp.mlstatic.com\/org-img\/banners\/ar\/medios\/online\/468X60.jpg\" alt=\"Mercado Pago - Medios de pago\" width=\"468\" height=\"60\" \/><\/p>\n<p><img decoding=\"async\" title=\"Moto - Medios de envio\" src=\"https:\/\/graficacroquis.com.ar\/wp-content\/uploads\/2020\/04\/envio-a-domicilio.png\" alt=\"Mensajeria Express - Medios de envio\" width=\"56.25\" height=\"43.875\" \/>\u00a0 \u00a0 <img decoding=\"async\" title=\"Linea - separador\" src=\"https:\/\/graficacroquis.com.ar\/wp-content\/uploads\/2020\/04\/barra-vertical.png\" alt=\"Linea - separador\" width=\"20\" height=\"37.6\" \/> <img decoding=\"async\" title=\"Retiro Local - Medios de envio\" src=\"https:\/\/graficacroquis.com.ar\/wp-content\/uploads\/2020\/04\/recogida-local.png\" alt=\"Retiro Local - Medios de envio\" width=\"75\" height=\"58.5\" \/> Juan B. Justo 46, B1643 B\u00e9ccar, Buenos Aires<\/p>","protected":false},"featured_media":4233,"comment_status":"open","ping_status":"closed","template":"","meta":{"_joinchat":{"message_text":"\u00bfNecesit\u00e1s otra medida, forma, tama\u00f1o, o un dise\u00f1o personalizado para tus stickers autoadhesivos? \u00a1Consultanos!","view":"yes"}},"product_brand":[],"product_cat":[159],"product_tag":[299,298,416,306,311,310,265,309,308,100,225,191,230,231,232,102,301,228,286,103,224,297,305,303,302,313,300,307,312],"class_list":{"0":"post-3133","1":"product","2":"type-product","3":"status-publish","4":"has-post-thumbnail","6":"product_cat-autoadhesivos","7":"product_tag-autoadherente","8":"product_tag-autoadhesivos","9":"product_tag-autoadhesivos-precio","10":"product_tag-autoadhesivos-varios-tamanos","11":"product_tag-calcomanias","12":"product_tag-calcos","13":"product_tag-consultas","14":"product_tag-etiquetas","15":"product_tag-etiquetas-autoadhesivas","16":"product_tag-folletos","17":"product_tag-grafica","18":"product_tag-identidad-corporativa","19":"product_tag-imprenta-beccar","20":"product_tag-imprenta-san-isidro","21":"product_tag-imprenta-zona-norte","22":"product_tag-impresion","23":"product_tag-impresion-de-autoadhesivos","24":"product_tag-impresiones","25":"product_tag-oficio-ingles","26":"product_tag-promociones","27":"product_tag-servicios-graficos","28":"product_tag-stickers","29":"product_tag-stickers-10-x-10","30":"product_tag-stickers-5-x-9","31":"product_tag-stickers-6x6","32":"product_tag-stickers-corte-recto","33":"product_tag-stickers-impresos","34":"product_tag-stickers-papel-ilustracion-autoadhesivo","35":"product_tag-stickers-rectos","37":"first","38":"instock","39":"sold-individually","40":"shipping-taxable","41":"purchasable","42":"product-type-variable","43":"has-default-attributes"},"yoast_head":"<!-- This site is optimized with the Yoast SEO plugin v27.1.1 - https:\/\/yoast.com\/product\/yoast-seo-wordpress\/ -->\n<title>Autoadhesivos - Gr\u00e1fica Croquis<\/title>\n<meta name=\"description\" content=\"Autoadhesivos personalizados en Beccar. \u00a1Consult\u00e1 por dise\u00f1os \u00fanicos!\" \/>\n<meta name=\"robots\" content=\"index, follow, max-snippet:-1, max-image-preview:large, max-video-preview:-1\" \/>\n<link rel=\"canonical\" href=\"https:\/\/graficacroquis.com.ar\/en\/productos\/autoadhesivos-stickers\/\" \/>\n<meta property=\"og:locale\" content=\"en_US\" \/>\n<meta property=\"og:type\" content=\"article\" \/>\n<meta property=\"og:title\" content=\"Autoadhesivos - Gr\u00e1fica Croquis\" \/>\n<meta property=\"og:description\" content=\"Autoadhesivos personalizados en Beccar. \u00a1Consult\u00e1 por dise\u00f1os \u00fanicos!\" \/>\n<meta property=\"og:url\" content=\"https:\/\/graficacroquis.com.ar\/en\/productos\/autoadhesivos-stickers\/\" \/>\n<meta property=\"og:site_name\" content=\"Gr\u00e1fica Croquis\" \/>\n<meta property=\"article:publisher\" content=\"https:\/\/www.facebook.com\/pages\/category\/Printing-Service\/Grfica-Croquis-651710454881013\/\" \/>\n<meta property=\"article:modified_time\" content=\"2025-12-03T02:58:19+00:00\" \/>\n<meta property=\"og:image\" content=\"https:\/\/graficacroquis.com.ar\/wp-content\/uploads\/2020\/03\/stickers-troquelados-en-papel-autoadhesivo-scaled.jpg\" \/>\n\t<meta property=\"og:image:width\" content=\"2560\" \/>\n\t<meta property=\"og:image:height\" content=\"2560\" \/>\n\t<meta property=\"og:image:type\" content=\"image\/jpeg\" \/>\n<meta name=\"twitter:card\" content=\"summary_large_image\" \/>\n<meta name=\"twitter:site\" content=\"@GCroquis\" \/>\n<meta name=\"twitter:label1\" content=\"Est. reading time\" \/>\n\t<meta name=\"twitter:data1\" content=\"1 minute\" \/>\n<script type=\"application\/ld+json\" class=\"yoast-schema-graph\">{\"@context\":\"https:\/\/schema.org\",\"@graph\":[{\"@type\":\"WebPage\",\"@id\":\"https:\/\/graficacroquis.com.ar\/productos\/autoadhesivos-stickers\/\",\"url\":\"https:\/\/graficacroquis.com.ar\/productos\/autoadhesivos-stickers\/\",\"name\":\"Autoadhesivos - Gr\u00e1fica Croquis\",\"isPartOf\":{\"@id\":\"https:\/\/graficacroquis.com.ar\/#website\"},\"primaryImageOfPage\":{\"@id\":\"https:\/\/graficacroquis.com.ar\/productos\/autoadhesivos-stickers\/#primaryimage\"},\"image\":{\"@id\":\"https:\/\/graficacroquis.com.ar\/productos\/autoadhesivos-stickers\/#primaryimage\"},\"thumbnailUrl\":\"https:\/\/graficacroquis.com.ar\/wp-content\/uploads\/2020\/03\/stickers-troquelados-en-papel-autoadhesivo-scaled.jpg\",\"datePublished\":\"2020-03-27T01:22:00+00:00\",\"dateModified\":\"2025-12-03T02:58:19+00:00\",\"description\":\"Autoadhesivos personalizados en Beccar. \u00a1Consult\u00e1 por dise\u00f1os \u00fanicos!\",\"breadcrumb\":{\"@id\":\"https:\/\/graficacroquis.com.ar\/productos\/autoadhesivos-stickers\/#breadcrumb\"},\"inLanguage\":\"en-US\",\"potentialAction\":[{\"@type\":\"ReadAction\",\"target\":[\"https:\/\/graficacroquis.com.ar\/productos\/autoadhesivos-stickers\/\"]}]},{\"@type\":\"ImageObject\",\"inLanguage\":\"en-US\",\"@id\":\"https:\/\/graficacroquis.com.ar\/productos\/autoadhesivos-stickers\/#primaryimage\",\"url\":\"https:\/\/graficacroquis.com.ar\/wp-content\/uploads\/2020\/03\/stickers-troquelados-en-papel-autoadhesivo-scaled.jpg\",\"contentUrl\":\"https:\/\/graficacroquis.com.ar\/wp-content\/uploads\/2020\/03\/stickers-troquelados-en-papel-autoadhesivo-scaled.jpg\",\"width\":2560,\"height\":2560},{\"@type\":\"BreadcrumbList\",\"@id\":\"https:\/\/graficacroquis.com.ar\/productos\/autoadhesivos-stickers\/#breadcrumb\",\"itemListElement\":[{\"@type\":\"ListItem\",\"position\":1,\"name\":\"Home\",\"item\":\"https:\/\/graficacroquis.com.ar\/\"},{\"@type\":\"ListItem\",\"position\":2,\"name\":\"Tienda\",\"item\":\"https:\/\/graficacroquis.com.ar\/tienda\/\"},{\"@type\":\"ListItem\",\"position\":3,\"name\":\"Autoadhesivos\"}]},{\"@type\":\"WebSite\",\"@id\":\"https:\/\/graficacroquis.com.ar\/#website\",\"url\":\"https:\/\/graficacroquis.com.ar\/\",\"name\":\"Gr\u00e1fica Croquis\",\"description\":\"Imprenta offset, fotocopias, facturas, talonarios, anillados, encuadernacion, full color. Beccar, Buenos Aires.\",\"publisher\":{\"@id\":\"https:\/\/graficacroquis.com.ar\/#organization\"},\"potentialAction\":[{\"@type\":\"SearchAction\",\"target\":{\"@type\":\"EntryPoint\",\"urlTemplate\":\"https:\/\/graficacroquis.com.ar\/?s={search_term_string}\"},\"query-input\":{\"@type\":\"PropertyValueSpecification\",\"valueRequired\":true,\"valueName\":\"search_term_string\"}}],\"inLanguage\":\"en-US\"},{\"@type\":\"Organization\",\"@id\":\"https:\/\/graficacroquis.com.ar\/#organization\",\"name\":\"Gr\u00e1fica Croquis\",\"url\":\"https:\/\/graficacroquis.com.ar\/\",\"logo\":{\"@type\":\"ImageObject\",\"inLanguage\":\"en-US\",\"@id\":\"https:\/\/graficacroquis.com.ar\/#\/schema\/logo\/image\/\",\"url\":\"https:\/\/graficacroquis.com.ar\/wp-content\/uploads\/2020\/01\/cropped-grafica-croquis-logo-inicio.png\",\"contentUrl\":\"https:\/\/graficacroquis.com.ar\/wp-content\/uploads\/2020\/01\/cropped-grafica-croquis-logo-inicio.png\",\"width\":330,\"height\":156,\"caption\":\"Gr\u00e1fica Croquis\"},\"image\":{\"@id\":\"https:\/\/graficacroquis.com.ar\/#\/schema\/logo\/image\/\"},\"sameAs\":[\"https:\/\/www.facebook.com\/pages\/category\/Printing-Service\/Grfica-Croquis-651710454881013\/\",\"https:\/\/x.com\/GCroquis\",\"https:\/\/instagram.com\/graficacroquis?igshid=1mr4bte5w5mxi\"]}]}<\/script>\n<!-- \/ Yoast SEO plugin. -->","yoast_head_json":{"title":"Autoadhesivos - Gr\u00e1fica Croquis","description":"Autoadhesivos personalizados en Beccar. \u00a1Consult\u00e1 por dise\u00f1os \u00fanicos!","robots":{"index":"index","follow":"follow","max-snippet":"max-snippet:-1","max-image-preview":"max-image-preview:large","max-video-preview":"max-video-preview:-1"},"canonical":"https:\/\/graficacroquis.com.ar\/en\/productos\/autoadhesivos-stickers\/","og_locale":"en_US","og_type":"article","og_title":"Autoadhesivos - Gr\u00e1fica Croquis","og_description":"Autoadhesivos personalizados en Beccar. \u00a1Consult\u00e1 por dise\u00f1os \u00fanicos!","og_url":"https:\/\/graficacroquis.com.ar\/en\/productos\/autoadhesivos-stickers\/","og_site_name":"Gr\u00e1fica Croquis","article_publisher":"https:\/\/www.facebook.com\/pages\/category\/Printing-Service\/Grfica-Croquis-651710454881013\/","article_modified_time":"2025-12-03T02:58:19+00:00","og_image":[{"width":2560,"height":2560,"url":"https:\/\/graficacroquis.com.ar\/wp-content\/uploads\/2020\/03\/stickers-troquelados-en-papel-autoadhesivo-scaled.jpg","type":"image\/jpeg"}],"twitter_card":"summary_large_image","twitter_site":"@GCroquis","twitter_misc":{"Est. reading time":"1 minute"},"schema":{"@context":"https:\/\/schema.org","@graph":[{"@type":"WebPage","@id":"https:\/\/graficacroquis.com.ar\/productos\/autoadhesivos-stickers\/","url":"https:\/\/graficacroquis.com.ar\/productos\/autoadhesivos-stickers\/","name":"Autoadhesivos - Gr\u00e1fica Croquis","isPartOf":{"@id":"https:\/\/graficacroquis.com.ar\/#website"},"primaryImageOfPage":{"@id":"https:\/\/graficacroquis.com.ar\/productos\/autoadhesivos-stickers\/#primaryimage"},"image":{"@id":"https:\/\/graficacroquis.com.ar\/productos\/autoadhesivos-stickers\/#primaryimage"},"thumbnailUrl":"https:\/\/graficacroquis.com.ar\/wp-content\/uploads\/2020\/03\/stickers-troquelados-en-papel-autoadhesivo-scaled.jpg","datePublished":"2020-03-27T01:22:00+00:00","dateModified":"2025-12-03T02:58:19+00:00","description":"Autoadhesivos personalizados en Beccar. \u00a1Consult\u00e1 por dise\u00f1os \u00fanicos!","breadcrumb":{"@id":"https:\/\/graficacroquis.com.ar\/productos\/autoadhesivos-stickers\/#breadcrumb"},"inLanguage":"en-US","potentialAction":[{"@type":"ReadAction","target":["https:\/\/graficacroquis.com.ar\/productos\/autoadhesivos-stickers\/"]}]},{"@type":"ImageObject","inLanguage":"en-US","@id":"https:\/\/graficacroquis.com.ar\/productos\/autoadhesivos-stickers\/#primaryimage","url":"https:\/\/graficacroquis.com.ar\/wp-content\/uploads\/2020\/03\/stickers-troquelados-en-papel-autoadhesivo-scaled.jpg","contentUrl":"https:\/\/graficacroquis.com.ar\/wp-content\/uploads\/2020\/03\/stickers-troquelados-en-papel-autoadhesivo-scaled.jpg","width":2560,"height":2560},{"@type":"BreadcrumbList","@id":"https:\/\/graficacroquis.com.ar\/productos\/autoadhesivos-stickers\/#breadcrumb","itemListElement":[{"@type":"ListItem","position":1,"name":"Home","item":"https:\/\/graficacroquis.com.ar\/"},{"@type":"ListItem","position":2,"name":"Tienda","item":"https:\/\/graficacroquis.com.ar\/tienda\/"},{"@type":"ListItem","position":3,"name":"Autoadhesivos"}]},{"@type":"WebSite","@id":"https:\/\/graficacroquis.com.ar\/#website","url":"https:\/\/graficacroquis.com.ar\/","name":"Gr\u00e1fica Croquis","description":"Imprenta offset, fotocopias, facturas, talonarios, anillados, encuadernacion, full color. Beccar, Buenos Aires.","publisher":{"@id":"https:\/\/graficacroquis.com.ar\/#organization"},"potentialAction":[{"@type":"SearchAction","target":{"@type":"EntryPoint","urlTemplate":"https:\/\/graficacroquis.com.ar\/?s={search_term_string}"},"query-input":{"@type":"PropertyValueSpecification","valueRequired":true,"valueName":"search_term_string"}}],"inLanguage":"en-US"},{"@type":"Organization","@id":"https:\/\/graficacroquis.com.ar\/#organization","name":"Gr\u00e1fica Croquis","url":"https:\/\/graficacroquis.com.ar\/","logo":{"@type":"ImageObject","inLanguage":"en-US","@id":"https:\/\/graficacroquis.com.ar\/#\/schema\/logo\/image\/","url":"https:\/\/graficacroquis.com.ar\/wp-content\/uploads\/2020\/01\/cropped-grafica-croquis-logo-inicio.png","contentUrl":"https:\/\/graficacroquis.com.ar\/wp-content\/uploads\/2020\/01\/cropped-grafica-croquis-logo-inicio.png","width":330,"height":156,"caption":"Gr\u00e1fica Croquis"},"image":{"@id":"https:\/\/graficacroquis.com.ar\/#\/schema\/logo\/image\/"},"sameAs":["https:\/\/www.facebook.com\/pages\/category\/Printing-Service\/Grfica-Croquis-651710454881013\/","https:\/\/x.com\/GCroquis","https:\/\/instagram.com\/graficacroquis?igshid=1mr4bte5w5mxi"]}]}},"_links":{"self":[{"href":"https:\/\/graficacroquis.com.ar\/en\/wp-json\/wp\/v2\/product\/3133","targetHints":{"allow":["GET"]}}],"collection":[{"href":"https:\/\/graficacroquis.com.ar\/en\/wp-json\/wp\/v2\/product"}],"about":[{"href":"https:\/\/graficacroquis.com.ar\/en\/wp-json\/wp\/v2\/types\/product"}],"replies":[{"embeddable":true,"href":"https:\/\/graficacroquis.com.ar\/en\/wp-json\/wp\/v2\/comments?post=3133"}],"wp:featuredmedia":[{"embeddable":true,"href":"https:\/\/graficacroquis.com.ar\/en\/wp-json\/wp\/v2\/media\/4233"}],"wp:attachment":[{"href":"https:\/\/graficacroquis.com.ar\/en\/wp-json\/wp\/v2\/media?parent=3133"}],"wp:term":[{"taxonomy":"product_brand","embeddable":true,"href":"https:\/\/graficacroquis.com.ar\/en\/wp-json\/wp\/v2\/product_brand?post=3133"},{"taxonomy":"product_cat","embeddable":true,"href":"https:\/\/graficacroquis.com.ar\/en\/wp-json\/wp\/v2\/product_cat?post=3133"},{"taxonomy":"product_tag","embeddable":true,"href":"https:\/\/graficacroquis.com.ar\/en\/wp-json\/wp\/v2\/product_tag?post=3133"}],"curies":[{"name":"wp","href":"https:\/\/api.w.org\/{rel}","templated":true}]}}