{"id":2817,"date":"2020-03-25T23:08:56","date_gmt":"2020-03-26T02:08:56","guid":{"rendered":"https:\/\/graficacroquis.com.ar\/?post_type=product&#038;p=2817"},"modified":"2026-01-31T06:38:11","modified_gmt":"2026-01-31T09:38:11","slug":"sobres","status":"publish","type":"product","link":"https:\/\/graficacroquis.com.ar\/en\/productos\/sobres\/","title":{"rendered":"Sobres"},"content":{"rendered":"<h4 class=\"h2\">SOBRES<\/h4>\n<p>Los sobres en cantidad se hacen solo a un color en sistema offset. En poca cantidad pueden ser a full color en sistema digital.<\/p>\n<p>Son de papel obra de 90 grs., pudiendo ser de un color o full color (hasta 300).<\/p>\n<p>Impresi\u00f3n simple faz, tama\u00f1os carta comercial y oficio ingl\u00e9s..<\/p>\n<p>Consultar por dise\u00f1os de sobres.<\/p>\n<p>&nbsp;<\/p>\n<p>Dise\u00f1amos e imprimimos sobres personalizados que reflejan la identidad de tu empresa o evento. Ofrecemos acabados profesionales para destacar tus comunicaciones. \u00a1Contactanos!<\/p>","protected":false},"excerpt":{"rendered":"<p>Sobres tama\u00f1os carta comercial, oficio ingl\u00e9s, 1 color o full color (hasta 300), simple faz en papel obra 90 grs.<\/p>\n<p><strong><span style=\"color: #ff0000;\">Consultar por dise\u00f1os a medida.<\/span><\/strong><\/p>\n<p>Seleccion\u00e1 debajo la terminaci\u00f3n de tu producto, dale agregar al carrito y \u00a1listo!<\/p>\n<p><img loading=\"lazy\" decoding=\"async\" title=\"Mercado Pago - Medios de pago\" src=\"https:\/\/imgmp.mlstatic.com\/org-img\/banners\/ar\/medios\/online\/468X60.jpg\" alt=\"Mercado Pago - Medios de pago\" width=\"468\" height=\"60\" \/><\/p>\n<p><img decoding=\"async\" title=\"Moto - Medios de envio\" src=\"https:\/\/graficacroquis.com.ar\/wp-content\/uploads\/2020\/04\/envio-a-domicilio.png\" alt=\"Mensajeria Express - Medios de envio\" width=\"56.25\" height=\"43.875\" \/>\u00a0 \u00a0 <img decoding=\"async\" title=\"Linea - separador\" src=\"https:\/\/graficacroquis.com.ar\/wp-content\/uploads\/2020\/04\/barra-vertical.png\" alt=\"Linea - separador\" width=\"20\" height=\"37.6\" \/> <img decoding=\"async\" title=\"Retiro Local - Medios de envio\" src=\"https:\/\/graficacroquis.com.ar\/wp-content\/uploads\/2020\/04\/recogida-local.png\" alt=\"Retiro Local - Medios de envio\" width=\"75\" height=\"58.5\" \/> Juan B. Justo 46, B1643 B\u00e9ccar, Buenos Aires<\/p>","protected":false},"featured_media":3734,"comment_status":"open","ping_status":"closed","template":"","meta":{"_joinchat":{"message_text":"\u00bfNecesit\u00e1s un dise\u00f1o personalizado para tus sobres a color? \u00a1Consultanos!","view":"yes"}},"product_brand":[],"product_cat":[158],"product_tag":[285,265,100,225,188,191,230,231,232,102,425,228,251,288,286,179,103,263,224,280,287,281,284,282,283,264,249],"class_list":{"0":"post-2817","1":"product","2":"type-product","3":"status-publish","4":"has-post-thumbnail","6":"product_cat-sobres","7":"product_tag-carta-comercial","8":"product_tag-consultas","9":"product_tag-folletos","10":"product_tag-grafica","11":"product_tag-hojas-para-empresa","12":"product_tag-identidad-corporativa","13":"product_tag-imprenta-beccar","14":"product_tag-imprenta-san-isidro","15":"product_tag-imprenta-zona-norte","16":"product_tag-impresion","17":"product_tag-impresion-sobres-precio","18":"product_tag-impresiones","19":"product_tag-numerado","20":"product_tag-obra-y-manila","21":"product_tag-oficio-ingles","22":"product_tag-postales","23":"product_tag-promociones","24":"product_tag-recetario","25":"product_tag-servicios-graficos","26":"product_tag-sobres-a-color","27":"product_tag-sobres-bolsa","28":"product_tag-sobres-de-color","29":"product_tag-sobres-obra-120-grs","30":"product_tag-sobres-obra-80-grs","31":"product_tag-sobres-obra-90-grs","32":"product_tag-talonario-medico","33":"product_tag-talonarios","35":"first","36":"instock","37":"sold-individually","38":"shipping-taxable","39":"purchasable","40":"product-type-variable","41":"has-default-attributes"},"yoast_head":"<!-- This site is optimized with the Yoast SEO plugin v27.1.1 - https:\/\/yoast.com\/product\/yoast-seo-wordpress\/ -->\n<title>Sobres - Gr\u00e1fica Croquis<\/title>\n<meta name=\"description\" content=\"Sobres personalizados con tu dise\u00f1o. \u00a1Consultanos ahora!\" \/>\n<meta name=\"robots\" content=\"index, follow, max-snippet:-1, max-image-preview:large, max-video-preview:-1\" \/>\n<link rel=\"canonical\" href=\"https:\/\/graficacroquis.com.ar\/en\/productos\/sobres\/\" \/>\n<meta property=\"og:locale\" content=\"en_US\" \/>\n<meta property=\"og:type\" content=\"article\" \/>\n<meta property=\"og:title\" content=\"Sobres - Gr\u00e1fica Croquis\" \/>\n<meta property=\"og:description\" content=\"Sobres personalizados con tu dise\u00f1o. \u00a1Consultanos ahora!\" \/>\n<meta property=\"og:url\" content=\"https:\/\/graficacroquis.com.ar\/en\/productos\/sobres\/\" \/>\n<meta property=\"og:site_name\" content=\"Gr\u00e1fica Croquis\" \/>\n<meta property=\"article:publisher\" content=\"https:\/\/www.facebook.com\/pages\/category\/Printing-Service\/Grfica-Croquis-651710454881013\/\" \/>\n<meta property=\"article:modified_time\" content=\"2026-01-31T09:38:11+00:00\" \/>\n<meta property=\"og:image\" content=\"https:\/\/graficacroquis.com.ar\/wp-content\/uploads\/2020\/03\/sobres.jpg\" \/>\n\t<meta property=\"og:image:width\" content=\"1333\" \/>\n\t<meta property=\"og:image:height\" content=\"1000\" \/>\n\t<meta property=\"og:image:type\" content=\"image\/jpeg\" \/>\n<meta name=\"twitter:card\" content=\"summary_large_image\" \/>\n<meta name=\"twitter:site\" content=\"@GCroquis\" \/>\n<meta name=\"twitter:label1\" content=\"Est. reading time\" \/>\n\t<meta name=\"twitter:data1\" content=\"1 minute\" \/>\n<script type=\"application\/ld+json\" class=\"yoast-schema-graph\">{\"@context\":\"https:\/\/schema.org\",\"@graph\":[{\"@type\":\"WebPage\",\"@id\":\"https:\/\/graficacroquis.com.ar\/productos\/sobres\/\",\"url\":\"https:\/\/graficacroquis.com.ar\/productos\/sobres\/\",\"name\":\"Sobres - Gr\u00e1fica Croquis\",\"isPartOf\":{\"@id\":\"https:\/\/graficacroquis.com.ar\/#website\"},\"primaryImageOfPage\":{\"@id\":\"https:\/\/graficacroquis.com.ar\/productos\/sobres\/#primaryimage\"},\"image\":{\"@id\":\"https:\/\/graficacroquis.com.ar\/productos\/sobres\/#primaryimage\"},\"thumbnailUrl\":\"https:\/\/graficacroquis.com.ar\/wp-content\/uploads\/2020\/03\/sobres.jpg\",\"datePublished\":\"2020-03-26T02:08:56+00:00\",\"dateModified\":\"2026-01-31T09:38:11+00:00\",\"description\":\"Sobres personalizados con tu dise\u00f1o. \u00a1Consultanos ahora!\",\"breadcrumb\":{\"@id\":\"https:\/\/graficacroquis.com.ar\/productos\/sobres\/#breadcrumb\"},\"inLanguage\":\"en-US\",\"potentialAction\":[{\"@type\":\"ReadAction\",\"target\":[\"https:\/\/graficacroquis.com.ar\/productos\/sobres\/\"]}]},{\"@type\":\"ImageObject\",\"inLanguage\":\"en-US\",\"@id\":\"https:\/\/graficacroquis.com.ar\/productos\/sobres\/#primaryimage\",\"url\":\"https:\/\/graficacroquis.com.ar\/wp-content\/uploads\/2020\/03\/sobres.jpg\",\"contentUrl\":\"https:\/\/graficacroquis.com.ar\/wp-content\/uploads\/2020\/03\/sobres.jpg\",\"width\":1333,\"height\":1000},{\"@type\":\"BreadcrumbList\",\"@id\":\"https:\/\/graficacroquis.com.ar\/productos\/sobres\/#breadcrumb\",\"itemListElement\":[{\"@type\":\"ListItem\",\"position\":1,\"name\":\"Home\",\"item\":\"https:\/\/graficacroquis.com.ar\/\"},{\"@type\":\"ListItem\",\"position\":2,\"name\":\"Tienda\",\"item\":\"https:\/\/graficacroquis.com.ar\/tienda\/\"},{\"@type\":\"ListItem\",\"position\":3,\"name\":\"Sobres\"}]},{\"@type\":\"WebSite\",\"@id\":\"https:\/\/graficacroquis.com.ar\/#website\",\"url\":\"https:\/\/graficacroquis.com.ar\/\",\"name\":\"Gr\u00e1fica Croquis\",\"description\":\"Imprenta offset, fotocopias, facturas, talonarios, anillados, encuadernacion, full color. Beccar, Buenos Aires.\",\"publisher\":{\"@id\":\"https:\/\/graficacroquis.com.ar\/#organization\"},\"potentialAction\":[{\"@type\":\"SearchAction\",\"target\":{\"@type\":\"EntryPoint\",\"urlTemplate\":\"https:\/\/graficacroquis.com.ar\/?s={search_term_string}\"},\"query-input\":{\"@type\":\"PropertyValueSpecification\",\"valueRequired\":true,\"valueName\":\"search_term_string\"}}],\"inLanguage\":\"en-US\"},{\"@type\":\"Organization\",\"@id\":\"https:\/\/graficacroquis.com.ar\/#organization\",\"name\":\"Gr\u00e1fica Croquis\",\"url\":\"https:\/\/graficacroquis.com.ar\/\",\"logo\":{\"@type\":\"ImageObject\",\"inLanguage\":\"en-US\",\"@id\":\"https:\/\/graficacroquis.com.ar\/#\/schema\/logo\/image\/\",\"url\":\"https:\/\/graficacroquis.com.ar\/wp-content\/uploads\/2020\/01\/cropped-grafica-croquis-logo-inicio.png\",\"contentUrl\":\"https:\/\/graficacroquis.com.ar\/wp-content\/uploads\/2020\/01\/cropped-grafica-croquis-logo-inicio.png\",\"width\":330,\"height\":156,\"caption\":\"Gr\u00e1fica Croquis\"},\"image\":{\"@id\":\"https:\/\/graficacroquis.com.ar\/#\/schema\/logo\/image\/\"},\"sameAs\":[\"https:\/\/www.facebook.com\/pages\/category\/Printing-Service\/Grfica-Croquis-651710454881013\/\",\"https:\/\/x.com\/GCroquis\",\"https:\/\/instagram.com\/graficacroquis?igshid=1mr4bte5w5mxi\"]}]}<\/script>\n<!-- \/ Yoast SEO plugin. -->","yoast_head_json":{"title":"Sobres - Gr\u00e1fica Croquis","description":"Sobres personalizados con tu dise\u00f1o. \u00a1Consultanos ahora!","robots":{"index":"index","follow":"follow","max-snippet":"max-snippet:-1","max-image-preview":"max-image-preview:large","max-video-preview":"max-video-preview:-1"},"canonical":"https:\/\/graficacroquis.com.ar\/en\/productos\/sobres\/","og_locale":"en_US","og_type":"article","og_title":"Sobres - Gr\u00e1fica Croquis","og_description":"Sobres personalizados con tu dise\u00f1o. \u00a1Consultanos ahora!","og_url":"https:\/\/graficacroquis.com.ar\/en\/productos\/sobres\/","og_site_name":"Gr\u00e1fica Croquis","article_publisher":"https:\/\/www.facebook.com\/pages\/category\/Printing-Service\/Grfica-Croquis-651710454881013\/","article_modified_time":"2026-01-31T09:38:11+00:00","og_image":[{"width":1333,"height":1000,"url":"https:\/\/graficacroquis.com.ar\/wp-content\/uploads\/2020\/03\/sobres.jpg","type":"image\/jpeg"}],"twitter_card":"summary_large_image","twitter_site":"@GCroquis","twitter_misc":{"Est. reading time":"1 minute"},"schema":{"@context":"https:\/\/schema.org","@graph":[{"@type":"WebPage","@id":"https:\/\/graficacroquis.com.ar\/productos\/sobres\/","url":"https:\/\/graficacroquis.com.ar\/productos\/sobres\/","name":"Sobres - Gr\u00e1fica Croquis","isPartOf":{"@id":"https:\/\/graficacroquis.com.ar\/#website"},"primaryImageOfPage":{"@id":"https:\/\/graficacroquis.com.ar\/productos\/sobres\/#primaryimage"},"image":{"@id":"https:\/\/graficacroquis.com.ar\/productos\/sobres\/#primaryimage"},"thumbnailUrl":"https:\/\/graficacroquis.com.ar\/wp-content\/uploads\/2020\/03\/sobres.jpg","datePublished":"2020-03-26T02:08:56+00:00","dateModified":"2026-01-31T09:38:11+00:00","description":"Sobres personalizados con tu dise\u00f1o. \u00a1Consultanos ahora!","breadcrumb":{"@id":"https:\/\/graficacroquis.com.ar\/productos\/sobres\/#breadcrumb"},"inLanguage":"en-US","potentialAction":[{"@type":"ReadAction","target":["https:\/\/graficacroquis.com.ar\/productos\/sobres\/"]}]},{"@type":"ImageObject","inLanguage":"en-US","@id":"https:\/\/graficacroquis.com.ar\/productos\/sobres\/#primaryimage","url":"https:\/\/graficacroquis.com.ar\/wp-content\/uploads\/2020\/03\/sobres.jpg","contentUrl":"https:\/\/graficacroquis.com.ar\/wp-content\/uploads\/2020\/03\/sobres.jpg","width":1333,"height":1000},{"@type":"BreadcrumbList","@id":"https:\/\/graficacroquis.com.ar\/productos\/sobres\/#breadcrumb","itemListElement":[{"@type":"ListItem","position":1,"name":"Home","item":"https:\/\/graficacroquis.com.ar\/"},{"@type":"ListItem","position":2,"name":"Tienda","item":"https:\/\/graficacroquis.com.ar\/tienda\/"},{"@type":"ListItem","position":3,"name":"Sobres"}]},{"@type":"WebSite","@id":"https:\/\/graficacroquis.com.ar\/#website","url":"https:\/\/graficacroquis.com.ar\/","name":"Gr\u00e1fica Croquis","description":"Imprenta offset, fotocopias, facturas, talonarios, anillados, encuadernacion, full color. Beccar, Buenos Aires.","publisher":{"@id":"https:\/\/graficacroquis.com.ar\/#organization"},"potentialAction":[{"@type":"SearchAction","target":{"@type":"EntryPoint","urlTemplate":"https:\/\/graficacroquis.com.ar\/?s={search_term_string}"},"query-input":{"@type":"PropertyValueSpecification","valueRequired":true,"valueName":"search_term_string"}}],"inLanguage":"en-US"},{"@type":"Organization","@id":"https:\/\/graficacroquis.com.ar\/#organization","name":"Gr\u00e1fica Croquis","url":"https:\/\/graficacroquis.com.ar\/","logo":{"@type":"ImageObject","inLanguage":"en-US","@id":"https:\/\/graficacroquis.com.ar\/#\/schema\/logo\/image\/","url":"https:\/\/graficacroquis.com.ar\/wp-content\/uploads\/2020\/01\/cropped-grafica-croquis-logo-inicio.png","contentUrl":"https:\/\/graficacroquis.com.ar\/wp-content\/uploads\/2020\/01\/cropped-grafica-croquis-logo-inicio.png","width":330,"height":156,"caption":"Gr\u00e1fica Croquis"},"image":{"@id":"https:\/\/graficacroquis.com.ar\/#\/schema\/logo\/image\/"},"sameAs":["https:\/\/www.facebook.com\/pages\/category\/Printing-Service\/Grfica-Croquis-651710454881013\/","https:\/\/x.com\/GCroquis","https:\/\/instagram.com\/graficacroquis?igshid=1mr4bte5w5mxi"]}]}},"_links":{"self":[{"href":"https:\/\/graficacroquis.com.ar\/en\/wp-json\/wp\/v2\/product\/2817","targetHints":{"allow":["GET"]}}],"collection":[{"href":"https:\/\/graficacroquis.com.ar\/en\/wp-json\/wp\/v2\/product"}],"about":[{"href":"https:\/\/graficacroquis.com.ar\/en\/wp-json\/wp\/v2\/types\/product"}],"replies":[{"embeddable":true,"href":"https:\/\/graficacroquis.com.ar\/en\/wp-json\/wp\/v2\/comments?post=2817"}],"wp:featuredmedia":[{"embeddable":true,"href":"https:\/\/graficacroquis.com.ar\/en\/wp-json\/wp\/v2\/media\/3734"}],"wp:attachment":[{"href":"https:\/\/graficacroquis.com.ar\/en\/wp-json\/wp\/v2\/media?parent=2817"}],"wp:term":[{"taxonomy":"product_brand","embeddable":true,"href":"https:\/\/graficacroquis.com.ar\/en\/wp-json\/wp\/v2\/product_brand?post=2817"},{"taxonomy":"product_cat","embeddable":true,"href":"https:\/\/graficacroquis.com.ar\/en\/wp-json\/wp\/v2\/product_cat?post=2817"},{"taxonomy":"product_tag","embeddable":true,"href":"https:\/\/graficacroquis.com.ar\/en\/wp-json\/wp\/v2\/product_tag?post=2817"}],"curies":[{"name":"wp","href":"https:\/\/api.w.org\/{rel}","templated":true}]}}