{"id":2639,"date":"2020-03-25T16:35:06","date_gmt":"2020-03-25T19:35:06","guid":{"rendered":"https:\/\/graficacroquis.com.ar\/?post_type=product&#038;p=2639"},"modified":"2025-12-03T00:01:28","modified_gmt":"2025-12-03T03:01:28","slug":"recetarios-medicos","status":"publish","type":"product","link":"https:\/\/graficacroquis.com.ar\/en\/productos\/recetarios-medicos\/","title":{"rendered":"Recetarios"},"content":{"rendered":"<h4 class=\"h2\">RECETARIOS MEDICOS<\/h4>\n<p>Imprim\u00ed tu recetario m\u00e9dico en gr\u00e1fica croquis, se entegan emblocados.<\/p>\n<p>Los recetarios m\u00e9dicos son de papel obra de 75 grs., pudiendo ser de un color o full color.<\/p>\n<p>Impresi\u00f3n simple y doble faz, tama\u00f1os 10 x 15, 11 x 17, 11 x 22, 15 x 20.<\/p>\n<p>Consultar por dise\u00f1os de recetarios m\u00e9dicos.<\/p>\n<p>&nbsp;<\/p>\n<p>Dise\u00f1amos recetarios m\u00e9dicos personalizados con calidad profesional. Ofrecemos soluciones gr\u00e1ficas adaptadas a las necesidades de profesionales de la salud.<\/p>","protected":false},"excerpt":{"rendered":"<p>Recetarios m\u00e9dicos 10 x 15, 11 x 17, 11 x 22, 15 x 20, tinta negra o full color, simple o doble faz en papel obra 75 grs.<\/p>\n<p><strong><span style=\"color: #ff0000;\">Consultar por dise\u00f1os a medida.<\/span><\/strong><\/p>\n<p>Seleccion\u00e1 debajo la terminaci\u00f3n de tu producto, dale agregar al carrito y \u00a1listo!<\/p>\n<p><img loading=\"lazy\" decoding=\"async\" title=\"Mercado Pago - Medios de pago\" src=\"https:\/\/imgmp.mlstatic.com\/org-img\/banners\/ar\/medios\/online\/468X60.jpg\" alt=\"Mercado Pago - Medios de pago\" width=\"468\" height=\"60\" \/><\/p>\n<p><img decoding=\"async\" title=\"Moto - Medios de envio\" src=\"https:\/\/graficacroquis.com.ar\/wp-content\/uploads\/2020\/04\/envio-a-domicilio.png\" alt=\"Mensajeria Express - Medios de envio\" width=\"56.25\" height=\"43.875\" \/>\u00a0 \u00a0 <img decoding=\"async\" title=\"Linea - separador\" src=\"https:\/\/graficacroquis.com.ar\/wp-content\/uploads\/2020\/04\/barra-vertical.png\" alt=\"Linea - separador\" width=\"20\" height=\"37.6\" \/> <img decoding=\"async\" title=\"Retiro Local - Medios de envio\" src=\"https:\/\/graficacroquis.com.ar\/wp-content\/uploads\/2020\/04\/recogida-local.png\" alt=\"Retiro Local - Medios de envio\" width=\"75\" height=\"58.5\" \/> Juan B. Justo 46, B1643 B\u00e9ccar, Buenos Aires<\/p>","protected":false},"featured_media":4550,"comment_status":"open","ping_status":"closed","template":"","meta":{"_joinchat":{"message_text":"\u00bfNecesit\u00e1s otras medidas o un dise\u00f1o personalizado para tu recetario m\u00e9dico? \u00a1Consultanos!","view":"yes"}},"product_brand":[],"product_cat":[157],"product_tag":[265,100,225,188,191,230,231,232,102,241,272,228,251,255,179,103,271,263,267,268,269,270,262,426,266,250,224,264,249],"class_list":{"0":"post-2639","1":"product","2":"type-product","3":"status-publish","4":"has-post-thumbnail","6":"product_cat-recetarios-medicos","7":"product_tag-consultas","8":"product_tag-folletos","9":"product_tag-grafica","10":"product_tag-hojas-para-empresa","11":"product_tag-identidad-corporativa","12":"product_tag-imprenta-beccar","13":"product_tag-imprenta-san-isidro","14":"product_tag-imprenta-zona-norte","15":"product_tag-impresion","16":"product_tag-impresion-de-facturas","17":"product_tag-impresion-recetarios-medicos","18":"product_tag-impresiones","19":"product_tag-numerado","20":"product_tag-papel-obra-75-grs","21":"product_tag-postales","22":"product_tag-promociones","23":"product_tag-receta-medica","24":"product_tag-recetario","25":"product_tag-recetarios-10x15","26":"product_tag-recetarios-11x17","27":"product_tag-recetarios-11x22","28":"product_tag-recetarios-15x20","29":"product_tag-recetarios-medicos","30":"product_tag-recetarios-medicos-precio","31":"product_tag-recetas","32":"product_tag-rifas","33":"product_tag-servicios-graficos","34":"product_tag-talonario-medico","35":"product_tag-talonarios","37":"first","38":"instock","39":"sold-individually","40":"shipping-taxable","41":"purchasable","42":"product-type-variable","43":"has-default-attributes"},"yoast_head":"<!-- This site is optimized with the Yoast SEO plugin v27.1.1 - https:\/\/yoast.com\/product\/yoast-seo-wordpress\/ -->\n<title>Recetarios - Gr\u00e1fica Croquis<\/title>\n<meta name=\"description\" content=\"Recetarios m\u00e9dicos profesionales. \u00a1Solicit\u00e1 tu cotizaci\u00f3n hoy!\" \/>\n<meta name=\"robots\" content=\"index, follow, max-snippet:-1, max-image-preview:large, max-video-preview:-1\" \/>\n<link rel=\"canonical\" href=\"https:\/\/graficacroquis.com.ar\/en\/productos\/recetarios-medicos\/\" \/>\n<meta property=\"og:locale\" content=\"en_US\" \/>\n<meta property=\"og:type\" content=\"article\" \/>\n<meta property=\"og:title\" content=\"Recetarios - Gr\u00e1fica Croquis\" \/>\n<meta property=\"og:description\" content=\"Recetarios m\u00e9dicos profesionales. \u00a1Solicit\u00e1 tu cotizaci\u00f3n hoy!\" \/>\n<meta property=\"og:url\" content=\"https:\/\/graficacroquis.com.ar\/en\/productos\/recetarios-medicos\/\" \/>\n<meta property=\"og:site_name\" content=\"Gr\u00e1fica Croquis\" \/>\n<meta property=\"article:publisher\" content=\"https:\/\/www.facebook.com\/pages\/category\/Printing-Service\/Grfica-Croquis-651710454881013\/\" \/>\n<meta property=\"article:modified_time\" content=\"2025-12-03T03:01:28+00:00\" \/>\n<meta property=\"og:image\" content=\"https:\/\/graficacroquis.com.ar\/wp-content\/uploads\/2020\/03\/recetarios-medicos-impresion.webp\" \/>\n\t<meta property=\"og:image:width\" content=\"2000\" \/>\n\t<meta property=\"og:image:height\" content=\"2000\" \/>\n\t<meta property=\"og:image:type\" content=\"image\/webp\" \/>\n<meta name=\"twitter:card\" content=\"summary_large_image\" \/>\n<meta name=\"twitter:site\" content=\"@GCroquis\" \/>\n<meta name=\"twitter:label1\" content=\"Est. reading time\" \/>\n\t<meta name=\"twitter:data1\" content=\"1 minute\" \/>\n<script type=\"application\/ld+json\" class=\"yoast-schema-graph\">{\"@context\":\"https:\/\/schema.org\",\"@graph\":[{\"@type\":\"WebPage\",\"@id\":\"https:\/\/graficacroquis.com.ar\/productos\/recetarios-medicos\/\",\"url\":\"https:\/\/graficacroquis.com.ar\/productos\/recetarios-medicos\/\",\"name\":\"Recetarios - Gr\u00e1fica Croquis\",\"isPartOf\":{\"@id\":\"https:\/\/graficacroquis.com.ar\/#website\"},\"primaryImageOfPage\":{\"@id\":\"https:\/\/graficacroquis.com.ar\/productos\/recetarios-medicos\/#primaryimage\"},\"image\":{\"@id\":\"https:\/\/graficacroquis.com.ar\/productos\/recetarios-medicos\/#primaryimage\"},\"thumbnailUrl\":\"https:\/\/graficacroquis.com.ar\/wp-content\/uploads\/2020\/03\/recetarios-medicos-impresion.webp\",\"datePublished\":\"2020-03-25T19:35:06+00:00\",\"dateModified\":\"2025-12-03T03:01:28+00:00\",\"description\":\"Recetarios m\u00e9dicos profesionales. \u00a1Solicit\u00e1 tu cotizaci\u00f3n hoy!\",\"breadcrumb\":{\"@id\":\"https:\/\/graficacroquis.com.ar\/productos\/recetarios-medicos\/#breadcrumb\"},\"inLanguage\":\"en-US\",\"potentialAction\":[{\"@type\":\"ReadAction\",\"target\":[\"https:\/\/graficacroquis.com.ar\/productos\/recetarios-medicos\/\"]}]},{\"@type\":\"ImageObject\",\"inLanguage\":\"en-US\",\"@id\":\"https:\/\/graficacroquis.com.ar\/productos\/recetarios-medicos\/#primaryimage\",\"url\":\"https:\/\/graficacroquis.com.ar\/wp-content\/uploads\/2020\/03\/recetarios-medicos-impresion.webp\",\"contentUrl\":\"https:\/\/graficacroquis.com.ar\/wp-content\/uploads\/2020\/03\/recetarios-medicos-impresion.webp\",\"width\":2000,\"height\":2000},{\"@type\":\"BreadcrumbList\",\"@id\":\"https:\/\/graficacroquis.com.ar\/productos\/recetarios-medicos\/#breadcrumb\",\"itemListElement\":[{\"@type\":\"ListItem\",\"position\":1,\"name\":\"Home\",\"item\":\"https:\/\/graficacroquis.com.ar\/\"},{\"@type\":\"ListItem\",\"position\":2,\"name\":\"Tienda\",\"item\":\"https:\/\/graficacroquis.com.ar\/tienda\/\"},{\"@type\":\"ListItem\",\"position\":3,\"name\":\"Recetarios\"}]},{\"@type\":\"WebSite\",\"@id\":\"https:\/\/graficacroquis.com.ar\/#website\",\"url\":\"https:\/\/graficacroquis.com.ar\/\",\"name\":\"Gr\u00e1fica Croquis\",\"description\":\"Imprenta offset, fotocopias, facturas, talonarios, anillados, encuadernacion, full color. Beccar, Buenos Aires.\",\"publisher\":{\"@id\":\"https:\/\/graficacroquis.com.ar\/#organization\"},\"potentialAction\":[{\"@type\":\"SearchAction\",\"target\":{\"@type\":\"EntryPoint\",\"urlTemplate\":\"https:\/\/graficacroquis.com.ar\/?s={search_term_string}\"},\"query-input\":{\"@type\":\"PropertyValueSpecification\",\"valueRequired\":true,\"valueName\":\"search_term_string\"}}],\"inLanguage\":\"en-US\"},{\"@type\":\"Organization\",\"@id\":\"https:\/\/graficacroquis.com.ar\/#organization\",\"name\":\"Gr\u00e1fica Croquis\",\"url\":\"https:\/\/graficacroquis.com.ar\/\",\"logo\":{\"@type\":\"ImageObject\",\"inLanguage\":\"en-US\",\"@id\":\"https:\/\/graficacroquis.com.ar\/#\/schema\/logo\/image\/\",\"url\":\"https:\/\/graficacroquis.com.ar\/wp-content\/uploads\/2020\/01\/cropped-grafica-croquis-logo-inicio.png\",\"contentUrl\":\"https:\/\/graficacroquis.com.ar\/wp-content\/uploads\/2020\/01\/cropped-grafica-croquis-logo-inicio.png\",\"width\":330,\"height\":156,\"caption\":\"Gr\u00e1fica Croquis\"},\"image\":{\"@id\":\"https:\/\/graficacroquis.com.ar\/#\/schema\/logo\/image\/\"},\"sameAs\":[\"https:\/\/www.facebook.com\/pages\/category\/Printing-Service\/Grfica-Croquis-651710454881013\/\",\"https:\/\/x.com\/GCroquis\",\"https:\/\/instagram.com\/graficacroquis?igshid=1mr4bte5w5mxi\"]}]}<\/script>\n<!-- \/ Yoast SEO plugin. -->","yoast_head_json":{"title":"Recetarios - Gr\u00e1fica Croquis","description":"Recetarios m\u00e9dicos profesionales. \u00a1Solicit\u00e1 tu cotizaci\u00f3n hoy!","robots":{"index":"index","follow":"follow","max-snippet":"max-snippet:-1","max-image-preview":"max-image-preview:large","max-video-preview":"max-video-preview:-1"},"canonical":"https:\/\/graficacroquis.com.ar\/en\/productos\/recetarios-medicos\/","og_locale":"en_US","og_type":"article","og_title":"Recetarios - Gr\u00e1fica Croquis","og_description":"Recetarios m\u00e9dicos profesionales. \u00a1Solicit\u00e1 tu cotizaci\u00f3n hoy!","og_url":"https:\/\/graficacroquis.com.ar\/en\/productos\/recetarios-medicos\/","og_site_name":"Gr\u00e1fica Croquis","article_publisher":"https:\/\/www.facebook.com\/pages\/category\/Printing-Service\/Grfica-Croquis-651710454881013\/","article_modified_time":"2025-12-03T03:01:28+00:00","og_image":[{"width":2000,"height":2000,"url":"https:\/\/graficacroquis.com.ar\/wp-content\/uploads\/2020\/03\/recetarios-medicos-impresion.webp","type":"image\/webp"}],"twitter_card":"summary_large_image","twitter_site":"@GCroquis","twitter_misc":{"Est. reading time":"1 minute"},"schema":{"@context":"https:\/\/schema.org","@graph":[{"@type":"WebPage","@id":"https:\/\/graficacroquis.com.ar\/productos\/recetarios-medicos\/","url":"https:\/\/graficacroquis.com.ar\/productos\/recetarios-medicos\/","name":"Recetarios - Gr\u00e1fica Croquis","isPartOf":{"@id":"https:\/\/graficacroquis.com.ar\/#website"},"primaryImageOfPage":{"@id":"https:\/\/graficacroquis.com.ar\/productos\/recetarios-medicos\/#primaryimage"},"image":{"@id":"https:\/\/graficacroquis.com.ar\/productos\/recetarios-medicos\/#primaryimage"},"thumbnailUrl":"https:\/\/graficacroquis.com.ar\/wp-content\/uploads\/2020\/03\/recetarios-medicos-impresion.webp","datePublished":"2020-03-25T19:35:06+00:00","dateModified":"2025-12-03T03:01:28+00:00","description":"Recetarios m\u00e9dicos profesionales. \u00a1Solicit\u00e1 tu cotizaci\u00f3n hoy!","breadcrumb":{"@id":"https:\/\/graficacroquis.com.ar\/productos\/recetarios-medicos\/#breadcrumb"},"inLanguage":"en-US","potentialAction":[{"@type":"ReadAction","target":["https:\/\/graficacroquis.com.ar\/productos\/recetarios-medicos\/"]}]},{"@type":"ImageObject","inLanguage":"en-US","@id":"https:\/\/graficacroquis.com.ar\/productos\/recetarios-medicos\/#primaryimage","url":"https:\/\/graficacroquis.com.ar\/wp-content\/uploads\/2020\/03\/recetarios-medicos-impresion.webp","contentUrl":"https:\/\/graficacroquis.com.ar\/wp-content\/uploads\/2020\/03\/recetarios-medicos-impresion.webp","width":2000,"height":2000},{"@type":"BreadcrumbList","@id":"https:\/\/graficacroquis.com.ar\/productos\/recetarios-medicos\/#breadcrumb","itemListElement":[{"@type":"ListItem","position":1,"name":"Home","item":"https:\/\/graficacroquis.com.ar\/"},{"@type":"ListItem","position":2,"name":"Tienda","item":"https:\/\/graficacroquis.com.ar\/tienda\/"},{"@type":"ListItem","position":3,"name":"Recetarios"}]},{"@type":"WebSite","@id":"https:\/\/graficacroquis.com.ar\/#website","url":"https:\/\/graficacroquis.com.ar\/","name":"Gr\u00e1fica Croquis","description":"Imprenta offset, fotocopias, facturas, talonarios, anillados, encuadernacion, full color. Beccar, Buenos Aires.","publisher":{"@id":"https:\/\/graficacroquis.com.ar\/#organization"},"potentialAction":[{"@type":"SearchAction","target":{"@type":"EntryPoint","urlTemplate":"https:\/\/graficacroquis.com.ar\/?s={search_term_string}"},"query-input":{"@type":"PropertyValueSpecification","valueRequired":true,"valueName":"search_term_string"}}],"inLanguage":"en-US"},{"@type":"Organization","@id":"https:\/\/graficacroquis.com.ar\/#organization","name":"Gr\u00e1fica Croquis","url":"https:\/\/graficacroquis.com.ar\/","logo":{"@type":"ImageObject","inLanguage":"en-US","@id":"https:\/\/graficacroquis.com.ar\/#\/schema\/logo\/image\/","url":"https:\/\/graficacroquis.com.ar\/wp-content\/uploads\/2020\/01\/cropped-grafica-croquis-logo-inicio.png","contentUrl":"https:\/\/graficacroquis.com.ar\/wp-content\/uploads\/2020\/01\/cropped-grafica-croquis-logo-inicio.png","width":330,"height":156,"caption":"Gr\u00e1fica Croquis"},"image":{"@id":"https:\/\/graficacroquis.com.ar\/#\/schema\/logo\/image\/"},"sameAs":["https:\/\/www.facebook.com\/pages\/category\/Printing-Service\/Grfica-Croquis-651710454881013\/","https:\/\/x.com\/GCroquis","https:\/\/instagram.com\/graficacroquis?igshid=1mr4bte5w5mxi"]}]}},"_links":{"self":[{"href":"https:\/\/graficacroquis.com.ar\/en\/wp-json\/wp\/v2\/product\/2639","targetHints":{"allow":["GET"]}}],"collection":[{"href":"https:\/\/graficacroquis.com.ar\/en\/wp-json\/wp\/v2\/product"}],"about":[{"href":"https:\/\/graficacroquis.com.ar\/en\/wp-json\/wp\/v2\/types\/product"}],"replies":[{"embeddable":true,"href":"https:\/\/graficacroquis.com.ar\/en\/wp-json\/wp\/v2\/comments?post=2639"}],"wp:featuredmedia":[{"embeddable":true,"href":"https:\/\/graficacroquis.com.ar\/en\/wp-json\/wp\/v2\/media\/4550"}],"wp:attachment":[{"href":"https:\/\/graficacroquis.com.ar\/en\/wp-json\/wp\/v2\/media?parent=2639"}],"wp:term":[{"taxonomy":"product_brand","embeddable":true,"href":"https:\/\/graficacroquis.com.ar\/en\/wp-json\/wp\/v2\/product_brand?post=2639"},{"taxonomy":"product_cat","embeddable":true,"href":"https:\/\/graficacroquis.com.ar\/en\/wp-json\/wp\/v2\/product_cat?post=2639"},{"taxonomy":"product_tag","embeddable":true,"href":"https:\/\/graficacroquis.com.ar\/en\/wp-json\/wp\/v2\/product_tag?post=2639"}],"curies":[{"name":"wp","href":"https:\/\/api.w.org\/{rel}","templated":true}]}}