{"id":2517,"date":"2020-03-25T15:59:27","date_gmt":"2020-03-25T18:59:27","guid":{"rendered":"https:\/\/graficacroquis.com.ar\/?post_type=product&#038;p=2517"},"modified":"2025-12-03T00:02:06","modified_gmt":"2025-12-03T03:02:06","slug":"talonarios-de-rifa","status":"publish","type":"product","link":"https:\/\/graficacroquis.com.ar\/en\/productos\/talonarios-de-rifa\/","title":{"rendered":"Talonarios de rifa"},"content":{"rendered":"<h4 class=\"h2\">TALONARIOS DE RIFAS<\/h4>\n<p>Imprim\u00ed tu talonario de rifas en gr\u00e1fica croquis, son numeradas y puntilladas sueltas o en talonarios de 50 o 100 abrochadas.<\/p>\n<p>Los talonarios de rifa son de papel obra de 75 grs. o cartulina 180 grs. pudiendo ser 1 color o full color.<\/p>\n<p>Impresi\u00f3n simple faz, tama\u00f1o 5 x 15.<\/p>\n<p>Consultar por otras medidas.<\/p>\n<p>Ofrecemos impresi\u00f3n de talonarios de rifas personalizados con numeraci\u00f3n y dise\u00f1o profesional. Ideales para eventos y sorteos. Contactanos para solicitar una cotizaci\u00f3n.<\/p>","protected":false},"excerpt":{"rendered":"<p>Talonarios de Rifa5 x 15, tinta negra o full color en papel obra 75 grs. o cartulina 180 grs.<\/p>\n<p><strong><span style=\"color: #ff0000;\">Consultar por otras medidas.<\/span><\/strong><\/p>\n<p>Seleccion\u00e1 debajo la terminaci\u00f3n de tu producto, dale agregar al carrito y \u00a1listo!<\/p>\n<p><img loading=\"lazy\" decoding=\"async\" title=\"Mercado Pago - Medios de pago\" src=\"https:\/\/imgmp.mlstatic.com\/org-img\/banners\/ar\/medios\/online\/468X60.jpg\" alt=\"Mercado Pago - Medios de pago\" width=\"468\" height=\"60\" \/><\/p>\n<p><img decoding=\"async\" title=\"Moto - Medios de envio\" src=\"https:\/\/graficacroquis.com.ar\/wp-content\/uploads\/2020\/04\/envio-a-domicilio.png\" alt=\"Mensajeria Express - Medios de envio\" width=\"56.25\" height=\"43.875\" \/>\u00a0 \u00a0 <img decoding=\"async\" title=\"Linea - separador\" src=\"https:\/\/graficacroquis.com.ar\/wp-content\/uploads\/2020\/04\/barra-vertical.png\" alt=\"Linea - separador\" width=\"20\" height=\"37.6\" \/> <img decoding=\"async\" title=\"Retiro Local - Medios de envio\" src=\"https:\/\/graficacroquis.com.ar\/wp-content\/uploads\/2020\/04\/recogida-local.png\" alt=\"Retiro Local - Medios de envio\" width=\"75\" height=\"58.5\" \/> Juan B. Justo 46, B1643 B\u00e9ccar, Buenos Aires<\/p>","protected":false},"featured_media":3729,"comment_status":"open","ping_status":"closed","template":"","meta":{"_joinchat":{"message_text":"\u00bfNecesit\u00e1s otras medidas o un dise\u00f1o personalizado para tu talonario de rifas? \u00a1Consultanos!","view":"yes"}},"product_brand":[],"product_cat":[155],"product_tag":[256,100,225,188,191,230,231,232,102,241,427,228,189,192,251,255,179,103,250,253,257,254,224,249,252,258],"class_list":{"0":"post-2517","1":"product","2":"type-product","3":"status-publish","4":"has-post-thumbnail","6":"product_cat-talonarios-rifas","7":"product_tag-cartulina-180-grs","8":"product_tag-folletos","9":"product_tag-grafica","10":"product_tag-hojas-para-empresa","11":"product_tag-identidad-corporativa","12":"product_tag-imprenta-beccar","13":"product_tag-imprenta-san-isidro","14":"product_tag-imprenta-zona-norte","15":"product_tag-impresion","16":"product_tag-impresion-de-facturas","17":"product_tag-impresion-de-rifas-precio","18":"product_tag-impresiones","19":"product_tag-manual-de-marca","20":"product_tag-membrete","21":"product_tag-numerado","22":"product_tag-papel-obra-75-grs","23":"product_tag-postales","24":"product_tag-promociones","25":"product_tag-rifas","26":"product_tag-rifas-5-x-15","27":"product_tag-rifas-papel-cartulina","28":"product_tag-rifas-papel-obra","29":"product_tag-servicios-graficos","30":"product_tag-talonarios","31":"product_tag-talonarios-de-rifas","32":"product_tag-talonarios-numerados","34":"first","35":"instock","36":"sold-individually","37":"shipping-taxable","38":"purchasable","39":"product-type-variable","40":"has-default-attributes"},"yoast_head":"<!-- This site is optimized with the Yoast SEO plugin v27.1.1 - https:\/\/yoast.com\/product\/yoast-seo-wordpress\/ -->\n<title>Talonarios de rifa - Gr\u00e1fica Croquis<\/title>\n<meta name=\"description\" content=\"Talonarios de rifas personalizados. \u00a1Llamanos para m\u00e1s info!\" \/>\n<meta name=\"robots\" content=\"index, follow, max-snippet:-1, max-image-preview:large, max-video-preview:-1\" \/>\n<link rel=\"canonical\" href=\"https:\/\/graficacroquis.com.ar\/en\/productos\/talonarios-de-rifa\/\" \/>\n<meta property=\"og:locale\" content=\"en_US\" \/>\n<meta property=\"og:type\" content=\"article\" \/>\n<meta property=\"og:title\" content=\"Talonarios de rifa - Gr\u00e1fica Croquis\" \/>\n<meta property=\"og:description\" content=\"Talonarios de rifas personalizados. \u00a1Llamanos para m\u00e1s info!\" \/>\n<meta property=\"og:url\" content=\"https:\/\/graficacroquis.com.ar\/en\/productos\/talonarios-de-rifa\/\" \/>\n<meta property=\"og:site_name\" content=\"Gr\u00e1fica Croquis\" \/>\n<meta property=\"article:publisher\" content=\"https:\/\/www.facebook.com\/pages\/category\/Printing-Service\/Grfica-Croquis-651710454881013\/\" \/>\n<meta property=\"article:modified_time\" content=\"2025-12-03T03:02:06+00:00\" \/>\n<meta property=\"og:image\" content=\"https:\/\/graficacroquis.com.ar\/wp-content\/uploads\/2020\/04\/talonarios-de-rifa.jpg\" \/>\n\t<meta property=\"og:image:width\" content=\"1333\" \/>\n\t<meta property=\"og:image:height\" content=\"1000\" \/>\n\t<meta property=\"og:image:type\" content=\"image\/jpeg\" \/>\n<meta name=\"twitter:card\" content=\"summary_large_image\" \/>\n<meta name=\"twitter:site\" content=\"@GCroquis\" \/>\n<meta name=\"twitter:label1\" content=\"Est. reading time\" \/>\n\t<meta name=\"twitter:data1\" content=\"1 minute\" \/>\n<script type=\"application\/ld+json\" class=\"yoast-schema-graph\">{\"@context\":\"https:\/\/schema.org\",\"@graph\":[{\"@type\":\"WebPage\",\"@id\":\"https:\/\/graficacroquis.com.ar\/productos\/talonarios-de-rifa\/\",\"url\":\"https:\/\/graficacroquis.com.ar\/productos\/talonarios-de-rifa\/\",\"name\":\"Talonarios de rifa - Gr\u00e1fica Croquis\",\"isPartOf\":{\"@id\":\"https:\/\/graficacroquis.com.ar\/#website\"},\"primaryImageOfPage\":{\"@id\":\"https:\/\/graficacroquis.com.ar\/productos\/talonarios-de-rifa\/#primaryimage\"},\"image\":{\"@id\":\"https:\/\/graficacroquis.com.ar\/productos\/talonarios-de-rifa\/#primaryimage\"},\"thumbnailUrl\":\"https:\/\/graficacroquis.com.ar\/wp-content\/uploads\/2020\/04\/talonarios-de-rifa.jpg\",\"datePublished\":\"2020-03-25T18:59:27+00:00\",\"dateModified\":\"2025-12-03T03:02:06+00:00\",\"description\":\"Talonarios de rifas personalizados. \u00a1Llamanos para m\u00e1s info!\",\"breadcrumb\":{\"@id\":\"https:\/\/graficacroquis.com.ar\/productos\/talonarios-de-rifa\/#breadcrumb\"},\"inLanguage\":\"en-US\",\"potentialAction\":[{\"@type\":\"ReadAction\",\"target\":[\"https:\/\/graficacroquis.com.ar\/productos\/talonarios-de-rifa\/\"]}]},{\"@type\":\"ImageObject\",\"inLanguage\":\"en-US\",\"@id\":\"https:\/\/graficacroquis.com.ar\/productos\/talonarios-de-rifa\/#primaryimage\",\"url\":\"https:\/\/graficacroquis.com.ar\/wp-content\/uploads\/2020\/04\/talonarios-de-rifa.jpg\",\"contentUrl\":\"https:\/\/graficacroquis.com.ar\/wp-content\/uploads\/2020\/04\/talonarios-de-rifa.jpg\",\"width\":1333,\"height\":1000},{\"@type\":\"BreadcrumbList\",\"@id\":\"https:\/\/graficacroquis.com.ar\/productos\/talonarios-de-rifa\/#breadcrumb\",\"itemListElement\":[{\"@type\":\"ListItem\",\"position\":1,\"name\":\"Home\",\"item\":\"https:\/\/graficacroquis.com.ar\/\"},{\"@type\":\"ListItem\",\"position\":2,\"name\":\"Tienda\",\"item\":\"https:\/\/graficacroquis.com.ar\/tienda\/\"},{\"@type\":\"ListItem\",\"position\":3,\"name\":\"Talonarios de rifa\"}]},{\"@type\":\"WebSite\",\"@id\":\"https:\/\/graficacroquis.com.ar\/#website\",\"url\":\"https:\/\/graficacroquis.com.ar\/\",\"name\":\"Gr\u00e1fica Croquis\",\"description\":\"Imprenta offset, fotocopias, facturas, talonarios, anillados, encuadernacion, full color. Beccar, Buenos Aires.\",\"publisher\":{\"@id\":\"https:\/\/graficacroquis.com.ar\/#organization\"},\"potentialAction\":[{\"@type\":\"SearchAction\",\"target\":{\"@type\":\"EntryPoint\",\"urlTemplate\":\"https:\/\/graficacroquis.com.ar\/?s={search_term_string}\"},\"query-input\":{\"@type\":\"PropertyValueSpecification\",\"valueRequired\":true,\"valueName\":\"search_term_string\"}}],\"inLanguage\":\"en-US\"},{\"@type\":\"Organization\",\"@id\":\"https:\/\/graficacroquis.com.ar\/#organization\",\"name\":\"Gr\u00e1fica Croquis\",\"url\":\"https:\/\/graficacroquis.com.ar\/\",\"logo\":{\"@type\":\"ImageObject\",\"inLanguage\":\"en-US\",\"@id\":\"https:\/\/graficacroquis.com.ar\/#\/schema\/logo\/image\/\",\"url\":\"https:\/\/graficacroquis.com.ar\/wp-content\/uploads\/2020\/01\/cropped-grafica-croquis-logo-inicio.png\",\"contentUrl\":\"https:\/\/graficacroquis.com.ar\/wp-content\/uploads\/2020\/01\/cropped-grafica-croquis-logo-inicio.png\",\"width\":330,\"height\":156,\"caption\":\"Gr\u00e1fica Croquis\"},\"image\":{\"@id\":\"https:\/\/graficacroquis.com.ar\/#\/schema\/logo\/image\/\"},\"sameAs\":[\"https:\/\/www.facebook.com\/pages\/category\/Printing-Service\/Grfica-Croquis-651710454881013\/\",\"https:\/\/x.com\/GCroquis\",\"https:\/\/instagram.com\/graficacroquis?igshid=1mr4bte5w5mxi\"]}]}<\/script>\n<!-- \/ Yoast SEO plugin. -->","yoast_head_json":{"title":"Talonarios de rifa - Gr\u00e1fica Croquis","description":"Talonarios de rifas personalizados. \u00a1Llamanos para m\u00e1s info!","robots":{"index":"index","follow":"follow","max-snippet":"max-snippet:-1","max-image-preview":"max-image-preview:large","max-video-preview":"max-video-preview:-1"},"canonical":"https:\/\/graficacroquis.com.ar\/en\/productos\/talonarios-de-rifa\/","og_locale":"en_US","og_type":"article","og_title":"Talonarios de rifa - Gr\u00e1fica Croquis","og_description":"Talonarios de rifas personalizados. \u00a1Llamanos para m\u00e1s info!","og_url":"https:\/\/graficacroquis.com.ar\/en\/productos\/talonarios-de-rifa\/","og_site_name":"Gr\u00e1fica Croquis","article_publisher":"https:\/\/www.facebook.com\/pages\/category\/Printing-Service\/Grfica-Croquis-651710454881013\/","article_modified_time":"2025-12-03T03:02:06+00:00","og_image":[{"width":1333,"height":1000,"url":"https:\/\/graficacroquis.com.ar\/wp-content\/uploads\/2020\/04\/talonarios-de-rifa.jpg","type":"image\/jpeg"}],"twitter_card":"summary_large_image","twitter_site":"@GCroquis","twitter_misc":{"Est. reading time":"1 minute"},"schema":{"@context":"https:\/\/schema.org","@graph":[{"@type":"WebPage","@id":"https:\/\/graficacroquis.com.ar\/productos\/talonarios-de-rifa\/","url":"https:\/\/graficacroquis.com.ar\/productos\/talonarios-de-rifa\/","name":"Talonarios de rifa - Gr\u00e1fica Croquis","isPartOf":{"@id":"https:\/\/graficacroquis.com.ar\/#website"},"primaryImageOfPage":{"@id":"https:\/\/graficacroquis.com.ar\/productos\/talonarios-de-rifa\/#primaryimage"},"image":{"@id":"https:\/\/graficacroquis.com.ar\/productos\/talonarios-de-rifa\/#primaryimage"},"thumbnailUrl":"https:\/\/graficacroquis.com.ar\/wp-content\/uploads\/2020\/04\/talonarios-de-rifa.jpg","datePublished":"2020-03-25T18:59:27+00:00","dateModified":"2025-12-03T03:02:06+00:00","description":"Talonarios de rifas personalizados. \u00a1Llamanos para m\u00e1s info!","breadcrumb":{"@id":"https:\/\/graficacroquis.com.ar\/productos\/talonarios-de-rifa\/#breadcrumb"},"inLanguage":"en-US","potentialAction":[{"@type":"ReadAction","target":["https:\/\/graficacroquis.com.ar\/productos\/talonarios-de-rifa\/"]}]},{"@type":"ImageObject","inLanguage":"en-US","@id":"https:\/\/graficacroquis.com.ar\/productos\/talonarios-de-rifa\/#primaryimage","url":"https:\/\/graficacroquis.com.ar\/wp-content\/uploads\/2020\/04\/talonarios-de-rifa.jpg","contentUrl":"https:\/\/graficacroquis.com.ar\/wp-content\/uploads\/2020\/04\/talonarios-de-rifa.jpg","width":1333,"height":1000},{"@type":"BreadcrumbList","@id":"https:\/\/graficacroquis.com.ar\/productos\/talonarios-de-rifa\/#breadcrumb","itemListElement":[{"@type":"ListItem","position":1,"name":"Home","item":"https:\/\/graficacroquis.com.ar\/"},{"@type":"ListItem","position":2,"name":"Tienda","item":"https:\/\/graficacroquis.com.ar\/tienda\/"},{"@type":"ListItem","position":3,"name":"Talonarios de rifa"}]},{"@type":"WebSite","@id":"https:\/\/graficacroquis.com.ar\/#website","url":"https:\/\/graficacroquis.com.ar\/","name":"Gr\u00e1fica Croquis","description":"Imprenta offset, fotocopias, facturas, talonarios, anillados, encuadernacion, full color. Beccar, Buenos Aires.","publisher":{"@id":"https:\/\/graficacroquis.com.ar\/#organization"},"potentialAction":[{"@type":"SearchAction","target":{"@type":"EntryPoint","urlTemplate":"https:\/\/graficacroquis.com.ar\/?s={search_term_string}"},"query-input":{"@type":"PropertyValueSpecification","valueRequired":true,"valueName":"search_term_string"}}],"inLanguage":"en-US"},{"@type":"Organization","@id":"https:\/\/graficacroquis.com.ar\/#organization","name":"Gr\u00e1fica Croquis","url":"https:\/\/graficacroquis.com.ar\/","logo":{"@type":"ImageObject","inLanguage":"en-US","@id":"https:\/\/graficacroquis.com.ar\/#\/schema\/logo\/image\/","url":"https:\/\/graficacroquis.com.ar\/wp-content\/uploads\/2020\/01\/cropped-grafica-croquis-logo-inicio.png","contentUrl":"https:\/\/graficacroquis.com.ar\/wp-content\/uploads\/2020\/01\/cropped-grafica-croquis-logo-inicio.png","width":330,"height":156,"caption":"Gr\u00e1fica Croquis"},"image":{"@id":"https:\/\/graficacroquis.com.ar\/#\/schema\/logo\/image\/"},"sameAs":["https:\/\/www.facebook.com\/pages\/category\/Printing-Service\/Grfica-Croquis-651710454881013\/","https:\/\/x.com\/GCroquis","https:\/\/instagram.com\/graficacroquis?igshid=1mr4bte5w5mxi"]}]}},"_links":{"self":[{"href":"https:\/\/graficacroquis.com.ar\/en\/wp-json\/wp\/v2\/product\/2517","targetHints":{"allow":["GET"]}}],"collection":[{"href":"https:\/\/graficacroquis.com.ar\/en\/wp-json\/wp\/v2\/product"}],"about":[{"href":"https:\/\/graficacroquis.com.ar\/en\/wp-json\/wp\/v2\/types\/product"}],"replies":[{"embeddable":true,"href":"https:\/\/graficacroquis.com.ar\/en\/wp-json\/wp\/v2\/comments?post=2517"}],"wp:featuredmedia":[{"embeddable":true,"href":"https:\/\/graficacroquis.com.ar\/en\/wp-json\/wp\/v2\/media\/3729"}],"wp:attachment":[{"href":"https:\/\/graficacroquis.com.ar\/en\/wp-json\/wp\/v2\/media?parent=2517"}],"wp:term":[{"taxonomy":"product_brand","embeddable":true,"href":"https:\/\/graficacroquis.com.ar\/en\/wp-json\/wp\/v2\/product_brand?post=2517"},{"taxonomy":"product_cat","embeddable":true,"href":"https:\/\/graficacroquis.com.ar\/en\/wp-json\/wp\/v2\/product_cat?post=2517"},{"taxonomy":"product_tag","embeddable":true,"href":"https:\/\/graficacroquis.com.ar\/en\/wp-json\/wp\/v2\/product_tag?post=2517"}],"curies":[{"name":"wp","href":"https:\/\/api.w.org\/{rel}","templated":true}]}}