{"id":2165,"date":"2020-03-24T20:26:13","date_gmt":"2020-03-24T23:26:13","guid":{"rendered":"https:\/\/graficacroquis.com.ar\/?post_type=product&#038;p=2165"},"modified":"2025-12-03T00:01:10","modified_gmt":"2025-12-03T03:01:10","slug":"postales","status":"publish","type":"product","link":"https:\/\/graficacroquis.com.ar\/en\/productos\/postales\/","title":{"rendered":"Postales"},"content":{"rendered":"<h4 class=\"h2\">POSTALES<\/h4>\n<p>Tanto si queres mostrar tus fotos, como promocionar un evento pop-up o crear un men\u00fa desde cero, las postales tienen un pr\u00e1ctico tama\u00f1o que destaca entre los dem\u00e1s.<\/p>\n<p>Las postales son de papel cartulina obra de 240 grs. o ilustraci\u00f3n de 300 grs. con una textura sedosa, un acabado suave y una gran calidad de impresi\u00f3n.<\/p>\n<p>&nbsp;<\/p>\n<p>Creamos postales personalizadas con dise\u00f1os \u00fanicos y acabados de alta calidad. Ideales para eventos, promociones o uso personal. Contactanos para m\u00e1s informaci\u00f3n.<\/p>","protected":false},"excerpt":{"rendered":"<p>Postales 10&#215;15 | 14,5&#215;20 Seleccion\u00e1 debajo la terminaci\u00f3n de tu producto, dale agregar al carrito y \u00a1listo!<\/p>\n<p><img loading=\"lazy\" decoding=\"async\" title=\"Mercado Pago - Medios de pago\" src=\"https:\/\/imgmp.mlstatic.com\/org-img\/banners\/ar\/medios\/online\/468X60.jpg\" alt=\"Mercado Pago - Medios de pago\" width=\"468\" height=\"60\" \/><\/p>\n<p><img decoding=\"async\" title=\"Moto - Medios de envio\" src=\"https:\/\/graficacroquis.com.ar\/wp-content\/uploads\/2020\/04\/envio-a-domicilio.png\" alt=\"Mensajeria Express - Medios de envio\" width=\"56.25\" height=\"43.875\" \/>\u00a0 \u00a0 <img decoding=\"async\" title=\"Linea - separador\" src=\"https:\/\/graficacroquis.com.ar\/wp-content\/uploads\/2020\/04\/barra-vertical.png\" alt=\"Linea - separador\" width=\"20\" height=\"37.6\" \/> <img decoding=\"async\" title=\"Retiro Local - Medios de envio\" src=\"https:\/\/graficacroquis.com.ar\/wp-content\/uploads\/2020\/04\/recogida-local.png\" alt=\"Retiro Local - Medios de envio\" width=\"75\" height=\"58.5\" \/> Juan B. Justo 46, B1643 B\u00e9ccar, Buenos Aires<\/p>","protected":false},"featured_media":4549,"comment_status":"open","ping_status":"closed","template":"","meta":{"_joinchat":{"message_text":"\u00bfNecesitas un dise\u00f1o personalizado en tus postales? \u00a1Consultanos!","view":"yes"}},"product_brand":[],"product_cat":[291],"product_tag":[227,100,225,223,102,338,228,179,337,340,339,341,424,103,229,224,104,101,226],"class_list":{"0":"post-2165","1":"product","2":"type-product","3":"status-publish","4":"has-post-thumbnail","6":"product_cat-impresion-de-postales","7":"product_tag-beccar","8":"product_tag-folletos","9":"product_tag-grafica","10":"product_tag-imprenta","11":"product_tag-impresion","12":"product_tag-impresion-de-postales","13":"product_tag-impresiones","14":"product_tag-postales","15":"product_tag-postales-10-x-15","16":"product_tag-postales-cartulina-obra","17":"product_tag-postales-full-color","18":"product_tag-postales-ilustracion","19":"product_tag-postales-precio","20":"product_tag-promociones","21":"product_tag-san-isidro","22":"product_tag-servicios-graficos","23":"product_tag-via-publica","24":"product_tag-volantes","25":"product_tag-zona-norte","27":"first","28":"instock","29":"sold-individually","30":"shipping-taxable","31":"purchasable","32":"product-type-variable"},"yoast_head":"<!-- This site is optimized with the Yoast SEO plugin v27.1.1 - https:\/\/yoast.com\/product\/yoast-seo-wordpress\/ -->\n<title>Postales - Gr\u00e1fica Croquis<\/title>\n<meta name=\"description\" content=\"Postales personalizadas para todo tipo de ocasi\u00f3n. \u00a1Solicit\u00e1 tu cotizaci\u00f3n!\" \/>\n<meta name=\"robots\" content=\"index, follow, max-snippet:-1, max-image-preview:large, max-video-preview:-1\" \/>\n<link rel=\"canonical\" href=\"https:\/\/graficacroquis.com.ar\/en\/productos\/postales\/\" \/>\n<meta property=\"og:locale\" content=\"en_US\" \/>\n<meta property=\"og:type\" content=\"article\" \/>\n<meta property=\"og:title\" content=\"Postales - Gr\u00e1fica Croquis\" \/>\n<meta property=\"og:description\" content=\"Postales personalizadas para todo tipo de ocasi\u00f3n. \u00a1Solicit\u00e1 tu cotizaci\u00f3n!\" \/>\n<meta property=\"og:url\" content=\"https:\/\/graficacroquis.com.ar\/en\/productos\/postales\/\" \/>\n<meta property=\"og:site_name\" content=\"Gr\u00e1fica Croquis\" \/>\n<meta property=\"article:publisher\" content=\"https:\/\/www.facebook.com\/pages\/category\/Printing-Service\/Grfica-Croquis-651710454881013\/\" \/>\n<meta property=\"article:modified_time\" content=\"2025-12-03T03:01:10+00:00\" \/>\n<meta property=\"og:image\" content=\"https:\/\/graficacroquis.com.ar\/wp-content\/uploads\/2020\/03\/postales-impresiones.webp\" \/>\n\t<meta property=\"og:image:width\" content=\"2000\" \/>\n\t<meta property=\"og:image:height\" content=\"2000\" \/>\n\t<meta property=\"og:image:type\" content=\"image\/webp\" \/>\n<meta name=\"twitter:card\" content=\"summary_large_image\" \/>\n<meta name=\"twitter:site\" content=\"@GCroquis\" \/>\n<meta name=\"twitter:label1\" content=\"Est. reading time\" \/>\n\t<meta name=\"twitter:data1\" content=\"1 minute\" \/>\n<script type=\"application\/ld+json\" class=\"yoast-schema-graph\">{\"@context\":\"https:\/\/schema.org\",\"@graph\":[{\"@type\":\"WebPage\",\"@id\":\"https:\/\/graficacroquis.com.ar\/productos\/postales\/\",\"url\":\"https:\/\/graficacroquis.com.ar\/productos\/postales\/\",\"name\":\"Postales - Gr\u00e1fica Croquis\",\"isPartOf\":{\"@id\":\"https:\/\/graficacroquis.com.ar\/#website\"},\"primaryImageOfPage\":{\"@id\":\"https:\/\/graficacroquis.com.ar\/productos\/postales\/#primaryimage\"},\"image\":{\"@id\":\"https:\/\/graficacroquis.com.ar\/productos\/postales\/#primaryimage\"},\"thumbnailUrl\":\"https:\/\/graficacroquis.com.ar\/wp-content\/uploads\/2020\/03\/postales-impresiones.webp\",\"datePublished\":\"2020-03-24T23:26:13+00:00\",\"dateModified\":\"2025-12-03T03:01:10+00:00\",\"description\":\"Postales personalizadas para todo tipo de ocasi\u00f3n. \u00a1Solicit\u00e1 tu cotizaci\u00f3n!\",\"breadcrumb\":{\"@id\":\"https:\/\/graficacroquis.com.ar\/productos\/postales\/#breadcrumb\"},\"inLanguage\":\"en-US\",\"potentialAction\":[{\"@type\":\"ReadAction\",\"target\":[\"https:\/\/graficacroquis.com.ar\/productos\/postales\/\"]}]},{\"@type\":\"ImageObject\",\"inLanguage\":\"en-US\",\"@id\":\"https:\/\/graficacroquis.com.ar\/productos\/postales\/#primaryimage\",\"url\":\"https:\/\/graficacroquis.com.ar\/wp-content\/uploads\/2020\/03\/postales-impresiones.webp\",\"contentUrl\":\"https:\/\/graficacroquis.com.ar\/wp-content\/uploads\/2020\/03\/postales-impresiones.webp\",\"width\":2000,\"height\":2000},{\"@type\":\"BreadcrumbList\",\"@id\":\"https:\/\/graficacroquis.com.ar\/productos\/postales\/#breadcrumb\",\"itemListElement\":[{\"@type\":\"ListItem\",\"position\":1,\"name\":\"Home\",\"item\":\"https:\/\/graficacroquis.com.ar\/\"},{\"@type\":\"ListItem\",\"position\":2,\"name\":\"Tienda\",\"item\":\"https:\/\/graficacroquis.com.ar\/tienda\/\"},{\"@type\":\"ListItem\",\"position\":3,\"name\":\"Postales\"}]},{\"@type\":\"WebSite\",\"@id\":\"https:\/\/graficacroquis.com.ar\/#website\",\"url\":\"https:\/\/graficacroquis.com.ar\/\",\"name\":\"Gr\u00e1fica Croquis\",\"description\":\"Imprenta offset, fotocopias, facturas, talonarios, anillados, encuadernacion, full color. Beccar, Buenos Aires.\",\"publisher\":{\"@id\":\"https:\/\/graficacroquis.com.ar\/#organization\"},\"potentialAction\":[{\"@type\":\"SearchAction\",\"target\":{\"@type\":\"EntryPoint\",\"urlTemplate\":\"https:\/\/graficacroquis.com.ar\/?s={search_term_string}\"},\"query-input\":{\"@type\":\"PropertyValueSpecification\",\"valueRequired\":true,\"valueName\":\"search_term_string\"}}],\"inLanguage\":\"en-US\"},{\"@type\":\"Organization\",\"@id\":\"https:\/\/graficacroquis.com.ar\/#organization\",\"name\":\"Gr\u00e1fica Croquis\",\"url\":\"https:\/\/graficacroquis.com.ar\/\",\"logo\":{\"@type\":\"ImageObject\",\"inLanguage\":\"en-US\",\"@id\":\"https:\/\/graficacroquis.com.ar\/#\/schema\/logo\/image\/\",\"url\":\"https:\/\/graficacroquis.com.ar\/wp-content\/uploads\/2020\/01\/cropped-grafica-croquis-logo-inicio.png\",\"contentUrl\":\"https:\/\/graficacroquis.com.ar\/wp-content\/uploads\/2020\/01\/cropped-grafica-croquis-logo-inicio.png\",\"width\":330,\"height\":156,\"caption\":\"Gr\u00e1fica Croquis\"},\"image\":{\"@id\":\"https:\/\/graficacroquis.com.ar\/#\/schema\/logo\/image\/\"},\"sameAs\":[\"https:\/\/www.facebook.com\/pages\/category\/Printing-Service\/Grfica-Croquis-651710454881013\/\",\"https:\/\/x.com\/GCroquis\",\"https:\/\/instagram.com\/graficacroquis?igshid=1mr4bte5w5mxi\"]}]}<\/script>\n<!-- \/ Yoast SEO plugin. -->","yoast_head_json":{"title":"Postales - Gr\u00e1fica Croquis","description":"Postales personalizadas para todo tipo de ocasi\u00f3n. \u00a1Solicit\u00e1 tu cotizaci\u00f3n!","robots":{"index":"index","follow":"follow","max-snippet":"max-snippet:-1","max-image-preview":"max-image-preview:large","max-video-preview":"max-video-preview:-1"},"canonical":"https:\/\/graficacroquis.com.ar\/en\/productos\/postales\/","og_locale":"en_US","og_type":"article","og_title":"Postales - Gr\u00e1fica Croquis","og_description":"Postales personalizadas para todo tipo de ocasi\u00f3n. \u00a1Solicit\u00e1 tu cotizaci\u00f3n!","og_url":"https:\/\/graficacroquis.com.ar\/en\/productos\/postales\/","og_site_name":"Gr\u00e1fica Croquis","article_publisher":"https:\/\/www.facebook.com\/pages\/category\/Printing-Service\/Grfica-Croquis-651710454881013\/","article_modified_time":"2025-12-03T03:01:10+00:00","og_image":[{"width":2000,"height":2000,"url":"https:\/\/graficacroquis.com.ar\/wp-content\/uploads\/2020\/03\/postales-impresiones.webp","type":"image\/webp"}],"twitter_card":"summary_large_image","twitter_site":"@GCroquis","twitter_misc":{"Est. reading time":"1 minute"},"schema":{"@context":"https:\/\/schema.org","@graph":[{"@type":"WebPage","@id":"https:\/\/graficacroquis.com.ar\/productos\/postales\/","url":"https:\/\/graficacroquis.com.ar\/productos\/postales\/","name":"Postales - Gr\u00e1fica Croquis","isPartOf":{"@id":"https:\/\/graficacroquis.com.ar\/#website"},"primaryImageOfPage":{"@id":"https:\/\/graficacroquis.com.ar\/productos\/postales\/#primaryimage"},"image":{"@id":"https:\/\/graficacroquis.com.ar\/productos\/postales\/#primaryimage"},"thumbnailUrl":"https:\/\/graficacroquis.com.ar\/wp-content\/uploads\/2020\/03\/postales-impresiones.webp","datePublished":"2020-03-24T23:26:13+00:00","dateModified":"2025-12-03T03:01:10+00:00","description":"Postales personalizadas para todo tipo de ocasi\u00f3n. \u00a1Solicit\u00e1 tu cotizaci\u00f3n!","breadcrumb":{"@id":"https:\/\/graficacroquis.com.ar\/productos\/postales\/#breadcrumb"},"inLanguage":"en-US","potentialAction":[{"@type":"ReadAction","target":["https:\/\/graficacroquis.com.ar\/productos\/postales\/"]}]},{"@type":"ImageObject","inLanguage":"en-US","@id":"https:\/\/graficacroquis.com.ar\/productos\/postales\/#primaryimage","url":"https:\/\/graficacroquis.com.ar\/wp-content\/uploads\/2020\/03\/postales-impresiones.webp","contentUrl":"https:\/\/graficacroquis.com.ar\/wp-content\/uploads\/2020\/03\/postales-impresiones.webp","width":2000,"height":2000},{"@type":"BreadcrumbList","@id":"https:\/\/graficacroquis.com.ar\/productos\/postales\/#breadcrumb","itemListElement":[{"@type":"ListItem","position":1,"name":"Home","item":"https:\/\/graficacroquis.com.ar\/"},{"@type":"ListItem","position":2,"name":"Tienda","item":"https:\/\/graficacroquis.com.ar\/tienda\/"},{"@type":"ListItem","position":3,"name":"Postales"}]},{"@type":"WebSite","@id":"https:\/\/graficacroquis.com.ar\/#website","url":"https:\/\/graficacroquis.com.ar\/","name":"Gr\u00e1fica Croquis","description":"Imprenta offset, fotocopias, facturas, talonarios, anillados, encuadernacion, full color. Beccar, Buenos Aires.","publisher":{"@id":"https:\/\/graficacroquis.com.ar\/#organization"},"potentialAction":[{"@type":"SearchAction","target":{"@type":"EntryPoint","urlTemplate":"https:\/\/graficacroquis.com.ar\/?s={search_term_string}"},"query-input":{"@type":"PropertyValueSpecification","valueRequired":true,"valueName":"search_term_string"}}],"inLanguage":"en-US"},{"@type":"Organization","@id":"https:\/\/graficacroquis.com.ar\/#organization","name":"Gr\u00e1fica Croquis","url":"https:\/\/graficacroquis.com.ar\/","logo":{"@type":"ImageObject","inLanguage":"en-US","@id":"https:\/\/graficacroquis.com.ar\/#\/schema\/logo\/image\/","url":"https:\/\/graficacroquis.com.ar\/wp-content\/uploads\/2020\/01\/cropped-grafica-croquis-logo-inicio.png","contentUrl":"https:\/\/graficacroquis.com.ar\/wp-content\/uploads\/2020\/01\/cropped-grafica-croquis-logo-inicio.png","width":330,"height":156,"caption":"Gr\u00e1fica Croquis"},"image":{"@id":"https:\/\/graficacroquis.com.ar\/#\/schema\/logo\/image\/"},"sameAs":["https:\/\/www.facebook.com\/pages\/category\/Printing-Service\/Grfica-Croquis-651710454881013\/","https:\/\/x.com\/GCroquis","https:\/\/instagram.com\/graficacroquis?igshid=1mr4bte5w5mxi"]}]}},"_links":{"self":[{"href":"https:\/\/graficacroquis.com.ar\/en\/wp-json\/wp\/v2\/product\/2165","targetHints":{"allow":["GET"]}}],"collection":[{"href":"https:\/\/graficacroquis.com.ar\/en\/wp-json\/wp\/v2\/product"}],"about":[{"href":"https:\/\/graficacroquis.com.ar\/en\/wp-json\/wp\/v2\/types\/product"}],"replies":[{"embeddable":true,"href":"https:\/\/graficacroquis.com.ar\/en\/wp-json\/wp\/v2\/comments?post=2165"}],"wp:featuredmedia":[{"embeddable":true,"href":"https:\/\/graficacroquis.com.ar\/en\/wp-json\/wp\/v2\/media\/4549"}],"wp:attachment":[{"href":"https:\/\/graficacroquis.com.ar\/en\/wp-json\/wp\/v2\/media?parent=2165"}],"wp:term":[{"taxonomy":"product_brand","embeddable":true,"href":"https:\/\/graficacroquis.com.ar\/en\/wp-json\/wp\/v2\/product_brand?post=2165"},{"taxonomy":"product_cat","embeddable":true,"href":"https:\/\/graficacroquis.com.ar\/en\/wp-json\/wp\/v2\/product_cat?post=2165"},{"taxonomy":"product_tag","embeddable":true,"href":"https:\/\/graficacroquis.com.ar\/en\/wp-json\/wp\/v2\/product_tag?post=2165"}],"curies":[{"name":"wp","href":"https:\/\/api.w.org\/{rel}","templated":true}]}}