{"id":1481,"date":"2020-01-31T07:21:52","date_gmt":"2020-01-31T10:21:52","guid":{"rendered":"https:\/\/graficacroquis.com.ar\/?post_type=product&#038;p=1481"},"modified":"2026-01-22T11:29:19","modified_gmt":"2026-01-22T14:29:19","slug":"tarjetas-personales","status":"publish","type":"product","link":"https:\/\/graficacroquis.com.ar\/en\/productos\/tarjetas-personales\/","title":{"rendered":"Tarjetas Personales"},"content":{"rendered":"<h4>TARJETAS PERSONALES CL\u00c1SICAS.<\/h4>\n<h4><strong>TARJETAS DE PRESENTACI\u00d3N.<\/strong><\/h4>\n<p>Tarjetas de presentaci\u00f3n medida 9 x 5cm.<br \/>\nImpresi\u00f3n offset digital full color frente y dorso<br \/>\nPapel ilustraci\u00f3n mate o brillante.<\/p>\n<p>\u00bfTenes un mont\u00f3n de eventos de networking? \u00a1Prep\u00e1rate para impresionar a todos con un llamativo juego de Tarjetas Personales! Las tenemos en distintos tama\u00f1os para todos los gustos, desde Cl\u00e1sicas, Cuadradas o Troqueladas con la forma que quieras!<\/p>\n<p>Una aut\u00e9ntica tarjeta cl\u00e1sica de Gr\u00e1fica Croquis que te sentir\u00e1s orgulloso de ense\u00f1ar. Las Tarjetas Personales Cl\u00e1sicas se imprimen con tecnolog\u00eda offset digital en papel premium de 300grs.<\/p>\n<p>Ofrecemos impresi\u00f3n de tarjetas personales con dise\u00f1os \u00fanicos y acabados de alta calidad. Ideales para profesionales y emprendedores. \u00a1Contactanos para m\u00e1s informaci\u00f3n!<\/p>","protected":false},"excerpt":{"rendered":"<p>Tarjetas Personales | Tarjetas de Presentaci\u00f3n 9 X 5 cm. Seleccion\u00e1 debajo la terminaci\u00f3n de tu producto, dale agregar al carrito y \u00a1listo!<\/p>\n<p><img loading=\"lazy\" decoding=\"async\" title=\"Mercado Pago - Medios de pago\" src=\"https:\/\/imgmp.mlstatic.com\/org-img\/banners\/ar\/medios\/online\/468X60.jpg\" alt=\"Mercado Pago - Medios de pago\" width=\"468\" height=\"60\" \/><\/p>\n<p><img decoding=\"async\" title=\"Moto - Medios de envio\" src=\"https:\/\/graficacroquis.com.ar\/wp-content\/uploads\/2020\/04\/envio-a-domicilio.png\" alt=\"Mensajeria Express - Medios de envio\" width=\"56.25\" height=\"43.875\" \/>\u00a0 \u00a0 <img decoding=\"async\" title=\"Linea - separador\" src=\"https:\/\/graficacroquis.com.ar\/wp-content\/uploads\/2020\/04\/barra-vertical.png\" alt=\"Linea - separador\" width=\"20\" height=\"37.6\" \/> <img decoding=\"async\" title=\"Retiro Local - Medios de envio\" src=\"https:\/\/graficacroquis.com.ar\/wp-content\/uploads\/2020\/04\/recogida-local.png\" alt=\"Retiro Local - Medios de envio\" width=\"75\" height=\"58.5\" \/> Juan B. Justo 46, B1643 B\u00e9ccar, Buenos Aires<\/p>","protected":false},"featured_media":3732,"comment_status":"open","ping_status":"closed","template":"","meta":{"_joinchat":{"message_text":"\u00bfNecesitas un dise\u00f1o personalizado en tus tarjetas? \u00a1Consultanos!"}},"product_brand":[],"product_cat":[407],"product_tag":[85,196,343,197,345,346,86,344,324,198,87,193,199,195,347,194,431],"class_list":{"0":"post-1481","1":"product","2":"type-product","3":"status-publish","4":"has-post-thumbnail","6":"product_cat-personales","7":"product_tag-business","8":"product_tag-curriculum-vitae","9":"product_tag-entrevista","10":"product_tag-entrevistas","11":"product_tag-identidad-coporativa","12":"product_tag-institucional","13":"product_tag-marketing","14":"product_tag-material-institucional","15":"product_tag-material-para-empresas","16":"product_tag-networking","17":"product_tag-promo","18":"product_tag-tarjetas","19":"product_tag-tarjetas-9-x-5","20":"product_tag-tarjetas-de-presentacion","21":"product_tag-tarjetas-para-presentacion","22":"product_tag-tarjetas-personales","23":"product_tag-tarjetas-personales-precio","25":"first","26":"instock","27":"sold-individually","28":"shipping-taxable","29":"purchasable","30":"product-type-variable"},"yoast_head":"<!-- This site is optimized with the Yoast SEO plugin v27.1.1 - https:\/\/yoast.com\/product\/yoast-seo-wordpress\/ -->\n<title>Tarjetas Personales - Gr\u00e1fica Croquis<\/title>\n<meta name=\"description\" content=\"Tarjetas personales profesionales. \u00a1Solicit\u00e1 tu cotizaci\u00f3n ya!\" \/>\n<meta name=\"robots\" content=\"index, follow, max-snippet:-1, max-image-preview:large, max-video-preview:-1\" \/>\n<link rel=\"canonical\" href=\"https:\/\/graficacroquis.com.ar\/en\/productos\/tarjetas-personales\/\" \/>\n<meta property=\"og:locale\" content=\"en_US\" \/>\n<meta property=\"og:type\" content=\"article\" \/>\n<meta property=\"og:title\" content=\"Tarjetas Personales - Gr\u00e1fica Croquis\" \/>\n<meta property=\"og:description\" content=\"Tarjetas personales profesionales. \u00a1Solicit\u00e1 tu cotizaci\u00f3n ya!\" \/>\n<meta property=\"og:url\" content=\"https:\/\/graficacroquis.com.ar\/en\/productos\/tarjetas-personales\/\" \/>\n<meta property=\"og:site_name\" content=\"Gr\u00e1fica Croquis\" \/>\n<meta property=\"article:publisher\" content=\"https:\/\/www.facebook.com\/pages\/category\/Printing-Service\/Grfica-Croquis-651710454881013\/\" \/>\n<meta property=\"article:modified_time\" content=\"2026-01-22T14:29:19+00:00\" \/>\n<meta property=\"og:image\" content=\"https:\/\/graficacroquis.com.ar\/wp-content\/uploads\/2020\/04\/tarjetas-personales.jpg\" \/>\n\t<meta property=\"og:image:width\" content=\"1333\" \/>\n\t<meta property=\"og:image:height\" content=\"1000\" \/>\n\t<meta property=\"og:image:type\" content=\"image\/jpeg\" \/>\n<meta name=\"twitter:card\" content=\"summary_large_image\" \/>\n<meta name=\"twitter:site\" content=\"@GCroquis\" \/>\n<meta name=\"twitter:label1\" content=\"Est. reading time\" \/>\n\t<meta name=\"twitter:data1\" content=\"1 minute\" \/>\n<script type=\"application\/ld+json\" class=\"yoast-schema-graph\">{\"@context\":\"https:\/\/schema.org\",\"@graph\":[{\"@type\":\"WebPage\",\"@id\":\"https:\/\/graficacroquis.com.ar\/productos\/tarjetas-personales\/\",\"url\":\"https:\/\/graficacroquis.com.ar\/productos\/tarjetas-personales\/\",\"name\":\"Tarjetas Personales - Gr\u00e1fica Croquis\",\"isPartOf\":{\"@id\":\"https:\/\/graficacroquis.com.ar\/#website\"},\"primaryImageOfPage\":{\"@id\":\"https:\/\/graficacroquis.com.ar\/productos\/tarjetas-personales\/#primaryimage\"},\"image\":{\"@id\":\"https:\/\/graficacroquis.com.ar\/productos\/tarjetas-personales\/#primaryimage\"},\"thumbnailUrl\":\"https:\/\/graficacroquis.com.ar\/wp-content\/uploads\/2020\/04\/tarjetas-personales.jpg\",\"datePublished\":\"2020-01-31T10:21:52+00:00\",\"dateModified\":\"2026-01-22T14:29:19+00:00\",\"description\":\"Tarjetas personales profesionales. \u00a1Solicit\u00e1 tu cotizaci\u00f3n ya!\",\"breadcrumb\":{\"@id\":\"https:\/\/graficacroquis.com.ar\/productos\/tarjetas-personales\/#breadcrumb\"},\"inLanguage\":\"en-US\",\"potentialAction\":[{\"@type\":\"ReadAction\",\"target\":[\"https:\/\/graficacroquis.com.ar\/productos\/tarjetas-personales\/\"]}]},{\"@type\":\"ImageObject\",\"inLanguage\":\"en-US\",\"@id\":\"https:\/\/graficacroquis.com.ar\/productos\/tarjetas-personales\/#primaryimage\",\"url\":\"https:\/\/graficacroquis.com.ar\/wp-content\/uploads\/2020\/04\/tarjetas-personales.jpg\",\"contentUrl\":\"https:\/\/graficacroquis.com.ar\/wp-content\/uploads\/2020\/04\/tarjetas-personales.jpg\",\"width\":1333,\"height\":1000},{\"@type\":\"BreadcrumbList\",\"@id\":\"https:\/\/graficacroquis.com.ar\/productos\/tarjetas-personales\/#breadcrumb\",\"itemListElement\":[{\"@type\":\"ListItem\",\"position\":1,\"name\":\"Home\",\"item\":\"https:\/\/graficacroquis.com.ar\/\"},{\"@type\":\"ListItem\",\"position\":2,\"name\":\"Tienda\",\"item\":\"https:\/\/graficacroquis.com.ar\/tienda\/\"},{\"@type\":\"ListItem\",\"position\":3,\"name\":\"Tarjetas Personales\"}]},{\"@type\":\"WebSite\",\"@id\":\"https:\/\/graficacroquis.com.ar\/#website\",\"url\":\"https:\/\/graficacroquis.com.ar\/\",\"name\":\"Gr\u00e1fica Croquis\",\"description\":\"Imprenta offset, fotocopias, facturas, talonarios, anillados, encuadernacion, full color. Beccar, Buenos Aires.\",\"publisher\":{\"@id\":\"https:\/\/graficacroquis.com.ar\/#organization\"},\"potentialAction\":[{\"@type\":\"SearchAction\",\"target\":{\"@type\":\"EntryPoint\",\"urlTemplate\":\"https:\/\/graficacroquis.com.ar\/?s={search_term_string}\"},\"query-input\":{\"@type\":\"PropertyValueSpecification\",\"valueRequired\":true,\"valueName\":\"search_term_string\"}}],\"inLanguage\":\"en-US\"},{\"@type\":\"Organization\",\"@id\":\"https:\/\/graficacroquis.com.ar\/#organization\",\"name\":\"Gr\u00e1fica Croquis\",\"url\":\"https:\/\/graficacroquis.com.ar\/\",\"logo\":{\"@type\":\"ImageObject\",\"inLanguage\":\"en-US\",\"@id\":\"https:\/\/graficacroquis.com.ar\/#\/schema\/logo\/image\/\",\"url\":\"https:\/\/graficacroquis.com.ar\/wp-content\/uploads\/2020\/01\/cropped-grafica-croquis-logo-inicio.png\",\"contentUrl\":\"https:\/\/graficacroquis.com.ar\/wp-content\/uploads\/2020\/01\/cropped-grafica-croquis-logo-inicio.png\",\"width\":330,\"height\":156,\"caption\":\"Gr\u00e1fica Croquis\"},\"image\":{\"@id\":\"https:\/\/graficacroquis.com.ar\/#\/schema\/logo\/image\/\"},\"sameAs\":[\"https:\/\/www.facebook.com\/pages\/category\/Printing-Service\/Grfica-Croquis-651710454881013\/\",\"https:\/\/x.com\/GCroquis\",\"https:\/\/instagram.com\/graficacroquis?igshid=1mr4bte5w5mxi\"]}]}<\/script>\n<!-- \/ Yoast SEO plugin. -->","yoast_head_json":{"title":"Tarjetas Personales - Gr\u00e1fica Croquis","description":"Tarjetas personales profesionales. \u00a1Solicit\u00e1 tu cotizaci\u00f3n ya!","robots":{"index":"index","follow":"follow","max-snippet":"max-snippet:-1","max-image-preview":"max-image-preview:large","max-video-preview":"max-video-preview:-1"},"canonical":"https:\/\/graficacroquis.com.ar\/en\/productos\/tarjetas-personales\/","og_locale":"en_US","og_type":"article","og_title":"Tarjetas Personales - Gr\u00e1fica Croquis","og_description":"Tarjetas personales profesionales. \u00a1Solicit\u00e1 tu cotizaci\u00f3n ya!","og_url":"https:\/\/graficacroquis.com.ar\/en\/productos\/tarjetas-personales\/","og_site_name":"Gr\u00e1fica Croquis","article_publisher":"https:\/\/www.facebook.com\/pages\/category\/Printing-Service\/Grfica-Croquis-651710454881013\/","article_modified_time":"2026-01-22T14:29:19+00:00","og_image":[{"width":1333,"height":1000,"url":"https:\/\/graficacroquis.com.ar\/wp-content\/uploads\/2020\/04\/tarjetas-personales.jpg","type":"image\/jpeg"}],"twitter_card":"summary_large_image","twitter_site":"@GCroquis","twitter_misc":{"Est. reading time":"1 minute"},"schema":{"@context":"https:\/\/schema.org","@graph":[{"@type":"WebPage","@id":"https:\/\/graficacroquis.com.ar\/productos\/tarjetas-personales\/","url":"https:\/\/graficacroquis.com.ar\/productos\/tarjetas-personales\/","name":"Tarjetas Personales - Gr\u00e1fica Croquis","isPartOf":{"@id":"https:\/\/graficacroquis.com.ar\/#website"},"primaryImageOfPage":{"@id":"https:\/\/graficacroquis.com.ar\/productos\/tarjetas-personales\/#primaryimage"},"image":{"@id":"https:\/\/graficacroquis.com.ar\/productos\/tarjetas-personales\/#primaryimage"},"thumbnailUrl":"https:\/\/graficacroquis.com.ar\/wp-content\/uploads\/2020\/04\/tarjetas-personales.jpg","datePublished":"2020-01-31T10:21:52+00:00","dateModified":"2026-01-22T14:29:19+00:00","description":"Tarjetas personales profesionales. \u00a1Solicit\u00e1 tu cotizaci\u00f3n ya!","breadcrumb":{"@id":"https:\/\/graficacroquis.com.ar\/productos\/tarjetas-personales\/#breadcrumb"},"inLanguage":"en-US","potentialAction":[{"@type":"ReadAction","target":["https:\/\/graficacroquis.com.ar\/productos\/tarjetas-personales\/"]}]},{"@type":"ImageObject","inLanguage":"en-US","@id":"https:\/\/graficacroquis.com.ar\/productos\/tarjetas-personales\/#primaryimage","url":"https:\/\/graficacroquis.com.ar\/wp-content\/uploads\/2020\/04\/tarjetas-personales.jpg","contentUrl":"https:\/\/graficacroquis.com.ar\/wp-content\/uploads\/2020\/04\/tarjetas-personales.jpg","width":1333,"height":1000},{"@type":"BreadcrumbList","@id":"https:\/\/graficacroquis.com.ar\/productos\/tarjetas-personales\/#breadcrumb","itemListElement":[{"@type":"ListItem","position":1,"name":"Home","item":"https:\/\/graficacroquis.com.ar\/"},{"@type":"ListItem","position":2,"name":"Tienda","item":"https:\/\/graficacroquis.com.ar\/tienda\/"},{"@type":"ListItem","position":3,"name":"Tarjetas Personales"}]},{"@type":"WebSite","@id":"https:\/\/graficacroquis.com.ar\/#website","url":"https:\/\/graficacroquis.com.ar\/","name":"Gr\u00e1fica Croquis","description":"Imprenta offset, fotocopias, facturas, talonarios, anillados, encuadernacion, full color. Beccar, Buenos Aires.","publisher":{"@id":"https:\/\/graficacroquis.com.ar\/#organization"},"potentialAction":[{"@type":"SearchAction","target":{"@type":"EntryPoint","urlTemplate":"https:\/\/graficacroquis.com.ar\/?s={search_term_string}"},"query-input":{"@type":"PropertyValueSpecification","valueRequired":true,"valueName":"search_term_string"}}],"inLanguage":"en-US"},{"@type":"Organization","@id":"https:\/\/graficacroquis.com.ar\/#organization","name":"Gr\u00e1fica Croquis","url":"https:\/\/graficacroquis.com.ar\/","logo":{"@type":"ImageObject","inLanguage":"en-US","@id":"https:\/\/graficacroquis.com.ar\/#\/schema\/logo\/image\/","url":"https:\/\/graficacroquis.com.ar\/wp-content\/uploads\/2020\/01\/cropped-grafica-croquis-logo-inicio.png","contentUrl":"https:\/\/graficacroquis.com.ar\/wp-content\/uploads\/2020\/01\/cropped-grafica-croquis-logo-inicio.png","width":330,"height":156,"caption":"Gr\u00e1fica Croquis"},"image":{"@id":"https:\/\/graficacroquis.com.ar\/#\/schema\/logo\/image\/"},"sameAs":["https:\/\/www.facebook.com\/pages\/category\/Printing-Service\/Grfica-Croquis-651710454881013\/","https:\/\/x.com\/GCroquis","https:\/\/instagram.com\/graficacroquis?igshid=1mr4bte5w5mxi"]}]}},"_links":{"self":[{"href":"https:\/\/graficacroquis.com.ar\/en\/wp-json\/wp\/v2\/product\/1481","targetHints":{"allow":["GET"]}}],"collection":[{"href":"https:\/\/graficacroquis.com.ar\/en\/wp-json\/wp\/v2\/product"}],"about":[{"href":"https:\/\/graficacroquis.com.ar\/en\/wp-json\/wp\/v2\/types\/product"}],"replies":[{"embeddable":true,"href":"https:\/\/graficacroquis.com.ar\/en\/wp-json\/wp\/v2\/comments?post=1481"}],"wp:featuredmedia":[{"embeddable":true,"href":"https:\/\/graficacroquis.com.ar\/en\/wp-json\/wp\/v2\/media\/3732"}],"wp:attachment":[{"href":"https:\/\/graficacroquis.com.ar\/en\/wp-json\/wp\/v2\/media?parent=1481"}],"wp:term":[{"taxonomy":"product_brand","embeddable":true,"href":"https:\/\/graficacroquis.com.ar\/en\/wp-json\/wp\/v2\/product_brand?post=1481"},{"taxonomy":"product_cat","embeddable":true,"href":"https:\/\/graficacroquis.com.ar\/en\/wp-json\/wp\/v2\/product_cat?post=1481"},{"taxonomy":"product_tag","embeddable":true,"href":"https:\/\/graficacroquis.com.ar\/en\/wp-json\/wp\/v2\/product_tag?post=1481"}],"curies":[{"name":"wp","href":"https:\/\/api.w.org\/{rel}","templated":true}]}}