{"id":65,"date":"2017-06-20T11:43:39","date_gmt":"2017-06-20T14:43:39","guid":{"rendered":"http:\/\/alpha-color.ancorathemes.com\/?page_id=65"},"modified":"2025-01-07T17:36:12","modified_gmt":"2025-01-07T20:36:12","slug":"sobre-nosotros","status":"publish","type":"page","link":"https:\/\/graficacroquis.com.ar\/en\/sobre-nosotros\/","title":{"rendered":"Sobre Nosotros"},"content":{"rendered":"<div class=\"wpb-content-wrapper\"><div class=\"vc_row wpb_row vc_row-fluid\"><div class=\"wpb_column vc_column_container vc_col-sm-12 sc_layouts_column_icons_position_left\"><div class=\"vc_column-inner\"><div class=\"wpb_wrapper\"><div class=\"sc_layouts sc_layouts_default sc_layouts_1777\"><div class=\"vc_row wpb_row vc_row-fluid vc_row-o-equal-height vc_row-o-content-middle vc_row-flex\"><div class=\"wpb_column vc_column_container vc_col-sm-12 vc_col-md-6 sc_layouts_column_icons_position_left\"><div class=\"vc_column-inner\"><div class=\"wpb_wrapper\">\n\t<div  class=\"wpb_single_image wpb_content_element vc_align_left wpb_content_element vc_custom_1581575574196\">\n\t\t\n\t\t<figure class=\"wpb_wrapper vc_figure\">\n\t\t\t<div class=\"vc_single_image-wrapper   vc_box_border_grey\"><img loading=\"lazy\" decoding=\"async\" width=\"623\" height=\"960\" src=\"https:\/\/graficacroquis.com.ar\/wp-content\/uploads\/2020\/02\/56640080_2316607575057951_4096096553414950912_n-1.jpg\" class=\"vc_single_image-img attachment-full\" alt=\"\" title=\"56640080_2316607575057951_4096096553414950912_n (1)\" srcset=\"https:\/\/graficacroquis.com.ar\/wp-content\/uploads\/2020\/02\/56640080_2316607575057951_4096096553414950912_n-1.jpg 623w, https:\/\/graficacroquis.com.ar\/wp-content\/uploads\/2020\/02\/56640080_2316607575057951_4096096553414950912_n-1-600x925.jpg 600w, https:\/\/graficacroquis.com.ar\/wp-content\/uploads\/2020\/02\/56640080_2316607575057951_4096096553414950912_n-1-195x300.jpg 195w, https:\/\/graficacroquis.com.ar\/wp-content\/uploads\/2020\/02\/56640080_2316607575057951_4096096553414950912_n-1-370x570.jpg 370w\" sizes=\"auto, (max-width: 623px) 100vw, 623px\" \/><\/div>\n\t\t<\/figure>\n\t<\/div>\n<\/div><\/div><\/div><div class=\"wpb_column vc_column_container vc_col-sm-12 vc_col-md-6 sc_layouts_column_icons_position_left\"><div class=\"vc_column-inner\"><div class=\"wpb_wrapper\"><div class=\"vc_empty_space  hide_on_desktop hide_on_notebook height_large\"   style=\"height: 32px\"><span class=\"vc_empty_space_inner\"><\/span><\/div><div id=\"sc_content_905684971\"\n\t\tclass=\"sc_content color_style_default sc_content_default sc_float_center sc_padding_tiny\"><div class=\"sc_content_container\"><div id=\"sc_title_1554422299\"\n\t\tclass=\"sc_title color_style_default sc_title_default\"><h6 class=\"sc_item_subtitle sc_title_subtitle sc_align_left sc_item_title_style_default\">Artes Gr\u00e1ficas Croquis<\/h6><h3 class=\"sc_item_title sc_title_title sc_align_left sc_item_title_style_default\">Servicios Gr\u00e1ficos e Imprenta en Zona Norte<\/h3><div class=\"sc_item_descr sc_title_descr sc_align_left\"><p>Bienvenidos a Artes Gr\u00e1ficas Croquis<\/p>\n<p>Arte Gr\u00e1ficas Croquis es una imprenta que naci\u00f3 en la ciudad de Beccar en marzo de 1995. Con los a\u00f1os fuimos creciendo incorporando tecnolog\u00eda de acuerdo al avance del los nuevos tiempos.<\/p>\n<p>Realizamos impresiones:<\/p>\n<p>Offset fotocrom\u00eda<br \/>\nVolantes y folletos<br \/>\nImprenta autorizada AFIP:Facturas, remitos y recibos<br \/>\nHojas membretes, impresi\u00f3n de sobres y planillas<br \/>\nAutohadesivos<br \/>\nGr\u00e1fica digital full color en pliegos hasta 300 grs<br \/>\nImprenta r\u00e1pida sin cantidades minimas<br \/>\nDuplicaciones<br \/>\nFotocopias blanco y negro<br \/>\nAnillados<br \/>\nPlastificados<br \/>\nTerminacion: Compaginado, doblado y abrochado<\/p>\n<\/div><div class=\"sc_item_button sc_button_wrap sc_align_left\"><a href=\"https:\/\/graficacroquis.com.ar\/en\/contacto\/\" id=\"sc_button_1783069762\" class=\"sc_button color_style_default sc_button_default sc_item_button sc_item_button_default sc_title_button sc_button_size_normal sc_button_icon_left\"><span class=\"sc_button_text\"><span class=\"sc_button_title\">Contact\u00e1nos<\/span><\/span><!-- \/.sc_button_text --><\/a><!-- \/.sc_button --><\/div><!-- \/.sc_item_button --><\/div><!-- \/.sc_title --><\/div><\/div><!-- \/.sc_content --><\/div><\/div><\/div><div class=\"wpb_column vc_column_container vc_col-sm-12 sc_layouts_column_icons_position_left\"><div class=\"vc_column-inner\"><div class=\"wpb_wrapper\"><div class=\"vc_empty_space  height_huge\"   style=\"height: 32px\"><span class=\"vc_empty_space_inner\"><\/span><\/div><\/div><\/div><\/div><\/div><\/div><\/div><\/div><\/div><\/div>\n<\/div>","protected":false},"excerpt":{"rendered":"Artes Gr\u00e1ficas CroquisServicios Gr\u00e1ficos e Imprenta en Zona NorteBienvenidos a Artes Gr\u00e1ficas Croquis Arte Gr\u00e1ficas Croquis es una imprenta que naci\u00f3 en la ciudad de Beccar en marzo de 1995. Con los a\u00f1os fuimos creciendo incorporando tecnolog\u00eda de acuerdo al&hellip;","protected":false},"author":1,"featured_media":0,"parent":0,"menu_order":0,"comment_status":"closed","ping_status":"closed","template":"","meta":{"_joinchat":[],"footnotes":""},"class_list":["post-65","page","type-page","status-publish","hentry"],"yoast_head":"<!-- This site is optimized with the Yoast SEO plugin v27.1.1 - https:\/\/yoast.com\/product\/yoast-seo-wordpress\/ -->\n<title>Sobre Nosotros - Gr\u00e1fica Croquis<\/title>\n<meta name=\"description\" content=\"Artes Gr\u00e1ficas Croquis, imprenta l\u00edder en Beccar desde 1995. Innovaci\u00f3n y calidad.\" \/>\n<meta name=\"robots\" content=\"index, follow, max-snippet:-1, max-image-preview:large, max-video-preview:-1\" \/>\n<link rel=\"canonical\" href=\"https:\/\/graficacroquis.com.ar\/en\/sobre-nosotros\/\" \/>\n<meta property=\"og:locale\" content=\"en_US\" \/>\n<meta property=\"og:type\" content=\"article\" \/>\n<meta property=\"og:title\" content=\"Sobre Nosotros - Gr\u00e1fica Croquis\" \/>\n<meta property=\"og:description\" content=\"Artes Gr\u00e1ficas Croquis, imprenta l\u00edder en Beccar desde 1995. Innovaci\u00f3n y calidad.\" \/>\n<meta property=\"og:url\" content=\"https:\/\/graficacroquis.com.ar\/en\/sobre-nosotros\/\" \/>\n<meta property=\"og:site_name\" content=\"Gr\u00e1fica Croquis\" \/>\n<meta property=\"article:publisher\" content=\"https:\/\/www.facebook.com\/pages\/category\/Printing-Service\/Grfica-Croquis-651710454881013\/\" \/>\n<meta property=\"article:modified_time\" content=\"2025-01-07T20:36:12+00:00\" \/>\n<meta name=\"twitter:card\" content=\"summary_large_image\" \/>\n<meta name=\"twitter:site\" content=\"@GCroquis\" \/>\n<meta name=\"twitter:label1\" content=\"Est. reading time\" \/>\n\t<meta name=\"twitter:data1\" content=\"1 minute\" \/>\n<script type=\"application\/ld+json\" class=\"yoast-schema-graph\">{\"@context\":\"https:\/\/schema.org\",\"@graph\":[{\"@type\":\"WebPage\",\"@id\":\"https:\/\/graficacroquis.com.ar\/sobre-nosotros\/\",\"url\":\"https:\/\/graficacroquis.com.ar\/sobre-nosotros\/\",\"name\":\"Sobre Nosotros - Gr\u00e1fica Croquis\",\"isPartOf\":{\"@id\":\"https:\/\/graficacroquis.com.ar\/#website\"},\"datePublished\":\"2017-06-20T14:43:39+00:00\",\"dateModified\":\"2025-01-07T20:36:12+00:00\",\"description\":\"Artes Gr\u00e1ficas Croquis, imprenta l\u00edder en Beccar desde 1995. Innovaci\u00f3n y calidad.\",\"breadcrumb\":{\"@id\":\"https:\/\/graficacroquis.com.ar\/sobre-nosotros\/#breadcrumb\"},\"inLanguage\":\"en-US\",\"potentialAction\":[{\"@type\":\"ReadAction\",\"target\":[\"https:\/\/graficacroquis.com.ar\/sobre-nosotros\/\"]}]},{\"@type\":\"BreadcrumbList\",\"@id\":\"https:\/\/graficacroquis.com.ar\/sobre-nosotros\/#breadcrumb\",\"itemListElement\":[{\"@type\":\"ListItem\",\"position\":1,\"name\":\"Home\",\"item\":\"https:\/\/graficacroquis.com.ar\/\"},{\"@type\":\"ListItem\",\"position\":2,\"name\":\"Sobre Nosotros\"}]},{\"@type\":\"WebSite\",\"@id\":\"https:\/\/graficacroquis.com.ar\/#website\",\"url\":\"https:\/\/graficacroquis.com.ar\/\",\"name\":\"Gr\u00e1fica Croquis\",\"description\":\"Imprenta offset, fotocopias, facturas, talonarios, anillados, encuadernacion, full color. Beccar, Buenos Aires.\",\"publisher\":{\"@id\":\"https:\/\/graficacroquis.com.ar\/#organization\"},\"potentialAction\":[{\"@type\":\"SearchAction\",\"target\":{\"@type\":\"EntryPoint\",\"urlTemplate\":\"https:\/\/graficacroquis.com.ar\/?s={search_term_string}\"},\"query-input\":{\"@type\":\"PropertyValueSpecification\",\"valueRequired\":true,\"valueName\":\"search_term_string\"}}],\"inLanguage\":\"en-US\"},{\"@type\":\"Organization\",\"@id\":\"https:\/\/graficacroquis.com.ar\/#organization\",\"name\":\"Gr\u00e1fica Croquis\",\"url\":\"https:\/\/graficacroquis.com.ar\/\",\"logo\":{\"@type\":\"ImageObject\",\"inLanguage\":\"en-US\",\"@id\":\"https:\/\/graficacroquis.com.ar\/#\/schema\/logo\/image\/\",\"url\":\"https:\/\/graficacroquis.com.ar\/wp-content\/uploads\/2020\/01\/cropped-grafica-croquis-logo-inicio.png\",\"contentUrl\":\"https:\/\/graficacroquis.com.ar\/wp-content\/uploads\/2020\/01\/cropped-grafica-croquis-logo-inicio.png\",\"width\":330,\"height\":156,\"caption\":\"Gr\u00e1fica Croquis\"},\"image\":{\"@id\":\"https:\/\/graficacroquis.com.ar\/#\/schema\/logo\/image\/\"},\"sameAs\":[\"https:\/\/www.facebook.com\/pages\/category\/Printing-Service\/Grfica-Croquis-651710454881013\/\",\"https:\/\/x.com\/GCroquis\",\"https:\/\/instagram.com\/graficacroquis?igshid=1mr4bte5w5mxi\"]}]}<\/script>\n<!-- \/ Yoast SEO plugin. -->","yoast_head_json":{"title":"Sobre Nosotros - Gr\u00e1fica Croquis","description":"Artes Gr\u00e1ficas Croquis, imprenta l\u00edder en Beccar desde 1995. Innovaci\u00f3n y calidad.","robots":{"index":"index","follow":"follow","max-snippet":"max-snippet:-1","max-image-preview":"max-image-preview:large","max-video-preview":"max-video-preview:-1"},"canonical":"https:\/\/graficacroquis.com.ar\/en\/sobre-nosotros\/","og_locale":"en_US","og_type":"article","og_title":"Sobre Nosotros - Gr\u00e1fica Croquis","og_description":"Artes Gr\u00e1ficas Croquis, imprenta l\u00edder en Beccar desde 1995. Innovaci\u00f3n y calidad.","og_url":"https:\/\/graficacroquis.com.ar\/en\/sobre-nosotros\/","og_site_name":"Gr\u00e1fica Croquis","article_publisher":"https:\/\/www.facebook.com\/pages\/category\/Printing-Service\/Grfica-Croquis-651710454881013\/","article_modified_time":"2025-01-07T20:36:12+00:00","twitter_card":"summary_large_image","twitter_site":"@GCroquis","twitter_misc":{"Est. reading time":"1 minute"},"schema":{"@context":"https:\/\/schema.org","@graph":[{"@type":"WebPage","@id":"https:\/\/graficacroquis.com.ar\/sobre-nosotros\/","url":"https:\/\/graficacroquis.com.ar\/sobre-nosotros\/","name":"Sobre Nosotros - Gr\u00e1fica Croquis","isPartOf":{"@id":"https:\/\/graficacroquis.com.ar\/#website"},"datePublished":"2017-06-20T14:43:39+00:00","dateModified":"2025-01-07T20:36:12+00:00","description":"Artes Gr\u00e1ficas Croquis, imprenta l\u00edder en Beccar desde 1995. Innovaci\u00f3n y calidad.","breadcrumb":{"@id":"https:\/\/graficacroquis.com.ar\/sobre-nosotros\/#breadcrumb"},"inLanguage":"en-US","potentialAction":[{"@type":"ReadAction","target":["https:\/\/graficacroquis.com.ar\/sobre-nosotros\/"]}]},{"@type":"BreadcrumbList","@id":"https:\/\/graficacroquis.com.ar\/sobre-nosotros\/#breadcrumb","itemListElement":[{"@type":"ListItem","position":1,"name":"Home","item":"https:\/\/graficacroquis.com.ar\/"},{"@type":"ListItem","position":2,"name":"Sobre Nosotros"}]},{"@type":"WebSite","@id":"https:\/\/graficacroquis.com.ar\/#website","url":"https:\/\/graficacroquis.com.ar\/","name":"Gr\u00e1fica Croquis","description":"Imprenta offset, fotocopias, facturas, talonarios, anillados, encuadernacion, full color. Beccar, Buenos Aires.","publisher":{"@id":"https:\/\/graficacroquis.com.ar\/#organization"},"potentialAction":[{"@type":"SearchAction","target":{"@type":"EntryPoint","urlTemplate":"https:\/\/graficacroquis.com.ar\/?s={search_term_string}"},"query-input":{"@type":"PropertyValueSpecification","valueRequired":true,"valueName":"search_term_string"}}],"inLanguage":"en-US"},{"@type":"Organization","@id":"https:\/\/graficacroquis.com.ar\/#organization","name":"Gr\u00e1fica Croquis","url":"https:\/\/graficacroquis.com.ar\/","logo":{"@type":"ImageObject","inLanguage":"en-US","@id":"https:\/\/graficacroquis.com.ar\/#\/schema\/logo\/image\/","url":"https:\/\/graficacroquis.com.ar\/wp-content\/uploads\/2020\/01\/cropped-grafica-croquis-logo-inicio.png","contentUrl":"https:\/\/graficacroquis.com.ar\/wp-content\/uploads\/2020\/01\/cropped-grafica-croquis-logo-inicio.png","width":330,"height":156,"caption":"Gr\u00e1fica Croquis"},"image":{"@id":"https:\/\/graficacroquis.com.ar\/#\/schema\/logo\/image\/"},"sameAs":["https:\/\/www.facebook.com\/pages\/category\/Printing-Service\/Grfica-Croquis-651710454881013\/","https:\/\/x.com\/GCroquis","https:\/\/instagram.com\/graficacroquis?igshid=1mr4bte5w5mxi"]}]}},"_links":{"self":[{"href":"https:\/\/graficacroquis.com.ar\/en\/wp-json\/wp\/v2\/pages\/65","targetHints":{"allow":["GET"]}}],"collection":[{"href":"https:\/\/graficacroquis.com.ar\/en\/wp-json\/wp\/v2\/pages"}],"about":[{"href":"https:\/\/graficacroquis.com.ar\/en\/wp-json\/wp\/v2\/types\/page"}],"author":[{"embeddable":true,"href":"https:\/\/graficacroquis.com.ar\/en\/wp-json\/wp\/v2\/users\/1"}],"replies":[{"embeddable":true,"href":"https:\/\/graficacroquis.com.ar\/en\/wp-json\/wp\/v2\/comments?post=65"}],"version-history":[{"count":8,"href":"https:\/\/graficacroquis.com.ar\/en\/wp-json\/wp\/v2\/pages\/65\/revisions"}],"predecessor-version":[{"id":4560,"href":"https:\/\/graficacroquis.com.ar\/en\/wp-json\/wp\/v2\/pages\/65\/revisions\/4560"}],"wp:attachment":[{"href":"https:\/\/graficacroquis.com.ar\/en\/wp-json\/wp\/v2\/media?parent=65"}],"curies":[{"name":"wp","href":"https:\/\/api.w.org\/{rel}","templated":true}]}}