{"id":3979,"date":"2020-10-23T16:45:36","date_gmt":"2020-10-23T19:45:36","guid":{"rendered":"https:\/\/graficacroquis.com.ar\/?page_id=3979"},"modified":"2020-10-25T19:43:43","modified_gmt":"2020-10-25T22:43:43","slug":"terminos-y-condiciones","status":"publish","type":"page","link":"https:\/\/graficacroquis.com.ar\/en\/terminos-y-condiciones\/","title":{"rendered":"T\u00e9rminos y Condiciones"},"content":{"rendered":"<p class=\"p1\">Las presentes condiciones generales de contrataci\u00f3n se aplican a todas las transacciones comerciales realizadas a trav\u00e9s del portal www.graficacroquis.com.ar (en lo que sigue, portal) ya se realicen con personas o entidades p\u00fablicas o privadas (en adelante el cliente) como consecuencia de la adquisici\u00f3n de bienes o la prestaci\u00f3n de servicios a trav\u00e9s del portal.<\/p>\n<p class=\"p1\">De este modo, por el mero hecho de visitar, adquirir productos o recibir los servicios que se ofrecen a trav\u00e9s del portal, el usuario o cliente asume sin ning\u00fan tipo de reserva las obligaciones establecidas en estas condiciones generales de contrataci\u00f3n.<\/p>\n<p class=\"p1\">Por ello, antes de iniciar cualquier proceso de contrataci\u00f3n le recomendamos que lea con atenci\u00f3n el contenido de estas condiciones e, incluso, de otras condiciones particulares por raz\u00f3n del concreto bien o servicio.<\/p>\n<p class=\"p1\">La contrataci\u00f3n de bienes y servicios se encuentra igualmente sometida a las condiciones previstas en el Pol\u00edtica de Privacidad de www.graficacroquis.com.ar que tendr\u00e1 car\u00e1cter de normativa complementaria respecto a lo no previsto en estas condiciones generales y en lo que no se oponga a las mismas.<\/p>\n<p class=\"p1\"><b>1. IDENTIFICACI\u00d3N<\/b><\/p>\n<p class=\"p1\">El portal <a href=\"https:\/\/graficacroquis.com.ar\/en\/\"><span class=\"s1\">www.graficacroquis.com.ar<\/span><\/a><span class=\"Apple-converted-space\">\u00a0 <\/span>pertenece a la empresa unipersonal CARLOS JUNCOS (CUIT 20-17359678-3) (de ahora en adelante \u00abARTES GRAFICAS CROQUIS\u00bb o \u00abLa empresa\u00bb)<span class=\"Apple-converted-space\">\u00a0\u00a0<\/span>con domicilio fiscal en Juan B. Justo 46. Beccar, Provincia de Buenos Aires, Argentina. Cualquier comunicaci\u00f3n se podr\u00e1 dirigir al anterior domicilio postal o la direcci\u00f3n de correo electr\u00f3nico <a href=\"mailto:graficacroquis@fibertel.com.ar\"><span class=\"s1\">graficacroquis@fibertel.com.ar<\/span><\/a><\/p>\n<p class=\"p1\"><b>2. ACTIVIDAD <\/b><\/p>\n<p class=\"p1\">www.graficacroquis.com es un portal donde se ofrecen servicios y productos relacionados con la imprenta, la imagen corporativa y el dise\u00f1o gr\u00e1fico.<\/p>\n<p class=\"p1\"><b>3. CONTENIDOS E INFORMACI\u00d3N SUMINISTRADA EN EL WEBSITE<\/b><\/p>\n<p class=\"p1\">El portal www.graficacroquis.com.ar se reserva el derecho a modificar en cualquier momento la oferta comercial presentada en el sitio web (modificaciones sobre productos, precios, promociones y otras condiciones comerciales y de servicio). La EMPRESA har\u00e1 todos los esfuerzos necesarios dentro de sus medios para que la informaci\u00f3n contenida en el sitio web sea veraz y sin errores tipogr\u00e1ficos.<\/p>\n<p class=\"p1\">En el caso que, en alg\u00fan momento, se produjera alg\u00fan error de este tipo, ajeno en todo momento a la voluntad de www.graficacroquis.com.ar, se proceder\u00eda inmediatamente a su correcci\u00f3n. Si existiese un error tipogr\u00e1fico en alguno de los precios mostrados y alg\u00fan cliente hubiera tomado una decisi\u00f3n de compra bas\u00e1ndose en dicho error, www.graficacroquis.com.ar le comunicar\u00e1 al cliente dicho error y \u00e9ste estar\u00e1 en su derecho a rescindir su compra sin ning\u00fan coste por su parte.<\/p>\n<p class=\"p1\"><b>4. TIPOS DE PRODUCTOS Y SERVICIOS<\/b><\/p>\n<p class=\"p1\">A trav\u00e9s del portal www.graficacroquis.com.ar se ofrecen diferentes tipos de productos y servicios. Teniendo en cuenta su procedencia podemos distinguir los siguientes tipos de bienes y servicios: bienes y servicios producidos o prestados por ARTES GRAFICAS CROQUIS directamente y bienes y servicios producidos o prestados por terceras empresas que www.graficacroquis.com.ar pone a la venta. Respecto a cada uno de los productos o servicios se podr\u00e1 incluir una foto o gr\u00e1fico que reproduzca el aspecto externo del producto\/servicio, as\u00ed como un resumen o comentario sobre los aspectos y caracter\u00edsticas m\u00e1s importantes de los mismos. Junto a esa posible informaci\u00f3n se a\u00f1adir\u00e1 el precio de venta o de prestaci\u00f3n del servicio expresado en pesos argentinos, incluidos los impuestos que legalmente correspondan. Adem\u00e1s, para determinados productos o servicios www.graficacroquis.com.ar podr\u00e1 establecer los enlaces e hiperv\u00ednculos que estime necesarios para ampliar la informaci\u00f3n sobre los mismos, y que, a su vez, tambi\u00e9n podr\u00e1n contener otras tantas condiciones particulares a las que se sometan aqu\u00e9llos y que el cliente deber\u00e1 leer y aceptar con car\u00e1cter previo a la contrataci\u00f3n.<\/p>\n<p class=\"p1\">El cliente ser\u00e1 absolutamente responsable de la utilizaci\u00f3n que haga del bien o servicio contratado exonerando a www.graficacroquis.com.ar de la responsabilidad derivada de cualquier da\u00f1o que pudiera irrogarse por tales motivos. www.graficacroquis.com.ar tiene como principal objetivo proporcionar a sus clientes la posibilidad de utilizar los medios telem\u00e1ticos (internet, tel\u00e9fono, correo electr\u00f3nico o chat online) para acceder a la cartera de servicios que ofrece su portal, as\u00ed como facilitar la consulta de su cat\u00e1logo y tarifas.<\/p>\n<p class=\"p1\"><b>4.1 SOBRE EL DISE\u00d1O GR\u00c1FICO<\/b><\/p>\n<p class=\"p1\">Todos los dise\u00f1os expuestos para la venta en www.graficacroquis.com.ar son exclusivamente para la impresi\u00f3n desde nuestra plataforma y cualquier dise\u00f1o que se contrate para impresi\u00f3n fuera de nuestra plataforma deber\u00e1 ser comprado en exclusiva y los derechos del dise\u00f1o, las im\u00e1genes y los motivos incluidos en el mismo deber\u00e1n ser abonados.<\/p>\n<p class=\"p1\"><b>5. IMPUESTOS APLICABLES<\/b><\/p>\n<p class=\"p1\">Los precios de los productos, contenidos y servicios expuestos en el portal www.graficacroquis.com.ar incluyen el Impuesto sobre el Valor A\u00f1adido (IVA), o cualquier otro que, en su caso, sea procedente aplicar que se especificar\u00e1n de forma separada. Ser\u00e1n por cuenta del cliente tales impuestos, as\u00ed como cualquier otro que resulten de aplicaci\u00f3n a la transacci\u00f3n comercial realizada.<\/p>\n<p class=\"p1\"><b>6. PRECIOS, FORMAS DE PAGO E INFORMACI\u00d3N SOBRE EL PEDIDO <\/b><\/p>\n<p class=\"p1\">www.graficacroquis.com.ar es una plataforma din\u00e1mica que maneja en la actualidad en tornos a 2.000 precios que cambian continuamente por lo que no podemos garantizar que se mantenga un precio obtenido en una fecha concreta. Los precios que se dan en nuestros presupuestos cambian de acuerdo a los que puede ver en nuestra plataforma online, le recomendamos que consulte habitualmente nuestra Web para disponer de los \u00faltimos precios marcados para cada producto.<\/p>\n<p class=\"p1\"><b>Formas de pago<\/b><\/p>\n<p class=\"p1\">\u25aa Tarjeta de cr\u00e9dito o d\u00e9bito s\u00f3lo compras a trav\u00e9s de la web y local comercial.<\/p>\n<p class=\"p1\">\u25aa Transferencia bancaria.<\/p>\n<p class=\"p1\">\u25aa Mercado Pago<\/p>\n<p class=\"p1\">El cliente ingresar\u00e1 el dinero en la cuenta de www.graficacroquis.com.ar, indicando su nombre y apellidos y el n\u00famero de pedido o art\u00edculo\/s que compra. Si el pago es mediante tarjeta de cr\u00e9dito debito habr\u00e1 constancia del ingreso a trav\u00e9s de internet en pocos minutos. Si el pago es mediante transferencia bancaria tendremos constancia en 1 \u00f3 2 d\u00edas h\u00e1biles. Si es urgente que procesemos su pedido puede enviarnos el comprobante de pago v\u00eda email a <a href=\"mailto:graficacroquis@fibertel.com.ar\"><span class=\"s1\">graficacroquis@fibertel.com.ar<\/span><\/a><\/p>\n<p class=\"p1\"><b>Plazos de entrega<\/b><\/p>\n<p class=\"p1\">El plazo de entrega de los productos es seg\u00fan el plazo de producci\u00f3n del producto que puede variar de 3 a 14 d\u00edas laborables dependiendo su complejidad, los d\u00edas se encuentran debidamente detallados al momento de seleccionar los atributos y terminaci\u00f3n del producto o servicio en el portal. Recuerde que, las fechas de entrega son v\u00e1lidas para la entrega del producto y despacho de la encomienda en donde por cuestiones que se escapan a nuestro control puede variar segun cada empresa de transporte.<\/p>\n<p class=\"p1\"><b>Anulaci\u00f3n de pedidos<\/b><\/p>\n<p class=\"p1\">Para poder realizar la anulaci\u00f3n de un pedido \u00e9ste no debe estar en proceso de producci\u00f3n, una vez comenzado el proceso de producci\u00f3n de su pedido no se admiten devoluciones de ning\u00fan tipo. En el caso de que su pedido no est\u00e9 en proceso de producci\u00f3n se aceptar\u00e1 la devoluci\u00f3n del mismo y se devolver\u00e1 el pago del mismo menos el 3% del valor total de pedido por los gastos bancarios ocasionados a graficacroquis imprenta digital.<\/p>\n<p class=\"p1\"><b>Quejas sobre el producto impreso<\/b><\/p>\n<p class=\"p1\">Gracias al PSD o Proceso de Impresi\u00f3n Digital, se asegura la calidad de la producci\u00f3n desde la recepci\u00f3n de los datos hasta la finalizaci\u00f3n del producto obteniendo los colores exactos seg\u00fan un est\u00e1ndar establecido. No obstante, el cliente puede no sentirse satisfecho con el producto impreso y puede realizar un reclamo. Los pasos a seguir para realizar un reclamo sobre un producto defectuoso son los siguientes:<\/p>\n<p class=\"p1\">\u25aa Realice fotograf\u00edas con una c\u00e1mara fotogr\u00e1fica y luz natural del problema de su pedido.<\/p>\n<p class=\"p1\">\u25aa Env\u00edenos las im\u00e1genes al correo: graficacroquis@fibertel.com.ar y ll\u00e1menos al tel\u00e9fono 4743-2858 o escribanos al whatsapp <a href=\"tel:011%205666-4956\"><span class=\"s1\">011 5666-4956<\/span><\/a> para comprobar que todo ha llegado correctamente.<\/p>\n<p class=\"p1\">\u25aa Det\u00e1llenos el n\u00famero de pedido que le notificamos en el momento de la compra y su reclamo.<\/p>\n<p class=\"p1\"><b>7. OBLIGACIONES DEL CLIENTE<\/b><\/p>\n<p class=\"p1\">El cliente de www.graficacroquis.com,.ar se compromete en todo momento a facilitar informaci\u00f3n veraz sobre los datos solicitados en los formularios de registro de usuario o de realizaci\u00f3n del pedido y a mantenerlos actualizados en todo momento. As\u00ed mismo se compromete a aceptar todas las disposiciones y condiciones recogidas en las presentes Condiciones Generales de Contrataci\u00f3n o en otras de car\u00e1cter particular, entendiendo que recogen la mejor voluntad de servicio posible para el tipo de actividad que desarrolla www.graficacroquis.com.ar, comprometi\u00e9ndose a guardar de forma confidencial y con la m\u00e1xima diligencia sus claves de acceso personal a este sitio web y resultando el \u00fanico responsable de los actos que terceros, de forma consentida o no, realicen mediante la utilizaci\u00f3n de estas claves.<\/p>\n<p class=\"p1\"><b>8. SEGURIDAD Y CONFIDENCIALIDAD <\/b><\/p>\n<p class=\"p1\">La empresa, garantiza la seguridad y confidencialidad en todas sus comunicaciones con sus clientes. Todas las operaciones de pago on-line se realizan a trav\u00e9s de Mercado Pago (servidor seguro), que protege los datos frente a intentos de violaci\u00f3n por terceros.<\/p>\n<p class=\"p1\">www.graficacroquis.com.ar garantiza la protecci\u00f3n y confidencialidad de los datos personales, domiciliarios, de pago y de cualquier otro tipo que nos proporcionen nuestros clientes.<\/p>\n<p class=\"p1\">Todos los datos facilitados por nuestros clientes a www.graficacroquis.com.ar ser\u00e1n incluidos en un fichero automatizado de datos de car\u00e1cter personal creado y mantenido bajo la responsabilidad de la empresa con la finalidad que se establezca en cada formulario de recogida de datos. En dicho formulario se permitir\u00e1 aceptar o no distintas finalidades y usos necesarios para el cumplimiento del presente contrato.<\/p>\n<p class=\"p1\"><b>9. EXTINCI\u00d3N DEL CONTRATO<\/b><\/p>\n<p class=\"p1\">El presente contrato se extinguir\u00e1 cuando ambas partes cumplan con las obligaciones a las que se comprometen en el mismo, as\u00ed como en los dem\u00e1s casos legalmente previstos.<\/p>\n<p class=\"p1\"><b>10. INVALIDEZ Y NULIDAD PARCIAL <\/b><\/p>\n<p class=\"p1\">Si alguna de las disposiciones de este contrato fuera considerada nula o inaplicable, dicha nulidad o inaplicabilidad no afectar\u00e1 a las otras disposiciones del contrato, las cuales conservar\u00e1n toda su vigencia<\/p>","protected":false},"excerpt":{"rendered":"<p>Las presentes condiciones generales de contrataci\u00f3n se aplican a todas las transacciones comerciales realizadas a trav\u00e9s del portal www.graficacroquis.com.ar (en lo que sigue, portal) ya se realicen con personas o entidades p\u00fablicas o privadas (en adelante el cliente) como consecuencia&hellip;<\/p>","protected":false},"author":1,"featured_media":0,"parent":0,"menu_order":0,"comment_status":"closed","ping_status":"closed","template":"","meta":{"_joinchat":[],"footnotes":""},"class_list":["post-3979","page","type-page","status-publish","hentry"],"yoast_head":"<!-- This site is optimized with the Yoast SEO plugin v27.1.1 - https:\/\/yoast.com\/product\/yoast-seo-wordpress\/ -->\n<title>T\u00e9rminos y Condiciones - Gr\u00e1fica Croquis<\/title>\n<meta name=\"robots\" content=\"index, follow, max-snippet:-1, max-image-preview:large, max-video-preview:-1\" \/>\n<link rel=\"canonical\" href=\"https:\/\/graficacroquis.com.ar\/en\/terminos-y-condiciones\/\" \/>\n<meta property=\"og:locale\" content=\"en_US\" \/>\n<meta property=\"og:type\" content=\"article\" \/>\n<meta property=\"og:title\" content=\"T\u00e9rminos y Condiciones - Gr\u00e1fica Croquis\" \/>\n<meta property=\"og:description\" content=\"Las presentes condiciones generales de contrataci\u00f3n se aplican a todas las transacciones comerciales realizadas a trav\u00e9s del portal www.graficacroquis.com.ar (en lo que sigue, portal) ya se realicen con personas o entidades p\u00fablicas o privadas (en adelante el cliente) como consecuencia&hellip;\" \/>\n<meta property=\"og:url\" content=\"https:\/\/graficacroquis.com.ar\/en\/terminos-y-condiciones\/\" \/>\n<meta property=\"og:site_name\" content=\"Gr\u00e1fica Croquis\" \/>\n<meta property=\"article:publisher\" content=\"https:\/\/www.facebook.com\/pages\/category\/Printing-Service\/Grfica-Croquis-651710454881013\/\" \/>\n<meta property=\"article:modified_time\" content=\"2020-10-25T22:43:43+00:00\" \/>\n<meta name=\"twitter:card\" content=\"summary_large_image\" \/>\n<meta name=\"twitter:site\" content=\"@GCroquis\" \/>\n<meta name=\"twitter:label1\" content=\"Est. reading time\" \/>\n\t<meta name=\"twitter:data1\" content=\"9 minutes\" \/>\n<script type=\"application\/ld+json\" class=\"yoast-schema-graph\">{\"@context\":\"https:\/\/schema.org\",\"@graph\":[{\"@type\":\"WebPage\",\"@id\":\"https:\/\/graficacroquis.com.ar\/terminos-y-condiciones\/\",\"url\":\"https:\/\/graficacroquis.com.ar\/terminos-y-condiciones\/\",\"name\":\"T\u00e9rminos y Condiciones - Gr\u00e1fica Croquis\",\"isPartOf\":{\"@id\":\"https:\/\/graficacroquis.com.ar\/#website\"},\"datePublished\":\"2020-10-23T19:45:36+00:00\",\"dateModified\":\"2020-10-25T22:43:43+00:00\",\"breadcrumb\":{\"@id\":\"https:\/\/graficacroquis.com.ar\/terminos-y-condiciones\/#breadcrumb\"},\"inLanguage\":\"en-US\",\"potentialAction\":[{\"@type\":\"ReadAction\",\"target\":[\"https:\/\/graficacroquis.com.ar\/terminos-y-condiciones\/\"]}]},{\"@type\":\"BreadcrumbList\",\"@id\":\"https:\/\/graficacroquis.com.ar\/terminos-y-condiciones\/#breadcrumb\",\"itemListElement\":[{\"@type\":\"ListItem\",\"position\":1,\"name\":\"Home\",\"item\":\"https:\/\/graficacroquis.com.ar\/\"},{\"@type\":\"ListItem\",\"position\":2,\"name\":\"T\u00e9rminos y Condiciones\"}]},{\"@type\":\"WebSite\",\"@id\":\"https:\/\/graficacroquis.com.ar\/#website\",\"url\":\"https:\/\/graficacroquis.com.ar\/\",\"name\":\"Gr\u00e1fica Croquis\",\"description\":\"Imprenta offset, fotocopias, facturas, talonarios, anillados, encuadernacion, full color. Beccar, Buenos Aires.\",\"publisher\":{\"@id\":\"https:\/\/graficacroquis.com.ar\/#organization\"},\"potentialAction\":[{\"@type\":\"SearchAction\",\"target\":{\"@type\":\"EntryPoint\",\"urlTemplate\":\"https:\/\/graficacroquis.com.ar\/?s={search_term_string}\"},\"query-input\":{\"@type\":\"PropertyValueSpecification\",\"valueRequired\":true,\"valueName\":\"search_term_string\"}}],\"inLanguage\":\"en-US\"},{\"@type\":\"Organization\",\"@id\":\"https:\/\/graficacroquis.com.ar\/#organization\",\"name\":\"Gr\u00e1fica Croquis\",\"url\":\"https:\/\/graficacroquis.com.ar\/\",\"logo\":{\"@type\":\"ImageObject\",\"inLanguage\":\"en-US\",\"@id\":\"https:\/\/graficacroquis.com.ar\/#\/schema\/logo\/image\/\",\"url\":\"https:\/\/graficacroquis.com.ar\/wp-content\/uploads\/2020\/01\/cropped-grafica-croquis-logo-inicio.png\",\"contentUrl\":\"https:\/\/graficacroquis.com.ar\/wp-content\/uploads\/2020\/01\/cropped-grafica-croquis-logo-inicio.png\",\"width\":330,\"height\":156,\"caption\":\"Gr\u00e1fica Croquis\"},\"image\":{\"@id\":\"https:\/\/graficacroquis.com.ar\/#\/schema\/logo\/image\/\"},\"sameAs\":[\"https:\/\/www.facebook.com\/pages\/category\/Printing-Service\/Grfica-Croquis-651710454881013\/\",\"https:\/\/x.com\/GCroquis\",\"https:\/\/instagram.com\/graficacroquis?igshid=1mr4bte5w5mxi\"]}]}<\/script>\n<!-- \/ Yoast SEO plugin. -->","yoast_head_json":{"title":"T\u00e9rminos y Condiciones - Gr\u00e1fica Croquis","robots":{"index":"index","follow":"follow","max-snippet":"max-snippet:-1","max-image-preview":"max-image-preview:large","max-video-preview":"max-video-preview:-1"},"canonical":"https:\/\/graficacroquis.com.ar\/en\/terminos-y-condiciones\/","og_locale":"en_US","og_type":"article","og_title":"T\u00e9rminos y Condiciones - Gr\u00e1fica Croquis","og_description":"Las presentes condiciones generales de contrataci\u00f3n se aplican a todas las transacciones comerciales realizadas a trav\u00e9s del portal www.graficacroquis.com.ar (en lo que sigue, portal) ya se realicen con personas o entidades p\u00fablicas o privadas (en adelante el cliente) como consecuencia&hellip;","og_url":"https:\/\/graficacroquis.com.ar\/en\/terminos-y-condiciones\/","og_site_name":"Gr\u00e1fica Croquis","article_publisher":"https:\/\/www.facebook.com\/pages\/category\/Printing-Service\/Grfica-Croquis-651710454881013\/","article_modified_time":"2020-10-25T22:43:43+00:00","twitter_card":"summary_large_image","twitter_site":"@GCroquis","twitter_misc":{"Est. reading time":"9 minutes"},"schema":{"@context":"https:\/\/schema.org","@graph":[{"@type":"WebPage","@id":"https:\/\/graficacroquis.com.ar\/terminos-y-condiciones\/","url":"https:\/\/graficacroquis.com.ar\/terminos-y-condiciones\/","name":"T\u00e9rminos y Condiciones - Gr\u00e1fica Croquis","isPartOf":{"@id":"https:\/\/graficacroquis.com.ar\/#website"},"datePublished":"2020-10-23T19:45:36+00:00","dateModified":"2020-10-25T22:43:43+00:00","breadcrumb":{"@id":"https:\/\/graficacroquis.com.ar\/terminos-y-condiciones\/#breadcrumb"},"inLanguage":"en-US","potentialAction":[{"@type":"ReadAction","target":["https:\/\/graficacroquis.com.ar\/terminos-y-condiciones\/"]}]},{"@type":"BreadcrumbList","@id":"https:\/\/graficacroquis.com.ar\/terminos-y-condiciones\/#breadcrumb","itemListElement":[{"@type":"ListItem","position":1,"name":"Home","item":"https:\/\/graficacroquis.com.ar\/"},{"@type":"ListItem","position":2,"name":"T\u00e9rminos y Condiciones"}]},{"@type":"WebSite","@id":"https:\/\/graficacroquis.com.ar\/#website","url":"https:\/\/graficacroquis.com.ar\/","name":"Gr\u00e1fica Croquis","description":"Imprenta offset, fotocopias, facturas, talonarios, anillados, encuadernacion, full color. Beccar, Buenos Aires.","publisher":{"@id":"https:\/\/graficacroquis.com.ar\/#organization"},"potentialAction":[{"@type":"SearchAction","target":{"@type":"EntryPoint","urlTemplate":"https:\/\/graficacroquis.com.ar\/?s={search_term_string}"},"query-input":{"@type":"PropertyValueSpecification","valueRequired":true,"valueName":"search_term_string"}}],"inLanguage":"en-US"},{"@type":"Organization","@id":"https:\/\/graficacroquis.com.ar\/#organization","name":"Gr\u00e1fica Croquis","url":"https:\/\/graficacroquis.com.ar\/","logo":{"@type":"ImageObject","inLanguage":"en-US","@id":"https:\/\/graficacroquis.com.ar\/#\/schema\/logo\/image\/","url":"https:\/\/graficacroquis.com.ar\/wp-content\/uploads\/2020\/01\/cropped-grafica-croquis-logo-inicio.png","contentUrl":"https:\/\/graficacroquis.com.ar\/wp-content\/uploads\/2020\/01\/cropped-grafica-croquis-logo-inicio.png","width":330,"height":156,"caption":"Gr\u00e1fica Croquis"},"image":{"@id":"https:\/\/graficacroquis.com.ar\/#\/schema\/logo\/image\/"},"sameAs":["https:\/\/www.facebook.com\/pages\/category\/Printing-Service\/Grfica-Croquis-651710454881013\/","https:\/\/x.com\/GCroquis","https:\/\/instagram.com\/graficacroquis?igshid=1mr4bte5w5mxi"]}]}},"_links":{"self":[{"href":"https:\/\/graficacroquis.com.ar\/en\/wp-json\/wp\/v2\/pages\/3979","targetHints":{"allow":["GET"]}}],"collection":[{"href":"https:\/\/graficacroquis.com.ar\/en\/wp-json\/wp\/v2\/pages"}],"about":[{"href":"https:\/\/graficacroquis.com.ar\/en\/wp-json\/wp\/v2\/types\/page"}],"author":[{"embeddable":true,"href":"https:\/\/graficacroquis.com.ar\/en\/wp-json\/wp\/v2\/users\/1"}],"replies":[{"embeddable":true,"href":"https:\/\/graficacroquis.com.ar\/en\/wp-json\/wp\/v2\/comments?post=3979"}],"version-history":[{"count":2,"href":"https:\/\/graficacroquis.com.ar\/en\/wp-json\/wp\/v2\/pages\/3979\/revisions"}],"predecessor-version":[{"id":3985,"href":"https:\/\/graficacroquis.com.ar\/en\/wp-json\/wp\/v2\/pages\/3979\/revisions\/3985"}],"wp:attachment":[{"href":"https:\/\/graficacroquis.com.ar\/en\/wp-json\/wp\/v2\/media?parent=3979"}],"curies":[{"name":"wp","href":"https:\/\/api.w.org\/{rel}","templated":true}]}}