{"id":1415,"date":"2020-01-30T04:02:58","date_gmt":"2020-01-30T07:02:58","guid":{"rendered":"https:\/\/graficacroquis.com.ar\/?page_id=1415"},"modified":"2025-01-07T17:38:40","modified_gmt":"2025-01-07T20:38:40","slug":"preguntas-frecuentes","status":"publish","type":"page","link":"https:\/\/graficacroquis.com.ar\/en\/preguntas-frecuentes\/","title":{"rendered":"Preguntas Frecuentes"},"content":{"rendered":"<div class=\"wpb-content-wrapper\"><div class=\"vc_row wpb_row vc_row-fluid\"><div class=\"wpb_column vc_column_container vc_col-sm-12 sc_layouts_column_icons_position_left\"><div class=\"vc_column-inner\"><div class=\"wpb_wrapper\"><div class=\"sc_layouts sc_layouts_default sc_layouts_4270\"><div class=\"vc_row wpb_row vc_row-fluid\"><div class=\"wpb_column vc_column_container vc_col-sm-12 sc_layouts_column_icons_position_left\"><div class=\"vc_column-inner\"><div class=\"wpb_wrapper\"><div class=\"vc_row wpb_row vc_inner vc_row-fluid\"><div class=\"wpb_column vc_column_container vc_col-sm-12 vc_col-md-8 sc_layouts_column_icons_position_left\"><div class=\"vc_column-inner\"><div class=\"wpb_wrapper\"><div id=\"sc_content_1016792434\"\n\t\tclass=\"sc_content color_style_default sc_content_tbordered sc_content_width_60p sc_float_left\"><div class=\"sc_content_container\"><div  class=\"vc_wp_text wpb_content_element\"><div class=\"widget widget_text\">\t\t\t<div class=\"textwidget\"><div style=\"width: 352px;\" class=\"wp-video\"><video class=\"wp-video-shortcode\" id=\"video-0-1\" preload=\"metadata\" controls=\"controls\"><source type=\"video\/mp4\" src=\"https:\/\/graficacroquis.com.ar\/wp-content\/uploads\/2020\/02\/video-tags.mp4?_=1\" \/><a href=\"https:\/\/graficacroquis.com.ar\/wp-content\/uploads\/2020\/02\/video-tags.mp4\">https:\/\/graficacroquis.com.ar\/wp-content\/uploads\/2020\/02\/video-tags.mp4<\/a><\/video><\/div>\n<\/div>\n\t\t<\/div><\/div><div class=\"fb_like wpb_content_element fb_type_standard wpb_content_element\" ><iframe src=\"https:\/\/www.facebook.com\/plugins\/like.php?href=https:\/\/graficacroquis.com.ar\/en\/layouts\/grc-faq-ii\/&amp;layout=standard&amp;show_faces=false&amp;action=like&amp;colorscheme=light\" scrolling=\"no\" frameborder=\"0\" allowtransparency=\"true\"><\/iframe><\/div><\/div><\/div><!-- \/.sc_content --><\/div><\/div><\/div><div class=\"wpb_column vc_column_container vc_col-sm-12 vc_col-md-4 sc_layouts_column_icons_position_left\"><div class=\"vc_column-inner\"><div class=\"wpb_wrapper\"><div id=\"sc_content_1835110995\"\n\t\tclass=\"sc_content color_style_default sc_content_default sc_content_width_2_3 sc_float_center sc_padding_large sc_shift_x_large_negative sc_shift_y_large  vc_custom_1507904583710\"><div class=\"sc_content_container\"><div class=\"vc_tta-container\" data-vc-action=\"collapse\"><div class=\"vc_general vc_tta vc_tta-accordion vc_tta-color-grey vc_tta-style-classic vc_tta-shape-rounded vc_tta-o-shape-group vc_tta-controls-align-default\"><div class=\"vc_tta-panels-container\"><div class=\"vc_tta-panels\"><div class=\"vc_tta-panel vc_active\" id=\"1498229796670-62f1741d-e095\" data-vc-content=\".vc_tta-panel-body\"><div class=\"vc_tta-panel-heading\"><h4 class=\"vc_tta-panel-title vc_tta-controls-icon-position-left\"><a href=\"#1498229796670-62f1741d-e095\" data-vc-accordion data-vc-container=\".vc_tta-container\"><span class=\"vc_tta-title-text\">\u00bfQu\u00e9 incluyen nuestros servicios de impresi\u00f3n?<\/span><i class=\"vc_tta-controls-icon vc_tta-controls-icon-chevron\"><\/i><\/a><\/h4><\/div><div class=\"vc_tta-panel-body\">\n\t<div class=\"wpb_text_column wpb_content_element\" >\n\t\t<div class=\"wpb_wrapper\">\n\t\t\t<h4>Realizamos impresiones:<\/h4>\n<p>&nbsp;<\/p>\n<ul>\n<li>Offset fotocrom\u00eda<\/li>\n<li>Volantes y folletos<\/li>\n<li>Imprenta autorizada AFIP:Facturas, remitos y recibos<\/li>\n<li>Hojas membretes, impresi\u00f3n de sobres y planillas<\/li>\n<li>Autohadesivos<\/li>\n<li>Gr\u00e1fica digital full color en pliegos hasta 300 grs<\/li>\n<li>Imprenta r\u00e1pida sin cantidades minimas<\/li>\n<li>Duplicaciones<\/li>\n<li>Fotocopias blanco y negro<\/li>\n<li>Anillados<\/li>\n<li>Plastificados<\/li>\n<li>Terminacion: Compaginado, doblado y abrochado<\/li>\n<\/ul>\n\n\t\t<\/div>\n\t<\/div>\n<\/div><\/div><div class=\"vc_tta-panel\" id=\"1498229796687-e8d0d8e9-5f54\" data-vc-content=\".vc_tta-panel-body\"><div class=\"vc_tta-panel-heading\"><h4 class=\"vc_tta-panel-title vc_tta-controls-icon-position-left\"><a href=\"#1498229796687-e8d0d8e9-5f54\" data-vc-accordion data-vc-container=\".vc_tta-container\"><span class=\"vc_tta-title-text\">\u00bfQu\u00e9 significa impresi\u00f3n digital?<\/span><i class=\"vc_tta-controls-icon vc_tta-controls-icon-chevron\"><\/i><\/a><\/h4><\/div><div class=\"vc_tta-panel-body\">\n\t<div class=\"wpb_text_column wpb_content_element\" >\n\t\t<div class=\"wpb_wrapper\">\n\t\t\t<div class=\"mod\" lang=\"es-AR\" data-md=\"61\">\n<div class=\"LGOjhe\" role=\"heading\" aria-level=\"3\" data-attrid=\"wa:\/description\" data-hveid=\"CA0QAw\"><span class=\"ILfuVd\"><span class=\"e24Kjd\">La\u00a0<b>impresi\u00f3n digital<\/b>\u00a0es un proceso que consiste en la\u00a0<b>impresi\u00f3n<\/b>\u00a0directa de un archivo\u00a0<b>digital<\/b>\u00a0a papel u otros materiales por diversos medios, siendo el m\u00e1s com\u00fan la tinta en\u00a0<b>impresora<\/b>\u00a0de inyecci\u00f3n de tinta (cartuchos), y t\u00f3ner en\u00a0<b>impresora<\/b> l\u00e1ser.<\/span><\/span><\/div>\n<\/div>\n\n\t\t<\/div>\n\t<\/div>\n<\/div><\/div><div class=\"vc_tta-panel\" id=\"1498229877361-525a8c30-5447\" data-vc-content=\".vc_tta-panel-body\"><div class=\"vc_tta-panel-heading\"><h4 class=\"vc_tta-panel-title vc_tta-controls-icon-position-left\"><a href=\"#1498229877361-525a8c30-5447\" data-vc-accordion data-vc-container=\".vc_tta-container\"><span class=\"vc_tta-title-text\">\u00bfC\u00f3mo puedo obtener mi trabajo una vez finalizado?<\/span><i class=\"vc_tta-controls-icon vc_tta-controls-icon-chevron\"><\/i><\/a><\/h4><\/div><div class=\"vc_tta-panel-body\">\n\t<div class=\"wpb_text_column wpb_content_element\" >\n\t\t<div class=\"wpb_wrapper\">\n\t\t\t<p>Pod\u00e9s retirarlo por nuestro local ubicado en Juan B. Justo 46, Beccar, Partido de San Isidro o enviarnos tu direcci\u00f3n para poder <strong>cotizar<\/strong> tu env\u00edo.<\/p>\n\n\t\t<\/div>\n\t<\/div>\n<\/div><\/div><div class=\"vc_tta-panel\" id=\"1498229876642-d53c6810-e557\" data-vc-content=\".vc_tta-panel-body\"><div class=\"vc_tta-panel-heading\"><h4 class=\"vc_tta-panel-title vc_tta-controls-icon-position-left\"><a href=\"#1498229876642-d53c6810-e557\" data-vc-accordion data-vc-container=\".vc_tta-container\"><span class=\"vc_tta-title-text\">\u00bfPuedo obtener una cotizaci\u00f3n por mi trabajo de impresi\u00f3n?<\/span><i class=\"vc_tta-controls-icon vc_tta-controls-icon-chevron\"><\/i><\/a><\/h4><\/div><div class=\"vc_tta-panel-body\">\n\t<div class=\"wpb_text_column wpb_content_element\" >\n\t\t<div class=\"wpb_wrapper\">\n\t\t\t<p>Afirmativo. Ingresando a nuestra secci\u00f3n de <strong><a href=\"https:\/\/graficacroquis.com.ar\/en\/contacto\/\" target=\"_blank\" rel=\"noopener noreferrer\">Contacto<\/a><\/strong> y completando el formulario adjunto o bien a nuestro whatsapp directo en pantalla.<\/p>\n\n\t\t<\/div>\n\t<\/div>\n<\/div><\/div><div class=\"vc_tta-panel\" id=\"1498229875480-17ea7456-01c2\" data-vc-content=\".vc_tta-panel-body\"><div class=\"vc_tta-panel-heading\"><h4 class=\"vc_tta-panel-title vc_tta-controls-icon-position-left\"><a href=\"#1498229875480-17ea7456-01c2\" data-vc-accordion data-vc-container=\".vc_tta-container\"><span class=\"vc_tta-title-text\">\u00bfPueden asistirme o realizar directamente el dise\u00f1o de mis trabajos de impresi\u00f3n ?<\/span><i class=\"vc_tta-controls-icon vc_tta-controls-icon-chevron\"><\/i><\/a><\/h4><\/div><div class=\"vc_tta-panel-body\">\n\t<div class=\"wpb_text_column wpb_content_element\" >\n\t\t<div class=\"wpb_wrapper\">\n\t\t\t<p>Si. Todo lo que ten\u00e9s que hacer es seleccionar el producto que est\u00e9s necesitando (Ej. Tarjetas Personales), y una vez en la secci\u00f3n del producto bajo el apartado de Dise\u00f1o podr\u00e1s seleccionar si cont\u00e1s o no con un dise\u00f1o. Una vez realizado el pedido te contactaremos desde el \u00e1rea de dise\u00f1o para continuar con el proceso. Realizaremos una primer versi\u00f3n para que valides y luego se imprimir\u00e1 la versi\u00f3n final validada.<\/p>\n<p><span style=\"text-decoration: underline;\">Este trabajo tiene un costo adicional.<\/span> Cuando solicitas que te realicemos el dise\u00f1o, el tiempo de impresi\u00f3n se cuenta a partir de la finalizaci\u00f3n del mismo.<\/p>\n\n\t\t<\/div>\n\t<\/div>\n<\/div><\/div><div class=\"vc_tta-panel\" id=\"1498229873197-4fe7bde1-90ec\" data-vc-content=\".vc_tta-panel-body\"><div class=\"vc_tta-panel-heading\"><h4 class=\"vc_tta-panel-title vc_tta-controls-icon-position-left\"><a href=\"#1498229873197-4fe7bde1-90ec\" data-vc-accordion data-vc-container=\".vc_tta-container\"><span class=\"vc_tta-title-text\">\u00bfEl tiempo de entrega con dise\u00f1o c\u00f3mo se calcula?<\/span><i class=\"vc_tta-controls-icon vc_tta-controls-icon-chevron\"><\/i><\/a><\/h4><\/div><div class=\"vc_tta-panel-body\">\n\t<div class=\"wpb_text_column wpb_content_element\" >\n\t\t<div class=\"wpb_wrapper\">\n\t\t\t<p>En cada producto encontrar\u00e1s el tiempo de entrega con o sin dise\u00f1o. Cuando solicitas que te realicemos el dise\u00f1o, el tiempo de impresi\u00f3n se cuenta a partir de la finalizaci\u00f3n del mismo.<\/p>\n\n\t\t<\/div>\n\t<\/div>\n<\/div><\/div><div class=\"vc_tta-panel\" id=\"1581572781475-78d01eac-c841\" data-vc-content=\".vc_tta-panel-body\"><div class=\"vc_tta-panel-heading\"><h4 class=\"vc_tta-panel-title vc_tta-controls-icon-position-left\"><a href=\"#1581572781475-78d01eac-c841\" data-vc-accordion data-vc-container=\".vc_tta-container\"><span class=\"vc_tta-title-text\">\u00bfCuentan con un servicio de escaneo de documentos?<\/span><i class=\"vc_tta-controls-icon vc_tta-controls-icon-chevron\"><\/i><\/a><\/h4><\/div><div class=\"vc_tta-panel-body\">\n\t<div class=\"wpb_text_column wpb_content_element\" >\n\t\t<div class=\"wpb_wrapper\">\n\t\t\t<p>Efectivamente, podes enviarnos cualquier tipo de documento, lo escanearemos conforme a tus necesidades.<\/p>\n\n\t\t<\/div>\n\t<\/div>\n<\/div><\/div><div class=\"vc_tta-panel\" id=\"1581572819524-f0506be5-51e4\" data-vc-content=\".vc_tta-panel-body\"><div class=\"vc_tta-panel-heading\"><h4 class=\"vc_tta-panel-title vc_tta-controls-icon-position-left\"><a href=\"#1581572819524-f0506be5-51e4\" data-vc-accordion data-vc-container=\".vc_tta-container\"><span class=\"vc_tta-title-text\">\u00bfC\u00f3mo enviar archivos?<\/span><i class=\"vc_tta-controls-icon vc_tta-controls-icon-chevron\"><\/i><\/a><\/h4><\/div><div class=\"vc_tta-panel-body\">\n\t<div class=\"wpb_text_column wpb_content_element\" >\n\t\t<div class=\"wpb_wrapper\">\n\t\t\t<h4><span class=\"date\"><em class=\"day\">1.\u00a0<\/em><\/span>Respetar las medidas est\u00e1ndar<\/h4>\n<p>&nbsp;<\/p>\n<ul>\n<li>Todos los trabajos tienen una medida espec\u00edfica con demas\u00eda inclu\u00edda.<\/li>\n<li>No deje objetos fuera del \u00e1rea de trabajo (Artboard).<\/li>\n<li>Si posee im\u00e1genes que exceden el tama\u00f1o de la pieza gr\u00e1fica, no las esmascare, c\u00f3rtelas.<\/li>\n<\/ul>\n<p>&nbsp;<\/p>\n<h4><span class=\"date\"><em class=\"day\">2.\u00a0<\/em><\/span>Convertir tipograf\u00edas a curvas<\/h4>\n<p>&nbsp;<\/p>\n<ul>\n<li>En Adobe Illustrator seleccionar todas las tipograf\u00edas y transformarlas a curvas.<\/li>\n<li>Los textos en negro (K - Black) utilizar s\u00f3lo tinte negro sin mezclas de CMY.<\/li>\n<\/ul>\n<p>&nbsp;<\/p>\n<h4><span class=\"date\"><em class=\"day\">3.\u00a0<\/em><\/span>Si usted trabaja en CorelDraw<\/h4>\n<p>&nbsp;<\/p>\n<ul>\n<li>Exportar como *.JPG o *.TIFF a 300 DPI en CMYK el trabajo.<\/li>\n<li>El Corel trabaja visualmente en RGB, los colores de la paleta no son los que saldr\u00e1n impresos. Chequee la composici\u00f3n CMYK para evitar malos entendidos con los tonos.<\/li>\n<\/ul>\n<p>&nbsp;<\/p>\n<p>&nbsp;<\/p>\n<h4><span class=\"date\"><em class=\"day\">4.\u00a0<\/em><\/span>Adjunte imagenes a 300 DPI<\/h4>\n<p>&nbsp;<\/p>\n<ul>\n<li>No enlace ni linkee las im\u00e1genes. Incr\u00fastelas o emb\u00e9balas en el archivo.<\/li>\n<li>No enmascare im\u00e1genes que excedan el tama\u00f1o del trabajo, c\u00f3rtelas a la medida que ser\u00e1n aplicadas.<\/li>\n<\/ul>\n<p>&nbsp;<\/p>\n<p>&nbsp;<\/p>\n<h4>Para fondos plenos en negro<\/h4>\n<p>&nbsp;<\/p>\n<ul>\n<li>C: 60%<\/li>\n<li>M: 20%<\/li>\n<li>Y: 0%<\/li>\n<li>K: 100%<\/li>\n<\/ul>\n<p>&nbsp;<\/p>\n\n\t\t<\/div>\n\t<\/div>\n<\/div><\/div><div class=\"vc_tta-panel\" id=\"1581573097635-f24daf97-6b8d\" data-vc-content=\".vc_tta-panel-body\"><div class=\"vc_tta-panel-heading\"><h4 class=\"vc_tta-panel-title vc_tta-controls-icon-position-left\"><a href=\"#1581573097635-f24daf97-6b8d\" data-vc-accordion data-vc-container=\".vc_tta-container\"><span class=\"vc_tta-title-text\">\u00bfDebo trabajar todo en alg\u00fan formato espec\u00edfico?<\/span><i class=\"vc_tta-controls-icon vc_tta-controls-icon-chevron\"><\/i><\/a><\/h4><\/div><div class=\"vc_tta-panel-body\">\n\t<div class=\"wpb_text_column wpb_content_element\" >\n\t\t<div class=\"wpb_wrapper\">\n\t\t\t<p>Es ideal trabajar en los archivos los colores CMYK para materiales impresos como flyers, poster, tarjetas personales, carteles, vinilos , etc.<br \/>\nEl formato de color RGB es el correcto para usar en monitores de ordenadores, p\u00e1ginas webs, televisi\u00f3n, es decir, soportes digitales.<\/p>\n\n\t\t<\/div>\n\t<\/div>\n<\/div><\/div><div class=\"vc_tta-panel\" id=\"1581573093077-93a6c889-c70e\" data-vc-content=\".vc_tta-panel-body\"><div class=\"vc_tta-panel-heading\"><h4 class=\"vc_tta-panel-title vc_tta-controls-icon-position-left\"><a href=\"#1581573093077-93a6c889-c70e\" data-vc-accordion data-vc-container=\".vc_tta-container\"><span class=\"vc_tta-title-text\">\u00bfCu\u00e1les son los requisitos para ordenar comprobantes AFIP?<\/span><i class=\"vc_tta-controls-icon vc_tta-controls-icon-chevron\"><\/i><\/a><\/h4><\/div><div class=\"vc_tta-panel-body\">\n\t<div class=\"wpb_text_column wpb_content_element\" >\n\t\t<div class=\"wpb_wrapper\">\n\t\t\t<p>Si vas a imprimir por primera vez con nosotros:<br \/>\nCopia del formulario de inscripci\u00f3n CUIT (monotributo \/ responsable inscripto \/ exento).<br \/>\nCopia del formulario inscripci\u00f3n ante ingresos brutos (convenio multilateral \/ r\u00e9gimen simplificado \/ exento \/ etc.).<br \/>\nFecha de inicio de actividades y datos comerciales a incluir. Numeraci\u00f3n requerida (a los responsables inscriptos la numeraci\u00f3n la solicitamos mediante la autorizaci\u00f3n a AFIP).<\/p>\n\n\t\t<\/div>\n\t<\/div>\n<\/div><\/div><\/div><\/div><\/div><\/div><div class=\"vc_empty_space  height_medium\"   style=\"height: 32px\"><span class=\"vc_empty_space_inner\"><\/span><\/div><a href=\"https:\/\/graficacroquis.com.ar\/en\/servicios-graficos-imprenta\/\" id=\"sc_button_901204380\" class=\"sc_button color_style_default sc_button_default sc_button_size_large sc_button_icon_left\"><span class=\"sc_button_text\"><span class=\"sc_button_title\">Ver todos los servicios<\/span><\/span><!-- \/.sc_button_text --><\/a><!-- \/.sc_button --><\/div><\/div><!-- \/.sc_content --><\/div><\/div><\/div><\/div><\/div><\/div><\/div><\/div><\/div><\/div><\/div><\/div><\/div>\n<\/div>","protected":false},"excerpt":{"rendered":"https:\/\/graficacroquis.com.ar\/wp-content\/uploads\/2020\/02\/video-tags.mp4 \u00bfQu\u00e9 incluyen nuestros servicios de impresi\u00f3n? Realizamos impresiones: &nbsp; Offset fotocrom\u00eda Volantes y folletos Imprenta autorizada AFIP:Facturas, remitos y recibos Hojas membretes, impresi\u00f3n de sobres y planillas Autohadesivos Gr\u00e1fica digital full color en pliegos hasta 300 grs Imprenta r\u00e1pida&hellip;","protected":false},"author":1,"featured_media":0,"parent":0,"menu_order":0,"comment_status":"closed","ping_status":"closed","template":"","meta":{"_joinchat":[],"footnotes":""},"class_list":["post-1415","page","type-page","status-publish","hentry"],"yoast_head":"<!-- This site is optimized with the Yoast SEO plugin v27.1.1 - https:\/\/yoast.com\/product\/yoast-seo-wordpress\/ -->\n<title>Preguntas Frecuentes - Gr\u00e1fica Croquis<\/title>\n<meta name=\"description\" content=\"Respondemos las consultas m\u00e1s frecuentes sobre nuestros servicios gr\u00e1ficos, impresiones digitales y offset. Si no encontr\u00e1s tu respuesta aqu\u00ed, \u00a1contactanos directamente!\" \/>\n<meta name=\"robots\" content=\"index, follow, max-snippet:-1, max-image-preview:large, max-video-preview:-1\" \/>\n<link rel=\"canonical\" href=\"https:\/\/graficacroquis.com.ar\/en\/preguntas-frecuentes\/\" \/>\n<meta property=\"og:locale\" content=\"en_US\" \/>\n<meta property=\"og:type\" content=\"article\" \/>\n<meta property=\"og:title\" content=\"Preguntas Frecuentes - Gr\u00e1fica Croquis\" \/>\n<meta property=\"og:description\" content=\"Respondemos las consultas m\u00e1s frecuentes sobre nuestros servicios gr\u00e1ficos, impresiones digitales y offset. Si no encontr\u00e1s tu respuesta aqu\u00ed, \u00a1contactanos directamente!\" \/>\n<meta property=\"og:url\" content=\"https:\/\/graficacroquis.com.ar\/en\/preguntas-frecuentes\/\" \/>\n<meta property=\"og:site_name\" content=\"Gr\u00e1fica Croquis\" \/>\n<meta property=\"article:publisher\" content=\"https:\/\/www.facebook.com\/pages\/category\/Printing-Service\/Grfica-Croquis-651710454881013\/\" \/>\n<meta property=\"article:modified_time\" content=\"2025-01-07T20:38:40+00:00\" \/>\n<meta name=\"twitter:card\" content=\"summary_large_image\" \/>\n<meta name=\"twitter:site\" content=\"@GCroquis\" \/>\n<meta name=\"twitter:label1\" content=\"Est. reading time\" \/>\n\t<meta name=\"twitter:data1\" content=\"4 minutes\" \/>\n<script type=\"application\/ld+json\" class=\"yoast-schema-graph\">{\"@context\":\"https:\/\/schema.org\",\"@graph\":[{\"@type\":\"WebPage\",\"@id\":\"https:\/\/graficacroquis.com.ar\/preguntas-frecuentes\/\",\"url\":\"https:\/\/graficacroquis.com.ar\/preguntas-frecuentes\/\",\"name\":\"Preguntas Frecuentes - Gr\u00e1fica Croquis\",\"isPartOf\":{\"@id\":\"https:\/\/graficacroquis.com.ar\/#website\"},\"datePublished\":\"2020-01-30T07:02:58+00:00\",\"dateModified\":\"2025-01-07T20:38:40+00:00\",\"description\":\"Respondemos las consultas m\u00e1s frecuentes sobre nuestros servicios gr\u00e1ficos, impresiones digitales y offset. Si no encontr\u00e1s tu respuesta aqu\u00ed, \u00a1contactanos directamente!\",\"breadcrumb\":{\"@id\":\"https:\/\/graficacroquis.com.ar\/preguntas-frecuentes\/#breadcrumb\"},\"inLanguage\":\"en-US\",\"potentialAction\":[{\"@type\":\"ReadAction\",\"target\":[\"https:\/\/graficacroquis.com.ar\/preguntas-frecuentes\/\"]}]},{\"@type\":\"BreadcrumbList\",\"@id\":\"https:\/\/graficacroquis.com.ar\/preguntas-frecuentes\/#breadcrumb\",\"itemListElement\":[{\"@type\":\"ListItem\",\"position\":1,\"name\":\"Home\",\"item\":\"https:\/\/graficacroquis.com.ar\/\"},{\"@type\":\"ListItem\",\"position\":2,\"name\":\"Preguntas Frecuentes\"}]},{\"@type\":\"WebSite\",\"@id\":\"https:\/\/graficacroquis.com.ar\/#website\",\"url\":\"https:\/\/graficacroquis.com.ar\/\",\"name\":\"Gr\u00e1fica Croquis\",\"description\":\"Imprenta offset, fotocopias, facturas, talonarios, anillados, encuadernacion, full color. Beccar, Buenos Aires.\",\"publisher\":{\"@id\":\"https:\/\/graficacroquis.com.ar\/#organization\"},\"potentialAction\":[{\"@type\":\"SearchAction\",\"target\":{\"@type\":\"EntryPoint\",\"urlTemplate\":\"https:\/\/graficacroquis.com.ar\/?s={search_term_string}\"},\"query-input\":{\"@type\":\"PropertyValueSpecification\",\"valueRequired\":true,\"valueName\":\"search_term_string\"}}],\"inLanguage\":\"en-US\"},{\"@type\":\"Organization\",\"@id\":\"https:\/\/graficacroquis.com.ar\/#organization\",\"name\":\"Gr\u00e1fica Croquis\",\"url\":\"https:\/\/graficacroquis.com.ar\/\",\"logo\":{\"@type\":\"ImageObject\",\"inLanguage\":\"en-US\",\"@id\":\"https:\/\/graficacroquis.com.ar\/#\/schema\/logo\/image\/\",\"url\":\"https:\/\/graficacroquis.com.ar\/wp-content\/uploads\/2020\/01\/cropped-grafica-croquis-logo-inicio.png\",\"contentUrl\":\"https:\/\/graficacroquis.com.ar\/wp-content\/uploads\/2020\/01\/cropped-grafica-croquis-logo-inicio.png\",\"width\":330,\"height\":156,\"caption\":\"Gr\u00e1fica Croquis\"},\"image\":{\"@id\":\"https:\/\/graficacroquis.com.ar\/#\/schema\/logo\/image\/\"},\"sameAs\":[\"https:\/\/www.facebook.com\/pages\/category\/Printing-Service\/Grfica-Croquis-651710454881013\/\",\"https:\/\/x.com\/GCroquis\",\"https:\/\/instagram.com\/graficacroquis?igshid=1mr4bte5w5mxi\"]}]}<\/script>\n<!-- \/ Yoast SEO plugin. -->","yoast_head_json":{"title":"Preguntas Frecuentes - Gr\u00e1fica Croquis","description":"Respondemos las consultas m\u00e1s frecuentes sobre nuestros servicios gr\u00e1ficos, impresiones digitales y offset. Si no encontr\u00e1s tu respuesta aqu\u00ed, \u00a1contactanos directamente!","robots":{"index":"index","follow":"follow","max-snippet":"max-snippet:-1","max-image-preview":"max-image-preview:large","max-video-preview":"max-video-preview:-1"},"canonical":"https:\/\/graficacroquis.com.ar\/en\/preguntas-frecuentes\/","og_locale":"en_US","og_type":"article","og_title":"Preguntas Frecuentes - Gr\u00e1fica Croquis","og_description":"Respondemos las consultas m\u00e1s frecuentes sobre nuestros servicios gr\u00e1ficos, impresiones digitales y offset. Si no encontr\u00e1s tu respuesta aqu\u00ed, \u00a1contactanos directamente!","og_url":"https:\/\/graficacroquis.com.ar\/en\/preguntas-frecuentes\/","og_site_name":"Gr\u00e1fica Croquis","article_publisher":"https:\/\/www.facebook.com\/pages\/category\/Printing-Service\/Grfica-Croquis-651710454881013\/","article_modified_time":"2025-01-07T20:38:40+00:00","twitter_card":"summary_large_image","twitter_site":"@GCroquis","twitter_misc":{"Est. reading time":"4 minutes"},"schema":{"@context":"https:\/\/schema.org","@graph":[{"@type":"WebPage","@id":"https:\/\/graficacroquis.com.ar\/preguntas-frecuentes\/","url":"https:\/\/graficacroquis.com.ar\/preguntas-frecuentes\/","name":"Preguntas Frecuentes - Gr\u00e1fica Croquis","isPartOf":{"@id":"https:\/\/graficacroquis.com.ar\/#website"},"datePublished":"2020-01-30T07:02:58+00:00","dateModified":"2025-01-07T20:38:40+00:00","description":"Respondemos las consultas m\u00e1s frecuentes sobre nuestros servicios gr\u00e1ficos, impresiones digitales y offset. Si no encontr\u00e1s tu respuesta aqu\u00ed, \u00a1contactanos directamente!","breadcrumb":{"@id":"https:\/\/graficacroquis.com.ar\/preguntas-frecuentes\/#breadcrumb"},"inLanguage":"en-US","potentialAction":[{"@type":"ReadAction","target":["https:\/\/graficacroquis.com.ar\/preguntas-frecuentes\/"]}]},{"@type":"BreadcrumbList","@id":"https:\/\/graficacroquis.com.ar\/preguntas-frecuentes\/#breadcrumb","itemListElement":[{"@type":"ListItem","position":1,"name":"Home","item":"https:\/\/graficacroquis.com.ar\/"},{"@type":"ListItem","position":2,"name":"Preguntas Frecuentes"}]},{"@type":"WebSite","@id":"https:\/\/graficacroquis.com.ar\/#website","url":"https:\/\/graficacroquis.com.ar\/","name":"Gr\u00e1fica Croquis","description":"Imprenta offset, fotocopias, facturas, talonarios, anillados, encuadernacion, full color. Beccar, Buenos Aires.","publisher":{"@id":"https:\/\/graficacroquis.com.ar\/#organization"},"potentialAction":[{"@type":"SearchAction","target":{"@type":"EntryPoint","urlTemplate":"https:\/\/graficacroquis.com.ar\/?s={search_term_string}"},"query-input":{"@type":"PropertyValueSpecification","valueRequired":true,"valueName":"search_term_string"}}],"inLanguage":"en-US"},{"@type":"Organization","@id":"https:\/\/graficacroquis.com.ar\/#organization","name":"Gr\u00e1fica Croquis","url":"https:\/\/graficacroquis.com.ar\/","logo":{"@type":"ImageObject","inLanguage":"en-US","@id":"https:\/\/graficacroquis.com.ar\/#\/schema\/logo\/image\/","url":"https:\/\/graficacroquis.com.ar\/wp-content\/uploads\/2020\/01\/cropped-grafica-croquis-logo-inicio.png","contentUrl":"https:\/\/graficacroquis.com.ar\/wp-content\/uploads\/2020\/01\/cropped-grafica-croquis-logo-inicio.png","width":330,"height":156,"caption":"Gr\u00e1fica Croquis"},"image":{"@id":"https:\/\/graficacroquis.com.ar\/#\/schema\/logo\/image\/"},"sameAs":["https:\/\/www.facebook.com\/pages\/category\/Printing-Service\/Grfica-Croquis-651710454881013\/","https:\/\/x.com\/GCroquis","https:\/\/instagram.com\/graficacroquis?igshid=1mr4bte5w5mxi"]}]}},"_links":{"self":[{"href":"https:\/\/graficacroquis.com.ar\/en\/wp-json\/wp\/v2\/pages\/1415","targetHints":{"allow":["GET"]}}],"collection":[{"href":"https:\/\/graficacroquis.com.ar\/en\/wp-json\/wp\/v2\/pages"}],"about":[{"href":"https:\/\/graficacroquis.com.ar\/en\/wp-json\/wp\/v2\/types\/page"}],"author":[{"embeddable":true,"href":"https:\/\/graficacroquis.com.ar\/en\/wp-json\/wp\/v2\/users\/1"}],"replies":[{"embeddable":true,"href":"https:\/\/graficacroquis.com.ar\/en\/wp-json\/wp\/v2\/comments?post=1415"}],"version-history":[{"count":11,"href":"https:\/\/graficacroquis.com.ar\/en\/wp-json\/wp\/v2\/pages\/1415\/revisions"}],"predecessor-version":[{"id":4271,"href":"https:\/\/graficacroquis.com.ar\/en\/wp-json\/wp\/v2\/pages\/1415\/revisions\/4271"}],"wp:attachment":[{"href":"https:\/\/graficacroquis.com.ar\/en\/wp-json\/wp\/v2\/media?parent=1415"}],"curies":[{"name":"wp","href":"https:\/\/api.w.org\/{rel}","templated":true}]}}